{"id":1019,"date":"2022-02-16T16:35:46","date_gmt":"2022-02-16T15:35:46","guid":{"rendered":"https:\/\/fk-designer.com\/?page_id=1019"},"modified":"2023-09-25T09:07:05","modified_gmt":"2023-09-25T08:07:05","slug":"route-des-epices","status":"publish","type":"page","link":"https:\/\/fk-designer.com\/index.php\/route-des-epices\/","title":{"rendered":"ROUTE DES EPICES"},"content":{"rendered":"\t\t<div data-elementor-type=\"wp-page\" data-elementor-id=\"1019\" class=\"elementor elementor-1019\">\n\t\t\t\t\t\t<section class=\"elementor-section elementor-top-section elementor-element elementor-element-2aa5d67a elementor-section-full_width elementor-section-height-default elementor-section-height-default\" data-id=\"2aa5d67a\" data-element_type=\"section\" data-e-type=\"section\" data-settings=\"{&quot;background_background&quot;:&quot;classic&quot;}\">\n\t\t\t\t\t\t<div class=\"elementor-container elementor-column-gap-no\">\n\t\t\t\t\t<div class=\"elementor-column elementor-col-100 elementor-top-column elementor-element elementor-element-691bb406\" data-id=\"691bb406\" data-element_type=\"column\" data-e-type=\"column\">\n\t\t\t<div class=\"elementor-widget-wrap elementor-element-populated\">\n\t\t\t\t\t\t<div class=\"elementor-element elementor-element-19f1a8a3 elementor-widget elementor-widget-heading\" data-id=\"19f1a8a3\" data-element_type=\"widget\" data-e-type=\"widget\" data-widget_type=\"heading.default\">\n\t\t\t\t<div class=\"elementor-widget-container\">\n\t\t\t\t\t<h1 class=\"elementor-heading-title elementor-size-default\">ROUTE DES EPICES<\/h1>\t\t\t\t<\/div>\n\t\t\t\t<\/div>\n\t\t\t\t<div class=\"elementor-element elementor-element-447893ba elementor-widget elementor-widget-heading\" data-id=\"447893ba\" data-element_type=\"widget\" data-e-type=\"widget\" data-widget_type=\"heading.default\">\n\t\t\t\t<div class=\"elementor-widget-container\">\n\t\t\t\t\t<h2 class=\"elementor-heading-title elementor-size-default\">Design Objet<\/h2>\t\t\t\t<\/div>\n\t\t\t\t<\/div>\n\t\t\t\t\t<\/div>\n\t\t<\/div>\n\t\t\t\t\t<\/div>\n\t\t<\/section>\n\t\t\t\t<section class=\"elementor-section elementor-top-section elementor-element elementor-element-1890da27 elementor-section-full_width elementor-section-stretched elementor-section-height-default elementor-section-height-default\" data-id=\"1890da27\" data-element_type=\"section\" data-e-type=\"section\" data-settings=\"{&quot;background_background&quot;:&quot;classic&quot;,&quot;stretch_section&quot;:&quot;section-stretched&quot;}\">\n\t\t\t\t\t\t<div class=\"elementor-container elementor-column-gap-no\">\n\t\t\t\t\t<div class=\"elementor-column elementor-col-50 elementor-top-column elementor-element elementor-element-27463685\" data-id=\"27463685\" data-element_type=\"column\" data-e-type=\"column\" data-settings=\"{&quot;background_background&quot;:&quot;classic&quot;}\">\n\t\t\t<div class=\"elementor-widget-wrap elementor-element-populated\">\n\t\t\t\t\t\t<section class=\"elementor-section elementor-inner-section elementor-element elementor-element-443dc30c elementor-section-boxed elementor-section-height-default elementor-section-height-default\" data-id=\"443dc30c\" data-element_type=\"section\" data-e-type=\"section\">\n\t\t\t\t\t\t<div class=\"elementor-container elementor-column-gap-no\">\n\t\t\t\t\t<div class=\"elementor-column elementor-col-100 elementor-inner-column elementor-element elementor-element-4f48fa1f\" data-id=\"4f48fa1f\" data-element_type=\"column\" data-e-type=\"column\">\n\t\t\t<div class=\"elementor-widget-wrap elementor-element-populated\">\n\t\t\t\t\t\t<div class=\"elementor-element elementor-element-29f42f8c elementor-widget elementor-widget-heading\" data-id=\"29f42f8c\" data-element_type=\"widget\" data-e-type=\"widget\" data-widget_type=\"heading.default\">\n\t\t\t\t<div class=\"elementor-widget-container\">\n\t\t\t\t\t<h2 class=\"elementor-heading-title elementor-size-default\">Enjeu<\/h2>\t\t\t\t<\/div>\n\t\t\t\t<\/div>\n\t\t\t\t<div class=\"elementor-element elementor-element-6e94941e elementor-widget elementor-widget-text-editor\" data-id=\"6e94941e\" data-element_type=\"widget\" data-e-type=\"widget\" data-widget_type=\"text-editor.default\">\n\t\t\t\t<div class=\"elementor-widget-container\">\n\t\t\t\t\t\t\t\t\t<p>Pour le compte d\u2019une start-up dans le domaine des articles m\u00e9nagers, ce projet consiste \u00e0 proposer une mise en forme d\u2019un doseur-m\u00e9langeur d\u2019\u00e9pices. Le design se doit d\u2019\u00eatre \u00e0 la fois <b>ergonomique<\/b>, compatible <b>techniquement <\/b>et <b>onirique<\/b>.<\/p>\n<p>Trois concepts ont d\u2019abord \u00e9t\u00e9 propos\u00e9s, dont les esquisses sont visibles ci-contre. L\u2019un fait la synth\u00e8se entre les orgues et le mat\u00e9riel scientifique, le second est inspir\u00e9 par les march\u00e9s aux \u00e9pices et les jukebox, le troisi\u00e8me par l\u2019histoire du commerce des \u00e9pices.<\/p>\t\t\t\t\t\t\t\t<\/div>\n\t\t\t\t<\/div>\n\t\t\t\t\t<\/div>\n\t\t<\/div>\n\t\t\t\t\t<\/div>\n\t\t<\/section>\n\t\t\t\t\t<\/div>\n\t\t<\/div>\n\t\t\t\t<div class=\"elementor-column elementor-col-50 elementor-top-column elementor-element elementor-element-593d64aa\" data-id=\"593d64aa\" data-element_type=\"column\" data-e-type=\"column\">\n\t\t\t<div class=\"elementor-widget-wrap elementor-element-populated\">\n\t\t\t\t\t\t<section class=\"elementor-section elementor-inner-section elementor-element elementor-element-3a30a707 elementor-section-full_width elementor-section-content-middle elementor-section-height-default elementor-section-height-default\" data-id=\"3a30a707\" data-element_type=\"section\" data-e-type=\"section\" data-settings=\"{&quot;background_background&quot;:&quot;classic&quot;}\">\n\t\t\t\t\t\t<div class=\"elementor-container elementor-column-gap-no\">\n\t\t\t\t\t<div class=\"elementor-column elementor-col-100 elementor-inner-column elementor-element elementor-element-b4349a5\" data-id=\"b4349a5\" data-element_type=\"column\" data-e-type=\"column\">\n\t\t\t<div class=\"elementor-widget-wrap elementor-element-populated\">\n\t\t\t\t\t\t<div class=\"elementor-element elementor-element-2f792c20 elementor-widget elementor-widget-image\" data-id=\"2f792c20\" data-element_type=\"widget\" data-e-type=\"widget\" data-widget_type=\"image.default\">\n\t\t\t\t<div class=\"elementor-widget-container\">\n\t\t\t\t\t\t\t\t\t\t\t\t\t\t\t<img fetchpriority=\"high\" decoding=\"async\" width=\"963\" height=\"1024\" src=\"https:\/\/fk-designer.com\/wp-content\/uploads\/2022\/02\/compact-spice-organ-drawing-scaled-e1645025795956-963x1024.jpg\" class=\"attachment-large size-large wp-image-1027\" alt=\"concept 1 l&#039;orgue aux \u00e9pices\" srcset=\"https:\/\/fk-designer.com\/wp-content\/uploads\/2022\/02\/compact-spice-organ-drawing-scaled-e1645025795956-963x1024.jpg 963w, https:\/\/fk-designer.com\/wp-content\/uploads\/2022\/02\/compact-spice-organ-drawing-scaled-e1645025795956-282x300.jpg 282w, https:\/\/fk-designer.com\/wp-content\/uploads\/2022\/02\/compact-spice-organ-drawing-scaled-e1645025795956-768x817.jpg 768w, https:\/\/fk-designer.com\/wp-content\/uploads\/2022\/02\/compact-spice-organ-drawing-scaled-e1645025795956-1445x1536.jpg 1445w, https:\/\/fk-designer.com\/wp-content\/uploads\/2022\/02\/compact-spice-organ-drawing-scaled-e1645025795956-500x532.jpg 500w, https:\/\/fk-designer.com\/wp-content\/uploads\/2022\/02\/compact-spice-organ-drawing-scaled-e1645025795956-800x851.jpg 800w, https:\/\/fk-designer.com\/wp-content\/uploads\/2022\/02\/compact-spice-organ-drawing-scaled-e1645025795956-1280x1361.jpg 1280w, https:\/\/fk-designer.com\/wp-content\/uploads\/2022\/02\/compact-spice-organ-drawing-scaled-e1645025795956.jpg 1721w\" sizes=\"(max-width: 963px) 100vw, 963px\" \/>\t\t\t\t\t\t\t\t\t\t\t\t\t\t\t<\/div>\n\t\t\t\t<\/div>\n\t\t\t\t\t<\/div>\n\t\t<\/div>\n\t\t\t\t\t<\/div>\n\t\t<\/section>\n\t\t\t\t\t<\/div>\n\t\t<\/div>\n\t\t\t\t\t<\/div>\n\t\t<\/section>\n\t\t\t\t<section class=\"elementor-section elementor-top-section elementor-element elementor-element-2e522b88 elementor-section-full_width elementor-section-height-default elementor-section-height-default\" data-id=\"2e522b88\" data-element_type=\"section\" data-e-type=\"section\" data-settings=\"{&quot;background_background&quot;:&quot;classic&quot;}\">\n\t\t\t\t\t\t<div class=\"elementor-container elementor-column-gap-no\">\n\t\t\t\t\t<div class=\"elementor-column elementor-col-100 elementor-top-column elementor-element elementor-element-12dbb06e\" data-id=\"12dbb06e\" data-element_type=\"column\" data-e-type=\"column\">\n\t\t\t<div class=\"elementor-widget-wrap elementor-element-populated\">\n\t\t\t\t\t\t<section class=\"elementor-section elementor-inner-section elementor-element elementor-element-fc00f2 elementor-section-boxed elementor-section-height-default elementor-section-height-default\" data-id=\"fc00f2\" data-element_type=\"section\" data-e-type=\"section\">\n\t\t\t\t\t\t<div class=\"elementor-container elementor-column-gap-default\">\n\t\t\t\t\t<div class=\"elementor-column elementor-col-50 elementor-inner-column elementor-element elementor-element-4177299e\" data-id=\"4177299e\" data-element_type=\"column\" data-e-type=\"column\">\n\t\t\t<div class=\"elementor-widget-wrap elementor-element-populated\">\n\t\t\t\t\t\t<div class=\"elementor-element elementor-element-13a36eaf elementor-widget elementor-widget-image\" data-id=\"13a36eaf\" data-element_type=\"widget\" data-e-type=\"widget\" data-widget_type=\"image.default\">\n\t\t\t\t<div class=\"elementor-widget-container\">\n\t\t\t\t\t\t\t\t\t\t\t\t\t\t\t<img decoding=\"async\" src=\"https:\/\/fk-designer.com\/wp-content\/uploads\/2022\/02\/my-spice-market-drawing-scaled-e1645025705671.jpeg\" title=\"my spice market drawing\" alt=\"concept 2 le march\u00e9 aux \u00e9pices\" loading=\"lazy\" \/>\t\t\t\t\t\t\t\t\t\t\t\t\t\t\t<\/div>\n\t\t\t\t<\/div>\n\t\t\t\t\t<\/div>\n\t\t<\/div>\n\t\t\t\t<div class=\"elementor-column elementor-col-50 elementor-inner-column elementor-element elementor-element-3ae37743\" data-id=\"3ae37743\" data-element_type=\"column\" data-e-type=\"column\">\n\t\t\t<div class=\"elementor-widget-wrap elementor-element-populated\">\n\t\t\t\t\t\t<div class=\"elementor-element elementor-element-5385392 elementor-widget elementor-widget-image\" data-id=\"5385392\" data-element_type=\"widget\" data-e-type=\"widget\" data-widget_type=\"image.default\">\n\t\t\t\t<div class=\"elementor-widget-container\">\n\t\t\t\t\t\t\t\t\t\t\t\t\t\t\t<img decoding=\"async\" width=\"1024\" height=\"979\" src=\"https:\/\/fk-designer.com\/wp-content\/uploads\/2022\/02\/globe-of-spice-scaled-e1645025824739-1024x979.jpeg\" class=\"attachment-large size-large wp-image-1029\" alt=\"concept 3 la route des \u00e9pices\" srcset=\"https:\/\/fk-designer.com\/wp-content\/uploads\/2022\/02\/globe-of-spice-scaled-e1645025824739-1024x979.jpeg 1024w, https:\/\/fk-designer.com\/wp-content\/uploads\/2022\/02\/globe-of-spice-scaled-e1645025824739-300x287.jpeg 300w, https:\/\/fk-designer.com\/wp-content\/uploads\/2022\/02\/globe-of-spice-scaled-e1645025824739-768x734.jpeg 768w, https:\/\/fk-designer.com\/wp-content\/uploads\/2022\/02\/globe-of-spice-scaled-e1645025824739-1536x1468.jpeg 1536w, https:\/\/fk-designer.com\/wp-content\/uploads\/2022\/02\/globe-of-spice-scaled-e1645025824739-500x478.jpeg 500w, https:\/\/fk-designer.com\/wp-content\/uploads\/2022\/02\/globe-of-spice-scaled-e1645025824739-800x765.jpeg 800w, https:\/\/fk-designer.com\/wp-content\/uploads\/2022\/02\/globe-of-spice-scaled-e1645025824739-1280x1224.jpeg 1280w, https:\/\/fk-designer.com\/wp-content\/uploads\/2022\/02\/globe-of-spice-scaled-e1645025824739.jpeg 1861w\" sizes=\"(max-width: 1024px) 100vw, 1024px\" \/>\t\t\t\t\t\t\t\t\t\t\t\t\t\t\t<\/div>\n\t\t\t\t<\/div>\n\t\t\t\t\t<\/div>\n\t\t<\/div>\n\t\t\t\t\t<\/div>\n\t\t<\/section>\n\t\t\t\t\t<\/div>\n\t\t<\/div>\n\t\t\t\t\t<\/div>\n\t\t<\/section>\n\t\t\t\t<section class=\"elementor-section elementor-top-section elementor-element elementor-element-257474c8 elementor-section-full_width elementor-section-stretched elementor-section-height-default elementor-section-height-default\" data-id=\"257474c8\" data-element_type=\"section\" data-e-type=\"section\" data-settings=\"{&quot;background_background&quot;:&quot;classic&quot;,&quot;stretch_section&quot;:&quot;section-stretched&quot;}\">\n\t\t\t\t\t\t<div class=\"elementor-container elementor-column-gap-no\">\n\t\t\t\t\t<div class=\"elementor-column elementor-col-50 elementor-top-column elementor-element elementor-element-743d5527\" data-id=\"743d5527\" data-element_type=\"column\" data-e-type=\"column\" data-settings=\"{&quot;background_background&quot;:&quot;classic&quot;}\">\n\t\t\t<div class=\"elementor-widget-wrap elementor-element-populated\">\n\t\t\t\t\t\t<section class=\"elementor-section elementor-inner-section elementor-element elementor-element-6d4b292d elementor-section-boxed elementor-section-height-default elementor-section-height-default\" data-id=\"6d4b292d\" data-element_type=\"section\" data-e-type=\"section\">\n\t\t\t\t\t\t<div class=\"elementor-container elementor-column-gap-no\">\n\t\t\t\t\t<div class=\"elementor-column elementor-col-100 elementor-inner-column elementor-element elementor-element-100a7b1d\" data-id=\"100a7b1d\" data-element_type=\"column\" data-e-type=\"column\">\n\t\t\t<div class=\"elementor-widget-wrap elementor-element-populated\">\n\t\t\t\t\t\t<div class=\"elementor-element elementor-element-2daff4b6 elementor-widget elementor-widget-heading\" data-id=\"2daff4b6\" data-element_type=\"widget\" data-e-type=\"widget\" data-widget_type=\"heading.default\">\n\t\t\t\t<div class=\"elementor-widget-container\">\n\t\t\t\t\t<h2 class=\"elementor-heading-title elementor-size-default\">Projet<\/h2>\t\t\t\t<\/div>\n\t\t\t\t<\/div>\n\t\t\t\t<div class=\"elementor-element elementor-element-675c4c3b elementor-widget elementor-widget-text-editor\" data-id=\"675c4c3b\" data-element_type=\"widget\" data-e-type=\"widget\" data-widget_type=\"text-editor.default\">\n\t\t\t\t<div class=\"elementor-widget-container\">\n\t\t\t\t\t\t\t\t\t<p>C\u2019est le dernier projet \u2013 la route des \u00e9pices \u2013 qui a \u00e9t\u00e9 choisi, sa forme sph\u00e9rique peu anodine est une r\u00e9f\u00e9rence directe \u00e0 notre <b>globe<\/b>, et aux trajets des \u00e9pices \u00e0 la surface de celui-ci. Mais l\u2019int\u00e9r\u00eat de cette forme n\u2019est pas qu\u2019esth\u00e9tique&nbsp;: en tournant autour de son axe, la partie doseuse fait elle aussi un tour du monde, d\u00e9versant ainsi la quantit\u00e9 requise de chaque \u00e9pice, afin que celle-ci soit moulue et m\u00e9lang\u00e9e, avant d\u2019\u00eatre d\u00e9vers\u00e9e dans un contenant. La manipulation se veut <b>simple<\/b>, les mat\u00e9riaux sont <b>nobles<\/b>, et la mise en action du dispositif est aussi <b>m\u00e9taphorique qu\u2019efficace<\/b>.<\/p>\t\t\t\t\t\t\t\t<\/div>\n\t\t\t\t<\/div>\n\t\t\t\t\t<\/div>\n\t\t<\/div>\n\t\t\t\t\t<\/div>\n\t\t<\/section>\n\t\t\t\t\t<\/div>\n\t\t<\/div>\n\t\t\t\t<div class=\"elementor-column elementor-col-50 elementor-top-column elementor-element elementor-element-22aa796e\" data-id=\"22aa796e\" data-element_type=\"column\" data-e-type=\"column\">\n\t\t\t<div class=\"elementor-widget-wrap elementor-element-populated\">\n\t\t\t\t\t\t<section class=\"elementor-section elementor-inner-section elementor-element elementor-element-4d3606c2 elementor-section-full_width elementor-section-content-middle elementor-section-height-default elementor-section-height-default\" data-id=\"4d3606c2\" data-element_type=\"section\" data-e-type=\"section\" data-settings=\"{&quot;background_background&quot;:&quot;classic&quot;}\">\n\t\t\t\t\t\t<div class=\"elementor-container elementor-column-gap-no\">\n\t\t\t\t\t<div class=\"elementor-column elementor-col-100 elementor-inner-column elementor-element elementor-element-2f6234ca\" data-id=\"2f6234ca\" data-element_type=\"column\" data-e-type=\"column\">\n\t\t\t<div class=\"elementor-widget-wrap elementor-element-populated\">\n\t\t\t\t\t\t<div class=\"elementor-element elementor-element-19bff755 elementor-widget elementor-widget-image\" data-id=\"19bff755\" data-element_type=\"widget\" data-e-type=\"widget\" data-widget_type=\"image.default\">\n\t\t\t\t<div class=\"elementor-widget-container\">\n\t\t\t\t\t\t\t\t\t\t\t\t\t\t\t<img decoding=\"async\" width=\"1024\" height=\"544\" src=\"https:\/\/fk-designer.com\/wp-content\/uploads\/2022\/02\/1280x680_gettyimages-554929245-1024x544.jpg\" class=\"attachment-large size-large wp-image-1028\" alt=\"images d&#039;\u00e9pices de diff\u00e9rentes vari\u00e9t\u00e9s\" srcset=\"https:\/\/fk-designer.com\/wp-content\/uploads\/2022\/02\/1280x680_gettyimages-554929245-1024x544.jpg 1024w, https:\/\/fk-designer.com\/wp-content\/uploads\/2022\/02\/1280x680_gettyimages-554929245-300x159.jpg 300w, https:\/\/fk-designer.com\/wp-content\/uploads\/2022\/02\/1280x680_gettyimages-554929245-768x408.jpg 768w, https:\/\/fk-designer.com\/wp-content\/uploads\/2022\/02\/1280x680_gettyimages-554929245-500x266.jpg 500w, https:\/\/fk-designer.com\/wp-content\/uploads\/2022\/02\/1280x680_gettyimages-554929245-800x425.jpg 800w, https:\/\/fk-designer.com\/wp-content\/uploads\/2022\/02\/1280x680_gettyimages-554929245.jpg 1280w\" sizes=\"(max-width: 1024px) 100vw, 1024px\" \/>\t\t\t\t\t\t\t\t\t\t\t\t\t\t\t<\/div>\n\t\t\t\t<\/div>\n\t\t\t\t\t<\/div>\n\t\t<\/div>\n\t\t\t\t\t<\/div>\n\t\t<\/section>\n\t\t\t\t\t<\/div>\n\t\t<\/div>\n\t\t\t\t\t<\/div>\n\t\t<\/section>\n\t\t\t\t<section class=\"elementor-section elementor-top-section elementor-element elementor-element-308da828 elementor-section-full_width elementor-section-height-default elementor-section-height-default\" data-id=\"308da828\" data-element_type=\"section\" data-e-type=\"section\" data-settings=\"{&quot;background_background&quot;:&quot;classic&quot;}\">\n\t\t\t\t\t\t<div class=\"elementor-container elementor-column-gap-no\">\n\t\t\t\t\t<div class=\"elementor-column elementor-col-100 elementor-top-column elementor-element elementor-element-3f79b111\" data-id=\"3f79b111\" data-element_type=\"column\" data-e-type=\"column\">\n\t\t\t<div class=\"elementor-widget-wrap elementor-element-populated\">\n\t\t\t\t\t\t<section class=\"elementor-section elementor-inner-section elementor-element elementor-element-325a24a9 elementor-section-boxed elementor-section-height-default elementor-section-height-default\" data-id=\"325a24a9\" data-element_type=\"section\" data-e-type=\"section\">\n\t\t\t\t\t\t<div class=\"elementor-container elementor-column-gap-default\">\n\t\t\t\t\t<div class=\"elementor-column elementor-col-50 elementor-inner-column elementor-element elementor-element-7d8e22c8\" data-id=\"7d8e22c8\" data-element_type=\"column\" data-e-type=\"column\">\n\t\t\t<div class=\"elementor-widget-wrap elementor-element-populated\">\n\t\t\t\t\t\t<div class=\"elementor-element elementor-element-1fa53be7 elementor-widget elementor-widget-image\" data-id=\"1fa53be7\" data-element_type=\"widget\" data-e-type=\"widget\" data-widget_type=\"image.default\">\n\t\t\t\t<div class=\"elementor-widget-container\">\n\t\t\t\t\t\t\t\t\t\t\t\t\t\t\t<img decoding=\"async\" src=\"https:\/\/fk-designer.com\/wp-content\/uploads\/2022\/02\/Route-of-spice-V5-Drawing-v1.svg\" title=\"Route of spice V5 Drawing v1\" alt=\"dessin technique route des \u00e9pices\" loading=\"lazy\" \/>\t\t\t\t\t\t\t\t\t\t\t\t\t\t\t<\/div>\n\t\t\t\t<\/div>\n\t\t\t\t\t<\/div>\n\t\t<\/div>\n\t\t\t\t<div class=\"elementor-column elementor-col-50 elementor-inner-column elementor-element elementor-element-63073ca7\" data-id=\"63073ca7\" data-element_type=\"column\" data-e-type=\"column\">\n\t\t\t<div class=\"elementor-widget-wrap elementor-element-populated\">\n\t\t\t\t\t\t<div class=\"elementor-element elementor-element-21295e15 elementor-widget elementor-widget-image\" data-id=\"21295e15\" data-element_type=\"widget\" data-e-type=\"widget\" data-widget_type=\"image.default\">\n\t\t\t\t<div class=\"elementor-widget-container\">\n\t\t\t\t\t\t\t\t\t\t\t\t\t\t\t<img loading=\"lazy\" decoding=\"async\" width=\"1456\" height=\"773\" src=\"https:\/\/fk-designer.com\/wp-content\/uploads\/2022\/02\/Route_of_spice_V5_2022-Feb-16_03-13-50PM-000_CustomizedView6874402853.png\" class=\"attachment-1536x1536 size-1536x1536 wp-image-1022\" alt=\"mis en situation du moulin \u00e0 \u00e9pices dans la cuisine\" srcset=\"https:\/\/fk-designer.com\/wp-content\/uploads\/2022\/02\/Route_of_spice_V5_2022-Feb-16_03-13-50PM-000_CustomizedView6874402853.png 1456w, https:\/\/fk-designer.com\/wp-content\/uploads\/2022\/02\/Route_of_spice_V5_2022-Feb-16_03-13-50PM-000_CustomizedView6874402853-300x159.png 300w, https:\/\/fk-designer.com\/wp-content\/uploads\/2022\/02\/Route_of_spice_V5_2022-Feb-16_03-13-50PM-000_CustomizedView6874402853-1024x544.png 1024w, https:\/\/fk-designer.com\/wp-content\/uploads\/2022\/02\/Route_of_spice_V5_2022-Feb-16_03-13-50PM-000_CustomizedView6874402853-768x408.png 768w, https:\/\/fk-designer.com\/wp-content\/uploads\/2022\/02\/Route_of_spice_V5_2022-Feb-16_03-13-50PM-000_CustomizedView6874402853-500x265.png 500w, https:\/\/fk-designer.com\/wp-content\/uploads\/2022\/02\/Route_of_spice_V5_2022-Feb-16_03-13-50PM-000_CustomizedView6874402853-800x425.png 800w, https:\/\/fk-designer.com\/wp-content\/uploads\/2022\/02\/Route_of_spice_V5_2022-Feb-16_03-13-50PM-000_CustomizedView6874402853-1280x680.png 1280w\" sizes=\"(max-width: 1456px) 100vw, 1456px\" \/>\t\t\t\t\t\t\t\t\t\t\t\t\t\t\t<\/div>\n\t\t\t\t<\/div>\n\t\t\t\t\t<\/div>\n\t\t<\/div>\n\t\t\t\t\t<\/div>\n\t\t<\/section>\n\t\t\t\t\t<\/div>\n\t\t<\/div>\n\t\t\t\t\t<\/div>\n\t\t<\/section>\n\t\t\t\t<\/div>\n\t\t","protected":false},"excerpt":{"rendered":"<p>ROUTE DES EPICES Design Objet Enjeu Pour le compte d\u2019une start-up dans le domaine des articles m\u00e9nagers, ce projet consiste \u00e0 proposer une mise en forme d\u2019un doseur-m\u00e9langeur d\u2019\u00e9pices. Le design se doit d\u2019\u00eatre \u00e0 la fois ergonomique, compatible techniquement et onirique. Trois concepts ont d\u2019abord \u00e9t\u00e9 propos\u00e9s, dont les esquisses sont visibles ci-contre. L\u2019un [&hellip;]<\/p>\n","protected":false},"author":1,"featured_media":1023,"parent":0,"menu_order":2,"comment_status":"closed","ping_status":"closed","template":"","meta":{"_seopress_robots_primary_cat":"","_seopress_titles_title":"Projet Route des \u00e9pices - FK DESIGNER","_seopress_titles_desc":"Un moulin - m\u00e9langeur - distributeur \u00e0 \u00e9pices inspir\u00e9 de l&#039;histoire du commerce des \u00e9pices","_seopress_robots_index":"","inline_featured_image":false,"site-sidebar-layout":"no-sidebar","site-content-layout":"page-builder","ast-site-content-layout":"","site-content-style":"default","site-sidebar-style":"default","ast-global-header-display":"","ast-banner-title-visibility":"","ast-main-header-display":"","ast-hfb-above-header-display":"","ast-hfb-below-header-display":"","ast-hfb-mobile-header-display":"","site-post-title":"disabled","ast-breadcrumbs-content":"","ast-featured-img":"disabled","footer-sml-layout":"","theme-transparent-header-meta":"","adv-header-id-meta":"","stick-header-meta":"","header-above-stick-meta":"","header-main-stick-meta":"","header-below-stick-meta":"","astra-migrate-meta-layouts":"default","ast-page-background-enabled":"default","ast-page-background-meta":{"desktop":{"background-color":"","background-image":"","background-repeat":"repeat","background-position":"center center","background-size":"auto","background-attachment":"scroll","background-type":"","background-media":"","overlay-type":"","overlay-color":"","overlay-opacity":"","overlay-gradient":""},"tablet":{"background-color":"","background-image":"","background-repeat":"repeat","background-position":"center center","background-size":"auto","background-attachment":"scroll","background-type":"","background-media":"","overlay-type":"","overlay-color":"","overlay-opacity":"","overlay-gradient":""},"mobile":{"background-color":"","background-image":"","background-repeat":"repeat","background-position":"center center","background-size":"auto","background-attachment":"scroll","background-type":"","background-media":"","overlay-type":"","overlay-color":"","overlay-opacity":"","overlay-gradient":""}},"ast-content-background-meta":{"desktop":{"background-color":"var(--ast-global-color-5)","background-image":"","background-repeat":"repeat","background-position":"center center","background-size":"auto","background-attachment":"scroll","background-type":"","background-media":"","overlay-type":"","overlay-color":"","overlay-opacity":"","overlay-gradient":""},"tablet":{"background-color":"var(--ast-global-color-5)","background-image":"","background-repeat":"repeat","background-position":"center center","background-size":"auto","background-attachment":"scroll","background-type":"","background-media":"","overlay-type":"","overlay-color":"","overlay-opacity":"","overlay-gradient":""},"mobile":{"background-color":"var(--ast-global-color-5)","background-image":"","background-repeat":"repeat","background-position":"center center","background-size":"auto","background-attachment":"scroll","background-type":"","background-media":"","overlay-type":"","overlay-color":"","overlay-opacity":"","overlay-gradient":""}},"_vp_format_video_url":"","_vp_image_focal_point":[],"footnotes":""},"categories":[23],"tags":[19],"class_list":["post-1019","page","type-page","status-publish","has-post-thumbnail","hentry","category-portfolio","tag-portfolio"],"_links":{"self":[{"href":"https:\/\/fk-designer.com\/index.php\/wp-json\/wp\/v2\/pages\/1019","targetHints":{"allow":["GET"]}}],"collection":[{"href":"https:\/\/fk-designer.com\/index.php\/wp-json\/wp\/v2\/pages"}],"about":[{"href":"https:\/\/fk-designer.com\/index.php\/wp-json\/wp\/v2\/types\/page"}],"author":[{"embeddable":true,"href":"https:\/\/fk-designer.com\/index.php\/wp-json\/wp\/v2\/users\/1"}],"replies":[{"embeddable":true,"href":"https:\/\/fk-designer.com\/index.php\/wp-json\/wp\/v2\/comments?post=1019"}],"version-history":[{"count":22,"href":"https:\/\/fk-designer.com\/index.php\/wp-json\/wp\/v2\/pages\/1019\/revisions"}],"predecessor-version":[{"id":1579,"href":"https:\/\/fk-designer.com\/index.php\/wp-json\/wp\/v2\/pages\/1019\/revisions\/1579"}],"wp:featuredmedia":[{"embeddable":true,"href":"https:\/\/fk-designer.com\/index.php\/wp-json\/wp\/v2\/media\/1023"}],"wp:attachment":[{"href":"https:\/\/fk-designer.com\/index.php\/wp-json\/wp\/v2\/media?parent=1019"}],"wp:term":[{"taxonomy":"category","embeddable":true,"href":"https:\/\/fk-designer.com\/index.php\/wp-json\/wp\/v2\/categories?post=1019"},{"taxonomy":"post_tag","embeddable":true,"href":"https:\/\/fk-designer.com\/index.php\/wp-json\/wp\/v2\/tags?post=1019"}],"curies":[{"name":"wp","href":"https:\/\/api.w.org\/{rel}","templated":true}]}}