{"id":1040,"date":"2022-02-17T11:12:43","date_gmt":"2022-02-17T10:12:43","guid":{"rendered":"https:\/\/fk-designer.com\/?page_id=1040"},"modified":"2023-09-25T09:06:25","modified_gmt":"2023-09-25T08:06:25","slug":"cocoon","status":"publish","type":"page","link":"https:\/\/fk-designer.com\/index.php\/cocoon\/","title":{"rendered":"COCOON"},"content":{"rendered":"\t\t<div data-elementor-type=\"wp-page\" data-elementor-id=\"1040\" class=\"elementor elementor-1040\">\n\t\t\t\t\t\t<section class=\"elementor-section elementor-top-section elementor-element elementor-element-3311f12f elementor-section-full_width elementor-section-height-default elementor-section-height-default\" data-id=\"3311f12f\" data-element_type=\"section\" data-e-type=\"section\" data-settings=\"{&quot;background_background&quot;:&quot;classic&quot;}\">\n\t\t\t\t\t\t<div class=\"elementor-container elementor-column-gap-no\">\n\t\t\t\t\t<div class=\"elementor-column elementor-col-100 elementor-top-column elementor-element elementor-element-3b7a7918\" data-id=\"3b7a7918\" data-element_type=\"column\" data-e-type=\"column\">\n\t\t\t<div class=\"elementor-widget-wrap elementor-element-populated\">\n\t\t\t\t\t\t<div class=\"elementor-element elementor-element-b5a7cd6 elementor-widget elementor-widget-heading\" data-id=\"b5a7cd6\" data-element_type=\"widget\" data-e-type=\"widget\" data-widget_type=\"heading.default\">\n\t\t\t\t<div class=\"elementor-widget-container\">\n\t\t\t\t\t<h1 class=\"elementor-heading-title elementor-size-default\">COCOON<\/h1>\t\t\t\t<\/div>\n\t\t\t\t<\/div>\n\t\t\t\t<div class=\"elementor-element elementor-element-51c335ca elementor-widget elementor-widget-heading\" data-id=\"51c335ca\" data-element_type=\"widget\" data-e-type=\"widget\" data-widget_type=\"heading.default\">\n\t\t\t\t<div class=\"elementor-widget-container\">\n\t\t\t\t\t<h2 class=\"elementor-heading-title elementor-size-default\">Design objet<\/h2>\t\t\t\t<\/div>\n\t\t\t\t<\/div>\n\t\t\t\t\t<\/div>\n\t\t<\/div>\n\t\t\t\t\t<\/div>\n\t\t<\/section>\n\t\t\t\t<section class=\"elementor-section elementor-top-section elementor-element elementor-element-33ccbb5c elementor-section-full_width elementor-section-stretched elementor-section-height-default elementor-section-height-default\" data-id=\"33ccbb5c\" data-element_type=\"section\" data-e-type=\"section\" data-settings=\"{&quot;background_background&quot;:&quot;classic&quot;,&quot;stretch_section&quot;:&quot;section-stretched&quot;}\">\n\t\t\t\t\t\t<div class=\"elementor-container elementor-column-gap-no\">\n\t\t\t\t\t<div class=\"elementor-column elementor-col-50 elementor-top-column elementor-element elementor-element-649ff5ff\" data-id=\"649ff5ff\" data-element_type=\"column\" data-e-type=\"column\" data-settings=\"{&quot;background_background&quot;:&quot;classic&quot;}\">\n\t\t\t<div class=\"elementor-widget-wrap elementor-element-populated\">\n\t\t\t\t\t\t<section class=\"elementor-section elementor-inner-section elementor-element elementor-element-c4faa1a elementor-section-boxed elementor-section-height-default elementor-section-height-default\" data-id=\"c4faa1a\" data-element_type=\"section\" data-e-type=\"section\">\n\t\t\t\t\t\t<div class=\"elementor-container elementor-column-gap-no\">\n\t\t\t\t\t<div class=\"elementor-column elementor-col-100 elementor-inner-column elementor-element elementor-element-1f4acd76\" data-id=\"1f4acd76\" data-element_type=\"column\" data-e-type=\"column\">\n\t\t\t<div class=\"elementor-widget-wrap elementor-element-populated\">\n\t\t\t\t\t\t<div class=\"elementor-element elementor-element-30754531 elementor-widget elementor-widget-heading\" data-id=\"30754531\" data-element_type=\"widget\" data-e-type=\"widget\" data-widget_type=\"heading.default\">\n\t\t\t\t<div class=\"elementor-widget-container\">\n\t\t\t\t\t<h2 class=\"elementor-heading-title elementor-size-default\">Enjeu<\/h2>\t\t\t\t<\/div>\n\t\t\t\t<\/div>\n\t\t\t\t<div class=\"elementor-element elementor-element-3b487e61 elementor-widget elementor-widget-text-editor\" data-id=\"3b487e61\" data-element_type=\"widget\" data-e-type=\"widget\" data-widget_type=\"text-editor.default\">\n\t\t\t\t<div class=\"elementor-widget-container\">\n\t\t\t\t\t\t\t\t\t<p>La crise du covid a fortement impact\u00e9 nos habitudes. En particulier, elle nous a fait repenser notre relation au travail en d\u00e9veloppant le <strong>travail \u00e0 domicile<\/strong>. Pourtant, nombreux sont les m\u00e9nages qui n\u2019\u00e9taient pas \u00e9quip\u00e9s pour cela. Un bureau pour la maison doit permettre de travailler <strong>confortablement<\/strong>, mais ne doit pas v\u00e9hiculer l\u2019image froide et impersonnelle de certains lieux de travail. Inspir\u00e9 par la nature, Cocoon est un bureau de t\u00e9l\u00e9travail qui r\u00e9pond \u00e0 cette probl\u00e9matique en instaurant une <strong>ambiance calme<\/strong>, am\u00e9liorant la <strong>concentration<\/strong> et r\u00e9duisant la <strong>fatigue<\/strong>.<\/p>\t\t\t\t\t\t\t\t<\/div>\n\t\t\t\t<\/div>\n\t\t\t\t\t<\/div>\n\t\t<\/div>\n\t\t\t\t\t<\/div>\n\t\t<\/section>\n\t\t\t\t\t<\/div>\n\t\t<\/div>\n\t\t\t\t<div class=\"elementor-column elementor-col-50 elementor-top-column elementor-element elementor-element-24742459\" data-id=\"24742459\" data-element_type=\"column\" data-e-type=\"column\">\n\t\t\t<div class=\"elementor-widget-wrap elementor-element-populated\">\n\t\t\t\t\t\t<section class=\"elementor-section elementor-inner-section elementor-element elementor-element-114ab811 elementor-section-full_width elementor-section-content-middle elementor-section-height-default elementor-section-height-default\" data-id=\"114ab811\" data-element_type=\"section\" data-e-type=\"section\" data-settings=\"{&quot;background_background&quot;:&quot;classic&quot;}\">\n\t\t\t\t\t\t<div class=\"elementor-container elementor-column-gap-no\">\n\t\t\t\t\t<div class=\"elementor-column elementor-col-100 elementor-inner-column elementor-element elementor-element-4b199357\" data-id=\"4b199357\" data-element_type=\"column\" data-e-type=\"column\">\n\t\t\t<div class=\"elementor-widget-wrap elementor-element-populated\">\n\t\t\t\t\t\t<div class=\"elementor-element elementor-element-546974bc elementor-widget elementor-widget-image\" data-id=\"546974bc\" data-element_type=\"widget\" data-e-type=\"widget\" data-widget_type=\"image.default\">\n\t\t\t\t<div class=\"elementor-widget-container\">\n\t\t\t\t\t\t\t\t\t\t\t\t\t\t\t<img fetchpriority=\"high\" decoding=\"async\" width=\"1024\" height=\"724\" src=\"https:\/\/fk-designer.com\/wp-content\/uploads\/2022\/02\/2020-10-07-0007-1024x724.jpg\" class=\"attachment-large size-large wp-image-1048\" alt=\"dessin aux feutres \u00e0 alcool de Cocoon\" srcset=\"https:\/\/fk-designer.com\/wp-content\/uploads\/2022\/02\/2020-10-07-0007-1024x724.jpg 1024w, https:\/\/fk-designer.com\/wp-content\/uploads\/2022\/02\/2020-10-07-0007-300x212.jpg 300w, https:\/\/fk-designer.com\/wp-content\/uploads\/2022\/02\/2020-10-07-0007-768x543.jpg 768w, https:\/\/fk-designer.com\/wp-content\/uploads\/2022\/02\/2020-10-07-0007-1536x1085.jpg 1536w, https:\/\/fk-designer.com\/wp-content\/uploads\/2022\/02\/2020-10-07-0007-2048x1447.jpg 2048w, https:\/\/fk-designer.com\/wp-content\/uploads\/2022\/02\/2020-10-07-0007-500x353.jpg 500w, https:\/\/fk-designer.com\/wp-content\/uploads\/2022\/02\/2020-10-07-0007-800x565.jpg 800w, https:\/\/fk-designer.com\/wp-content\/uploads\/2022\/02\/2020-10-07-0007-1280x904.jpg 1280w, https:\/\/fk-designer.com\/wp-content\/uploads\/2022\/02\/2020-10-07-0007-1920x1357.jpg 1920w\" sizes=\"(max-width: 1024px) 100vw, 1024px\" \/>\t\t\t\t\t\t\t\t\t\t\t\t\t\t\t<\/div>\n\t\t\t\t<\/div>\n\t\t\t\t\t<\/div>\n\t\t<\/div>\n\t\t\t\t\t<\/div>\n\t\t<\/section>\n\t\t\t\t\t<\/div>\n\t\t<\/div>\n\t\t\t\t\t<\/div>\n\t\t<\/section>\n\t\t\t\t<section class=\"elementor-section elementor-top-section elementor-element elementor-element-6b32e459 elementor-section-full_width elementor-section-height-default elementor-section-height-default\" data-id=\"6b32e459\" data-element_type=\"section\" data-e-type=\"section\" data-settings=\"{&quot;background_background&quot;:&quot;classic&quot;}\">\n\t\t\t\t\t\t<div class=\"elementor-container elementor-column-gap-no\">\n\t\t\t\t\t<div class=\"elementor-column elementor-col-100 elementor-top-column elementor-element elementor-element-5b5df17c\" data-id=\"5b5df17c\" data-element_type=\"column\" data-e-type=\"column\">\n\t\t\t<div class=\"elementor-widget-wrap elementor-element-populated\">\n\t\t\t\t\t\t<section class=\"elementor-section elementor-inner-section elementor-element elementor-element-5f19b6c7 elementor-section-boxed elementor-section-height-default elementor-section-height-default\" data-id=\"5f19b6c7\" data-element_type=\"section\" data-e-type=\"section\">\n\t\t\t\t\t\t<div class=\"elementor-container elementor-column-gap-default\">\n\t\t\t\t\t<div class=\"elementor-column elementor-col-50 elementor-inner-column elementor-element elementor-element-65634bf3\" data-id=\"65634bf3\" data-element_type=\"column\" data-e-type=\"column\">\n\t\t\t<div class=\"elementor-widget-wrap elementor-element-populated\">\n\t\t\t\t\t\t<div class=\"elementor-element elementor-element-2f5e12cd elementor-widget elementor-widget-image\" data-id=\"2f5e12cd\" data-element_type=\"widget\" data-e-type=\"widget\" data-widget_type=\"image.default\">\n\t\t\t\t<div class=\"elementor-widget-container\">\n\t\t\t\t\t\t\t\t\t\t\t\t\t\t\t<img decoding=\"async\" src=\"https:\/\/fk-designer.com\/wp-content\/uploads\/2022\/02\/render-3-e1645092601298.png\" title=\"render 3\" alt=\"cocoon de l&#039;int\u00e9rieur\" loading=\"lazy\" \/>\t\t\t\t\t\t\t\t\t\t\t\t\t\t\t<\/div>\n\t\t\t\t<\/div>\n\t\t\t\t\t<\/div>\n\t\t<\/div>\n\t\t\t\t<div class=\"elementor-column elementor-col-50 elementor-inner-column elementor-element elementor-element-4ce8042a\" data-id=\"4ce8042a\" data-element_type=\"column\" data-e-type=\"column\">\n\t\t\t<div class=\"elementor-widget-wrap elementor-element-populated\">\n\t\t\t\t\t\t<div class=\"elementor-element elementor-element-26caafb9 elementor-widget elementor-widget-image\" data-id=\"26caafb9\" data-element_type=\"widget\" data-e-type=\"widget\" data-widget_type=\"image.default\">\n\t\t\t\t<div class=\"elementor-widget-container\">\n\t\t\t\t\t\t\t\t\t\t\t\t\t\t\t<img decoding=\"async\" width=\"1024\" height=\"1024\" src=\"https:\/\/fk-designer.com\/wp-content\/uploads\/2022\/02\/dimensions-open.svg\" class=\"attachment-large size-large wp-image-1068\" alt=\"dessin technique c\u00f4t\u00e9 de Cocoon\" \/>\t\t\t\t\t\t\t\t\t\t\t\t\t\t\t<\/div>\n\t\t\t\t<\/div>\n\t\t\t\t\t<\/div>\n\t\t<\/div>\n\t\t\t\t\t<\/div>\n\t\t<\/section>\n\t\t\t\t\t<\/div>\n\t\t<\/div>\n\t\t\t\t\t<\/div>\n\t\t<\/section>\n\t\t\t\t<section class=\"elementor-section elementor-top-section elementor-element elementor-element-1089f1f5 elementor-section-full_width elementor-section-stretched elementor-section-height-default elementor-section-height-default\" data-id=\"1089f1f5\" data-element_type=\"section\" data-e-type=\"section\" data-settings=\"{&quot;background_background&quot;:&quot;classic&quot;,&quot;stretch_section&quot;:&quot;section-stretched&quot;}\">\n\t\t\t\t\t\t<div class=\"elementor-container elementor-column-gap-no\">\n\t\t\t\t\t<div class=\"elementor-column elementor-col-50 elementor-top-column elementor-element elementor-element-76abfee7\" data-id=\"76abfee7\" data-element_type=\"column\" data-e-type=\"column\" data-settings=\"{&quot;background_background&quot;:&quot;classic&quot;}\">\n\t\t\t<div class=\"elementor-widget-wrap elementor-element-populated\">\n\t\t\t\t\t\t<section class=\"elementor-section elementor-inner-section elementor-element elementor-element-14fd1543 elementor-section-boxed elementor-section-height-default elementor-section-height-default\" data-id=\"14fd1543\" data-element_type=\"section\" data-e-type=\"section\">\n\t\t\t\t\t\t<div class=\"elementor-container elementor-column-gap-no\">\n\t\t\t\t\t<div class=\"elementor-column elementor-col-100 elementor-inner-column elementor-element elementor-element-615d8f4e\" data-id=\"615d8f4e\" data-element_type=\"column\" data-e-type=\"column\">\n\t\t\t<div class=\"elementor-widget-wrap elementor-element-populated\">\n\t\t\t\t\t\t<div class=\"elementor-element elementor-element-165197 elementor-widget elementor-widget-heading\" data-id=\"165197\" data-element_type=\"widget\" data-e-type=\"widget\" data-widget_type=\"heading.default\">\n\t\t\t\t<div class=\"elementor-widget-container\">\n\t\t\t\t\t<h2 class=\"elementor-heading-title elementor-size-default\">Projet<\/h2>\t\t\t\t<\/div>\n\t\t\t\t<\/div>\n\t\t\t\t<div class=\"elementor-element elementor-element-49739dd5 elementor-widget elementor-widget-text-editor\" data-id=\"49739dd5\" data-element_type=\"widget\" data-e-type=\"widget\" data-widget_type=\"text-editor.default\">\n\t\t\t\t<div class=\"elementor-widget-container\">\n\t\t\t\t\t\t\t\t\t<p>Ce bureau propose une large surface de travail, compl\u00e9t\u00e9e par deux demi-cocons recouverts d\u2019absorbants phoniques. Ceux-ci <strong>r\u00e9duisent les distractions<\/strong> sonores et visuelles, souvent pr\u00e9sentes \u00e0 la maison. Cette mini-architecture organique est une zone calme propice \u00e0 la concentration, qui diffuse par ailleurs une lumi\u00e8re claire.<\/p><p><span style=\"font-style: inherit; font-weight: inherit; background-color: var( --e-global-color-astglobalcolor0 ); color: var(--ast-global-color-3);\">Une des difficult\u00e9s du t\u00e9l\u00e9travail est de ne pas arriver \u00e0 s\u2019arr\u00eater. Pour pallier cela et r\u00e9tablir un \u00e9quilibre sain entre vie professionnelle et vie priv\u00e9e, Cocoon peut se refermer. Ainsi r\u00e9tract\u00e9 en une console compacte, les divers papiers et fournitures sont \u00e0 l\u2019\u00e9cart de la vue, et le meuble trouve une fonction <\/span><strong style=\"font-style: inherit; background-color: var( --e-global-color-astglobalcolor0 ); color: var(--ast-global-color-3);\">d\u00e9corative<\/strong><span style=\"font-style: inherit; font-weight: inherit; background-color: var( --e-global-color-astglobalcolor0 ); color: var(--ast-global-color-3);\"> dans un salon ou une chambre, en y diffusant une <\/span><strong style=\"font-style: inherit; background-color: var( --e-global-color-astglobalcolor0 ); color: var(--ast-global-color-3);\">lumi\u00e8re chaude<\/strong><span style=\"font-style: inherit; font-weight: inherit; background-color: var( --e-global-color-astglobalcolor0 ); color: var(--ast-global-color-3);\">.<\/span><\/p>\t\t\t\t\t\t\t\t<\/div>\n\t\t\t\t<\/div>\n\t\t\t\t\t<\/div>\n\t\t<\/div>\n\t\t\t\t\t<\/div>\n\t\t<\/section>\n\t\t\t\t\t<\/div>\n\t\t<\/div>\n\t\t\t\t<div class=\"elementor-column elementor-col-50 elementor-top-column elementor-element elementor-element-12a8a42\" data-id=\"12a8a42\" data-element_type=\"column\" data-e-type=\"column\">\n\t\t\t<div class=\"elementor-widget-wrap elementor-element-populated\">\n\t\t\t\t\t\t<section class=\"elementor-section elementor-inner-section elementor-element elementor-element-419dc4f elementor-section-full_width elementor-section-content-middle elementor-section-height-default elementor-section-height-default\" data-id=\"419dc4f\" data-element_type=\"section\" data-e-type=\"section\" data-settings=\"{&quot;background_background&quot;:&quot;classic&quot;}\">\n\t\t\t\t\t\t\t<div class=\"elementor-background-overlay\"><\/div>\n\t\t\t\t\t\t\t<div class=\"elementor-container elementor-column-gap-no\">\n\t\t\t\t\t<div class=\"elementor-column elementor-col-100 elementor-inner-column elementor-element elementor-element-70da52c4\" data-id=\"70da52c4\" data-element_type=\"column\" data-e-type=\"column\">\n\t\t\t<div class=\"elementor-widget-wrap elementor-element-populated\">\n\t\t\t\t\t\t<div class=\"elementor-element elementor-element-1356f6b4 elementor-widget elementor-widget-image\" data-id=\"1356f6b4\" data-element_type=\"widget\" data-e-type=\"widget\" data-widget_type=\"image.default\">\n\t\t\t\t<div class=\"elementor-widget-container\">\n\t\t\t\t\t\t\t\t\t\t\t\t\t\t\t<img decoding=\"async\" width=\"1024\" height=\"576\" src=\"https:\/\/fk-designer.com\/wp-content\/uploads\/2022\/02\/animation-1024x576.gif\" class=\"attachment-large size-large wp-image-1057\" alt=\"animation du d\u00e9ploiement et de la r\u00e9tractation de Cocoon\" srcset=\"https:\/\/fk-designer.com\/wp-content\/uploads\/2022\/02\/animation-1024x576.gif 1024w, https:\/\/fk-designer.com\/wp-content\/uploads\/2022\/02\/animation-300x169.gif 300w, https:\/\/fk-designer.com\/wp-content\/uploads\/2022\/02\/animation-768x432.gif 768w, https:\/\/fk-designer.com\/wp-content\/uploads\/2022\/02\/animation-500x281.gif 500w, https:\/\/fk-designer.com\/wp-content\/uploads\/2022\/02\/animation-800x450.gif 800w, https:\/\/fk-designer.com\/wp-content\/uploads\/2022\/02\/animation-1280x720.gif 1280w\" sizes=\"(max-width: 1024px) 100vw, 1024px\" \/>\t\t\t\t\t\t\t\t\t\t\t\t\t\t\t<\/div>\n\t\t\t\t<\/div>\n\t\t\t\t\t<\/div>\n\t\t<\/div>\n\t\t\t\t\t<\/div>\n\t\t<\/section>\n\t\t\t\t\t<\/div>\n\t\t<\/div>\n\t\t\t\t\t<\/div>\n\t\t<\/section>\n\t\t\t\t<section class=\"elementor-section elementor-top-section elementor-element elementor-element-6498e97a elementor-section-full_width elementor-section-height-default elementor-section-height-default\" data-id=\"6498e97a\" data-element_type=\"section\" data-e-type=\"section\" data-settings=\"{&quot;background_background&quot;:&quot;classic&quot;}\">\n\t\t\t\t\t\t<div class=\"elementor-container elementor-column-gap-no\">\n\t\t\t\t\t<div class=\"elementor-column elementor-col-100 elementor-top-column elementor-element elementor-element-37508139\" data-id=\"37508139\" data-element_type=\"column\" data-e-type=\"column\">\n\t\t\t<div class=\"elementor-widget-wrap elementor-element-populated\">\n\t\t\t\t\t\t<section class=\"elementor-section elementor-inner-section elementor-element elementor-element-6a223948 elementor-section-boxed elementor-section-height-default elementor-section-height-default\" data-id=\"6a223948\" data-element_type=\"section\" data-e-type=\"section\">\n\t\t\t\t\t\t<div class=\"elementor-container elementor-column-gap-default\">\n\t\t\t\t\t<div class=\"elementor-column elementor-col-50 elementor-inner-column elementor-element elementor-element-7dff0c75\" data-id=\"7dff0c75\" data-element_type=\"column\" data-e-type=\"column\">\n\t\t\t<div class=\"elementor-widget-wrap elementor-element-populated\">\n\t\t\t\t\t\t<div class=\"elementor-element elementor-element-6365a8ec elementor-widget elementor-widget-image\" data-id=\"6365a8ec\" data-element_type=\"widget\" data-e-type=\"widget\" data-widget_type=\"image.default\">\n\t\t\t\t<div class=\"elementor-widget-container\">\n\t\t\t\t\t\t\t\t\t\t\t\t\t\t\t<img decoding=\"async\" src=\"https:\/\/fk-designer.com\/wp-content\/uploads\/2022\/08\/Image4_001_web.jpg\" title=\"Image4_001_web\" alt=\"bureau cocoon pour le t\u00e9l\u00e9travail referm\u00e9 et qui \u00e9claire\" loading=\"lazy\" \/>\t\t\t\t\t\t\t\t\t\t\t\t\t\t\t<\/div>\n\t\t\t\t<\/div>\n\t\t\t\t\t<\/div>\n\t\t<\/div>\n\t\t\t\t<div class=\"elementor-column elementor-col-50 elementor-inner-column elementor-element elementor-element-3a2aca8b\" data-id=\"3a2aca8b\" data-element_type=\"column\" data-e-type=\"column\">\n\t\t\t<div class=\"elementor-widget-wrap elementor-element-populated\">\n\t\t\t\t\t\t<div class=\"elementor-element elementor-element-7b5d7ec2 elementor-widget elementor-widget-image\" data-id=\"7b5d7ec2\" data-element_type=\"widget\" data-e-type=\"widget\" data-widget_type=\"image.default\">\n\t\t\t\t<div class=\"elementor-widget-container\">\n\t\t\t\t\t\t\t\t\t\t\t\t\t\t\t<img loading=\"lazy\" decoding=\"async\" width=\"640\" height=\"427\" src=\"https:\/\/fk-designer.com\/wp-content\/uploads\/2022\/02\/cocon-semantique.jpg\" class=\"attachment-1536x1536 size-1536x1536 wp-image-1052\" alt=\"des cocons sur une branche\" srcset=\"https:\/\/fk-designer.com\/wp-content\/uploads\/2022\/02\/cocon-semantique.jpg 640w, https:\/\/fk-designer.com\/wp-content\/uploads\/2022\/02\/cocon-semantique-300x200.jpg 300w, https:\/\/fk-designer.com\/wp-content\/uploads\/2022\/02\/cocon-semantique-500x334.jpg 500w\" sizes=\"(max-width: 640px) 100vw, 640px\" \/>\t\t\t\t\t\t\t\t\t\t\t\t\t\t\t<\/div>\n\t\t\t\t<\/div>\n\t\t\t\t\t<\/div>\n\t\t<\/div>\n\t\t\t\t\t<\/div>\n\t\t<\/section>\n\t\t\t\t\t<\/div>\n\t\t<\/div>\n\t\t\t\t\t<\/div>\n\t\t<\/section>\n\t\t\t\t<\/div>\n\t\t","protected":false},"excerpt":{"rendered":"<p>COCOON Design objet Enjeu La crise du covid a fortement impact\u00e9 nos habitudes. En particulier, elle nous a fait repenser notre relation au travail en d\u00e9veloppant le travail \u00e0 domicile. Pourtant, nombreux sont les m\u00e9nages qui n\u2019\u00e9taient pas \u00e9quip\u00e9s pour cela. Un bureau pour la maison doit permettre de travailler confortablement, mais ne doit pas [&hellip;]<\/p>\n","protected":false},"author":1,"featured_media":2153,"parent":0,"menu_order":2,"comment_status":"closed","ping_status":"closed","template":"","meta":{"_seopress_robots_primary_cat":"","_seopress_titles_title":"Projet Cocoon - FK DESIGNER","_seopress_titles_desc":"Cocoon est un bureau pour le t\u00e9l\u00e9travail \u00e0 domicile. Propice \u00e0 la concentration et au calme, il s&#039;int\u00e8gre parfaitement dans nos int\u00e9rieurs modernes.","_seopress_robots_index":"","inline_featured_image":false,"site-sidebar-layout":"no-sidebar","site-content-layout":"page-builder","ast-site-content-layout":"","site-content-style":"default","site-sidebar-style":"default","ast-global-header-display":"","ast-banner-title-visibility":"","ast-main-header-display":"","ast-hfb-above-header-display":"","ast-hfb-below-header-display":"","ast-hfb-mobile-header-display":"","site-post-title":"disabled","ast-breadcrumbs-content":"","ast-featured-img":"disabled","footer-sml-layout":"","theme-transparent-header-meta":"","adv-header-id-meta":"","stick-header-meta":"","header-above-stick-meta":"","header-main-stick-meta":"","header-below-stick-meta":"","astra-migrate-meta-layouts":"default","ast-page-background-enabled":"default","ast-page-background-meta":{"desktop":{"background-color":"","background-image":"","background-repeat":"repeat","background-position":"center center","background-size":"auto","background-attachment":"scroll","background-type":"","background-media":"","overlay-type":"","overlay-color":"","overlay-opacity":"","overlay-gradient":""},"tablet":{"background-color":"","background-image":"","background-repeat":"repeat","background-position":"center center","background-size":"auto","background-attachment":"scroll","background-type":"","background-media":"","overlay-type":"","overlay-color":"","overlay-opacity":"","overlay-gradient":""},"mobile":{"background-color":"","background-image":"","background-repeat":"repeat","background-position":"center center","background-size":"auto","background-attachment":"scroll","background-type":"","background-media":"","overlay-type":"","overlay-color":"","overlay-opacity":"","overlay-gradient":""}},"ast-content-background-meta":{"desktop":{"background-color":"var(--ast-global-color-5)","background-image":"","background-repeat":"repeat","background-position":"center center","background-size":"auto","background-attachment":"scroll","background-type":"","background-media":"","overlay-type":"","overlay-color":"","overlay-opacity":"","overlay-gradient":""},"tablet":{"background-color":"var(--ast-global-color-5)","background-image":"","background-repeat":"repeat","background-position":"center center","background-size":"auto","background-attachment":"scroll","background-type":"","background-media":"","overlay-type":"","overlay-color":"","overlay-opacity":"","overlay-gradient":""},"mobile":{"background-color":"var(--ast-global-color-5)","background-image":"","background-repeat":"repeat","background-position":"center center","background-size":"auto","background-attachment":"scroll","background-type":"","background-media":"","overlay-type":"","overlay-color":"","overlay-opacity":"","overlay-gradient":""}},"_vp_format_video_url":"","_vp_image_focal_point":[],"footnotes":""},"categories":[23],"tags":[19],"class_list":["post-1040","page","type-page","status-publish","has-post-thumbnail","hentry","category-portfolio","tag-portfolio"],"_links":{"self":[{"href":"https:\/\/fk-designer.com\/index.php\/wp-json\/wp\/v2\/pages\/1040","targetHints":{"allow":["GET"]}}],"collection":[{"href":"https:\/\/fk-designer.com\/index.php\/wp-json\/wp\/v2\/pages"}],"about":[{"href":"https:\/\/fk-designer.com\/index.php\/wp-json\/wp\/v2\/types\/page"}],"author":[{"embeddable":true,"href":"https:\/\/fk-designer.com\/index.php\/wp-json\/wp\/v2\/users\/1"}],"replies":[{"embeddable":true,"href":"https:\/\/fk-designer.com\/index.php\/wp-json\/wp\/v2\/comments?post=1040"}],"version-history":[{"count":40,"href":"https:\/\/fk-designer.com\/index.php\/wp-json\/wp\/v2\/pages\/1040\/revisions"}],"predecessor-version":[{"id":2162,"href":"https:\/\/fk-designer.com\/index.php\/wp-json\/wp\/v2\/pages\/1040\/revisions\/2162"}],"wp:featuredmedia":[{"embeddable":true,"href":"https:\/\/fk-designer.com\/index.php\/wp-json\/wp\/v2\/media\/2153"}],"wp:attachment":[{"href":"https:\/\/fk-designer.com\/index.php\/wp-json\/wp\/v2\/media?parent=1040"}],"wp:term":[{"taxonomy":"category","embeddable":true,"href":"https:\/\/fk-designer.com\/index.php\/wp-json\/wp\/v2\/categories?post=1040"},{"taxonomy":"post_tag","embeddable":true,"href":"https:\/\/fk-designer.com\/index.php\/wp-json\/wp\/v2\/tags?post=1040"}],"curies":[{"name":"wp","href":"https:\/\/api.w.org\/{rel}","templated":true}]}}