{"id":113,"date":"2021-05-03T13:29:33","date_gmt":"2021-05-03T12:29:33","guid":{"rendered":"http:\/\/fk-designer.com\/index.php\/about-2\/"},"modified":"2024-08-09T10:38:41","modified_gmt":"2024-08-09T09:38:41","slug":"apropos","status":"publish","type":"page","link":"https:\/\/fk-designer.com\/index.php\/apropos\/","title":{"rendered":"\u00c0 propos"},"content":{"rendered":"\t\t<div data-elementor-type=\"wp-page\" data-elementor-id=\"113\" class=\"elementor elementor-113\">\n\t\t\t\t\t\t<section class=\"elementor-section elementor-top-section elementor-element elementor-element-14dbb43 elementor-section-boxed elementor-section-height-default elementor-section-height-default\" data-id=\"14dbb43\" data-element_type=\"section\" data-e-type=\"section\" data-settings=\"{&quot;background_background&quot;:&quot;classic&quot;}\">\n\t\t\t\t\t\t\t<div class=\"elementor-background-overlay\"><\/div>\n\t\t\t\t\t\t\t<div class=\"elementor-container elementor-column-gap-no\">\n\t\t\t\t\t<div class=\"elementor-column elementor-col-100 elementor-top-column elementor-element elementor-element-b2c6c1f\" data-id=\"b2c6c1f\" data-element_type=\"column\" data-e-type=\"column\">\n\t\t\t<div class=\"elementor-widget-wrap elementor-element-populated\">\n\t\t\t\t\t\t<div class=\"elementor-element elementor-element-cd21b8d elementor-widget-divider--view-line elementor-widget elementor-widget-divider\" data-id=\"cd21b8d\" data-element_type=\"widget\" data-e-type=\"widget\" data-widget_type=\"divider.default\">\n\t\t\t\t<div class=\"elementor-widget-container\">\n\t\t\t\t\t\t\t<div class=\"elementor-divider\">\n\t\t\t<span class=\"elementor-divider-separator\">\n\t\t\t\t\t\t<\/span>\n\t\t<\/div>\n\t\t\t\t\t\t<\/div>\n\t\t\t\t<\/div>\n\t\t\t\t<div class=\"elementor-element elementor-element-24c8cab elementor-widget elementor-widget-heading\" data-id=\"24c8cab\" data-element_type=\"widget\" data-e-type=\"widget\" data-widget_type=\"heading.default\">\n\t\t\t\t<div class=\"elementor-widget-container\">\n\t\t\t\t\t<h1 class=\"elementor-heading-title elementor-size-default\">A propos<\/h1>\t\t\t\t<\/div>\n\t\t\t\t<\/div>\n\t\t\t\t\t<\/div>\n\t\t<\/div>\n\t\t\t\t\t<\/div>\n\t\t<\/section>\n\t\t\t\t<section class=\"elementor-section elementor-top-section elementor-element elementor-element-6f55bde elementor-section-content-top elementor-section-boxed elementor-section-height-default elementor-section-height-default\" data-id=\"6f55bde\" data-element_type=\"section\" data-e-type=\"section\" data-settings=\"{&quot;background_background&quot;:&quot;classic&quot;}\">\n\t\t\t\t\t\t<div class=\"elementor-container elementor-column-gap-no\">\n\t\t\t\t\t<div class=\"elementor-column elementor-col-50 elementor-top-column elementor-element elementor-element-4c93a71\" data-id=\"4c93a71\" data-element_type=\"column\" data-e-type=\"column\">\n\t\t\t<div class=\"elementor-widget-wrap elementor-element-populated\">\n\t\t\t\t\t\t<div class=\"elementor-element elementor-element-7fcdd0e elementor-widget elementor-widget-image\" data-id=\"7fcdd0e\" data-element_type=\"widget\" data-e-type=\"widget\" data-widget_type=\"image.default\">\n\t\t\t\t<div class=\"elementor-widget-container\">\n\t\t\t\t\t\t\t\t\t\t\t\t\t\t\t<img fetchpriority=\"high\" decoding=\"async\" width=\"1000\" height=\"951\" src=\"https:\/\/fk-designer.com\/wp-content\/uploads\/2022\/02\/75614051_886148721799793_6785370560365854720_n.jpg\" class=\"attachment-large size-large wp-image-572\" alt=\"photo du designer de 3\/4\" srcset=\"https:\/\/fk-designer.com\/wp-content\/uploads\/2022\/02\/75614051_886148721799793_6785370560365854720_n.jpg 1000w, https:\/\/fk-designer.com\/wp-content\/uploads\/2022\/02\/75614051_886148721799793_6785370560365854720_n-300x285.jpg 300w, https:\/\/fk-designer.com\/wp-content\/uploads\/2022\/02\/75614051_886148721799793_6785370560365854720_n-768x730.jpg 768w, https:\/\/fk-designer.com\/wp-content\/uploads\/2022\/02\/75614051_886148721799793_6785370560365854720_n-500x476.jpg 500w, https:\/\/fk-designer.com\/wp-content\/uploads\/2022\/02\/75614051_886148721799793_6785370560365854720_n-800x761.jpg 800w\" sizes=\"(max-width: 1000px) 100vw, 1000px\" \/>\t\t\t\t\t\t\t\t\t\t\t\t\t\t\t<\/div>\n\t\t\t\t<\/div>\n\t\t\t\t\t<\/div>\n\t\t<\/div>\n\t\t\t\t<div class=\"elementor-column elementor-col-50 elementor-top-column elementor-element elementor-element-f7e829d\" data-id=\"f7e829d\" data-element_type=\"column\" data-e-type=\"column\">\n\t\t\t<div class=\"elementor-widget-wrap elementor-element-populated\">\n\t\t\t\t\t\t<div class=\"elementor-element elementor-element-eaf9a5d elementor-widget elementor-widget-heading\" data-id=\"eaf9a5d\" data-element_type=\"widget\" data-e-type=\"widget\" data-widget_type=\"heading.default\">\n\t\t\t\t<div class=\"elementor-widget-container\">\n\t\t\t\t\t<h2 class=\"elementor-heading-title elementor-size-default\">Bio<\/h2>\t\t\t\t<\/div>\n\t\t\t\t<\/div>\n\t\t\t\t<div class=\"elementor-element elementor-element-471ef89 elementor-widget elementor-widget-text-editor\" data-id=\"471ef89\" data-element_type=\"widget\" data-e-type=\"widget\" data-widget_type=\"text-editor.default\">\n\t\t\t\t<div class=\"elementor-widget-container\">\n\t\t\t\t\t\t\t\t\t<p>J\u2019aime imaginer, dessiner, concevoir et construire des produits, espaces et services innovants.<br \/>Designer et ing\u00e9nieur au profil international, j&rsquo;accompagne entreprises et\u00a0<span style=\"background-color: var( --e-global-color-astglobalcolor0 ); color: var(--ast-global-color-3);\">organisations <\/span><span style=\"font-style: inherit; font-weight: inherit; background-color: var( --e-global-color-astglobalcolor0 ); color: var(--ast-global-color-3);\">dans les missions de design.<\/span><\/p>\t\t\t\t\t\t\t\t<\/div>\n\t\t\t\t<\/div>\n\t\t\t\t<div class=\"elementor-element elementor-element-8daa3a8 elementor-widget elementor-widget-text-editor\" data-id=\"8daa3a8\" data-element_type=\"widget\" data-e-type=\"widget\" data-widget_type=\"text-editor.default\">\n\t\t\t\t<div class=\"elementor-widget-container\">\n\t\t\t\t\t\t\t\t\t<p>Curieux de comprendre comment sont fabriqu\u00e9s et comment fonctionnent les objets qui nous entourent, j\u2019ai entrepris des \u00e9tudes d\u2019ing\u00e9nieur. Fort de ces connaissances et mu par une envie cr\u00e9ative de donner forme \u00e0 l\u2019espace qui nous entoure, je me suis naturellement orient\u00e9 vers le design. Je peux maintenant donner du sens aux objets et aux espaces, les fa\u00e7onner, rendre tangibles les id\u00e9es et les concepts.<\/p>\t\t\t\t\t\t\t\t<\/div>\n\t\t\t\t<\/div>\n\t\t\t\t\t<\/div>\n\t\t<\/div>\n\t\t\t\t\t<\/div>\n\t\t<\/section>\n\t\t\t\t<section class=\"elementor-section elementor-top-section elementor-element elementor-element-d6148a4 elementor-section-boxed elementor-section-height-default elementor-section-height-default\" data-id=\"d6148a4\" data-element_type=\"section\" data-e-type=\"section\">\n\t\t\t\t\t\t<div class=\"elementor-container elementor-column-gap-no\">\n\t\t\t\t\t<div class=\"elementor-column elementor-col-100 elementor-top-column elementor-element elementor-element-7b40ecd\" data-id=\"7b40ecd\" data-element_type=\"column\" data-e-type=\"column\">\n\t\t\t<div class=\"elementor-widget-wrap elementor-element-populated\">\n\t\t\t\t\t\t<section class=\"elementor-section elementor-inner-section elementor-element elementor-element-bce4ba8 elementor-section-full_width elementor-section-height-default elementor-section-height-default\" data-id=\"bce4ba8\" data-element_type=\"section\" data-e-type=\"section\">\n\t\t\t\t\t\t<div class=\"elementor-container elementor-column-gap-no\">\n\t\t\t\t\t<div class=\"elementor-column elementor-col-50 elementor-inner-column elementor-element elementor-element-46a896a\" data-id=\"46a896a\" data-element_type=\"column\" data-e-type=\"column\">\n\t\t\t<div class=\"elementor-widget-wrap elementor-element-populated\">\n\t\t\t\t\t\t<div class=\"elementor-element elementor-element-4177fba elementor-widget elementor-widget-heading\" data-id=\"4177fba\" data-element_type=\"widget\" data-e-type=\"widget\" data-widget_type=\"heading.default\">\n\t\t\t\t<div class=\"elementor-widget-container\">\n\t\t\t\t\t<h2 class=\"elementor-heading-title elementor-size-default\">Objectif<\/h2>\t\t\t\t<\/div>\n\t\t\t\t<\/div>\n\t\t\t\t<div class=\"elementor-element elementor-element-84296b1 elementor-widget elementor-widget-text-editor\" data-id=\"84296b1\" data-element_type=\"widget\" data-e-type=\"widget\" data-widget_type=\"text-editor.default\">\n\t\t\t\t<div class=\"elementor-widget-container\">\n\t\t\t\t\t\t\t\t\t<p class=\"MsoNormal\">Ma mission est de mettre au service des entreprises et organisations un large panel de comp\u00e9tences en design et en ing\u00e9nierie, allant de la d\u00e9finition du besoin jusqu\u2019au prototypage. L\u2019objectif est de collaborer pour cr\u00e9er avec succ\u00e8s des objets, espaces et services qui ont du sens, sont utiles et utilisables, transmettent des valeurs\u2026et qui font r\u00eaver\u00a0!<\/p>\t\t\t\t\t\t\t\t<\/div>\n\t\t\t\t<\/div>\n\t\t\t\t<div class=\"elementor-element elementor-element-c004a57 elementor-widget elementor-widget-heading\" data-id=\"c004a57\" data-element_type=\"widget\" data-e-type=\"widget\" data-widget_type=\"heading.default\">\n\t\t\t\t<div class=\"elementor-widget-container\">\n\t\t\t\t\t<h2 class=\"elementor-heading-title elementor-size-default\">Vision<\/h2>\t\t\t\t<\/div>\n\t\t\t\t<\/div>\n\t\t\t\t<div class=\"elementor-element elementor-element-2a36dd9 elementor-widget elementor-widget-text-editor\" data-id=\"2a36dd9\" data-element_type=\"widget\" data-e-type=\"widget\" data-widget_type=\"text-editor.default\">\n\t\t\t\t<div class=\"elementor-widget-container\">\n\t\t\t\t\t\t\t\t\t<p class=\"MsoNormal\">Le design est une discipline d\u2019interface. Il s\u2019agit de comprendre notre monde parfois complexe, pour appr\u00e9hender au mieux les enjeux et le contexte de chaque projet. Fort de ces analyses et des r\u00e9f\u00e9rences, on peut placer l\u2019utilisateur au centre de la d\u00e9marche. Faire du design c\u2019est \u00eatre \u00e0 l\u2019\u00e9coute de ses besoins pour cr\u00e9er quelque chose de novateur qui d\u00e9passe ses attentes. Avec passion et cr\u00e9ativit\u00e9, il s\u2019agit de faire la symbiose entre la technique et l\u2019artistique, le fonctionnel et l\u2019irrationnel, le sens\u00e9 et le sensible.<\/p>\t\t\t\t\t\t\t\t<\/div>\n\t\t\t\t<\/div>\n\t\t\t\t\t<\/div>\n\t\t<\/div>\n\t\t\t\t<div class=\"elementor-column elementor-col-50 elementor-inner-column elementor-element elementor-element-aa35807\" data-id=\"aa35807\" data-element_type=\"column\" data-e-type=\"column\">\n\t\t\t<div class=\"elementor-widget-wrap elementor-element-populated\">\n\t\t\t\t\t\t<div class=\"elementor-element elementor-element-5c3b26d elementor-widget elementor-widget-heading\" data-id=\"5c3b26d\" data-element_type=\"widget\" data-e-type=\"widget\" data-widget_type=\"heading.default\">\n\t\t\t\t<div class=\"elementor-widget-container\">\n\t\t\t\t\t<h2 class=\"elementor-heading-title elementor-size-default\">Exp\u00e9riences<\/h2>\t\t\t\t<\/div>\n\t\t\t\t<\/div>\n\t\t\t\t<div class=\"elementor-element elementor-element-a947981 elementor-widget__width-initial elementor-widget elementor-widget-text-editor\" data-id=\"a947981\" data-element_type=\"widget\" data-e-type=\"widget\" data-widget_type=\"text-editor.default\">\n\t\t\t\t<div class=\"elementor-widget-container\">\n\t\t\t\t\t\t\t\t\t<ul>\n<li><i style=\"font-weight: inherit; color: var(--ast-global-color-3); background-color: var(--ast-global-color-4);\">Depuis 2020<\/i><span style=\"font-style: inherit; font-weight: inherit; color: var(--ast-global-color-3); background-color: var(--ast-global-color-4);\"> &#8211; Designer ind\u00e9pendant, <\/span><b style=\"font-style: inherit; color: var(--ast-global-color-3); background-color: var(--ast-global-color-4);\">FK DESIGNER<\/b><\/li>\n<li><i style=\"font-weight: inherit; color: var(--ast-global-color-3); background-color: var(--ast-global-color-4);\">2023<\/i><span style=\"font-style: inherit; font-weight: inherit; color: var(--ast-global-color-3); background-color: var(--ast-global-color-4);\"> \u2013 Design Manager, <\/span><b style=\"font-style: inherit; color: var(--ast-global-color-3); background-color: var(--ast-global-color-4);\">Socomec<\/b><\/li>\n<li><i style=\"font-weight: inherit; color: var(--ast-global-color-3); background-color: var(--ast-global-color-4);\">Depuis 2021<\/i><span style=\"font-style: inherit; font-weight: inherit; color: var(--ast-global-color-3); background-color: var(--ast-global-color-4);\"> \u2013 Tuteur Design Industriel pour <\/span><b style=\"font-style: inherit; color: var(--ast-global-color-3); background-color: var(--ast-global-color-4);\">Inead <\/b><span style=\"font-style: inherit; font-weight: inherit; color: var(--ast-global-color-3); background-color: var(--ast-global-color-4);\">(2021);&nbsp; enseignant en D<\/span><span style=\"font-style: inherit; font-weight: inherit; color: var(--ast-global-color-3); background-color: var(--ast-global-color-4);\">esign (2021) puis en management de la cr\u00e9ativit\u00e9 (2022-2023) \u00e0 l\u2019<\/span><b style=\"font-style: inherit; color: var(--ast-global-color-3); background-color: var(--ast-global-color-4);\">Universit\u00e9 de Strasbourg<\/b><\/li>\n<li><i style=\"font-weight: inherit; color: var(--ast-global-color-3); background-color: var(--ast-global-color-4);\">2019 <\/i><span style=\"font-style: inherit; font-weight: inherit; color: var(--ast-global-color-3); background-color: var(--ast-global-color-4);\">&#8211; Designer, d\u00e9veloppement mobilier et luminaire,&nbsp;<\/span><b style=\"font-style: inherit; color: var(--ast-global-color-3); background-color: var(--ast-global-color-4);\">Petite Friture<\/b><\/li>\n<li><i style=\"font-weight: inherit; color: var(--ast-global-color-3); background-color: var(--ast-global-color-4);\">2017 <\/i><span style=\"font-style: inherit; font-weight: inherit; color: var(--ast-global-color-3); background-color: var(--ast-global-color-4);\">&#8211; Ing\u00e9nieur R&amp;D, <\/span><b style=\"font-style: inherit; color: var(--ast-global-color-3); background-color: var(--ast-global-color-4);\">Mars Chocolat<\/b><span style=\"font-style: inherit; font-weight: inherit; color: var(--ast-global-color-3); background-color: var(--ast-global-color-4);\">&nbsp;<\/span><\/li>\n<li><i style=\"font-weight: inherit; color: var(--ast-global-color-3); background-color: var(--ast-global-color-4);\">2014-2017<\/i><span style=\"font-style: inherit; font-weight: inherit; color: var(--ast-global-color-3); background-color: var(--ast-global-color-4);\"> &#8211; Ing\u00e9nieur de recherche, <\/span><b style=\"font-style: inherit; color: var(--ast-global-color-3); background-color: var(--ast-global-color-4);\">Jaguar Land Rover<\/b><\/li>\n<li><i style=\"font-weight: inherit; color: var(--ast-global-color-3); background-color: var(--ast-global-color-4);\">2012-2013<\/i><span style=\"font-style: inherit; font-weight: inherit; color: var(--ast-global-color-3); background-color: var(--ast-global-color-4);\"> &#8211; Ing\u00e9nieur de d\u00e9veloppement, <\/span><b style=\"font-style: inherit; color: var(--ast-global-color-3); background-color: var(--ast-global-color-4);\">Faurecia<\/b><\/li>\n<\/ul>\t\t\t\t\t\t\t\t<\/div>\n\t\t\t\t<\/div>\n\t\t\t\t<div class=\"elementor-element elementor-element-f2d9124 elementor-widget elementor-widget-heading\" data-id=\"f2d9124\" data-element_type=\"widget\" data-e-type=\"widget\" data-widget_type=\"heading.default\">\n\t\t\t\t<div class=\"elementor-widget-container\">\n\t\t\t\t\t<h2 class=\"elementor-heading-title elementor-size-default\">Formation<\/h2>\t\t\t\t<\/div>\n\t\t\t\t<\/div>\n\t\t\t\t<div class=\"elementor-element elementor-element-31c07f2 elementor-widget elementor-widget-text-editor\" data-id=\"31c07f2\" data-element_type=\"widget\" data-e-type=\"widget\" data-widget_type=\"text-editor.default\">\n\t\t\t\t<div class=\"elementor-widget-container\">\n\t\t\t\t\t\t\t\t\t<ul>\n<li><i style=\"font-weight: inherit; background-color: var(--ast-global-color-4); color: var(--ast-global-color-3);\">2019 &#8211;&nbsp;<\/i><span style=\"font-style: inherit; font-weight: inherit; background-color: var(--ast-global-color-4); color: var(--ast-global-color-3);\">Master en arts, <\/span><b style=\"font-style: inherit; background-color: var(--ast-global-color-4); color: var(--ast-global-color-3);\">Universit\u00e9 de Strasbourg<\/b><\/li><li><i style=\"font-weight: inherit; background-color: var(--ast-global-color-4); color: var(--ast-global-color-3);\">2011 &#8211;&nbsp;<\/i><span style=\"font-style: inherit; font-weight: inherit; background-color: var(--ast-global-color-4); color: var(--ast-global-color-3);\">Dipl\u00f4me d&rsquo;ing\u00e9nieur, <\/span><b style=\"font-style: inherit; background-color: var(--ast-global-color-4); color: var(--ast-global-color-3);\">Karlsruhe Institute of Technology<\/b><\/li><li><i style=\"font-weight: inherit; background-color: var(--ast-global-color-4); color: var(--ast-global-color-3);\">2009 &#8211;&nbsp;<\/i><span style=\"font-style: inherit; font-weight: inherit; background-color: var(--ast-global-color-4); color: var(--ast-global-color-3);\">Dipl\u00f4me d&rsquo;ing\u00e9nieur, <\/span><b style=\"font-style: inherit; background-color: var(--ast-global-color-4); color: var(--ast-global-color-3);\">Institut polytechnique de Grenoble<\/b><span style=\"font-style: inherit; font-weight: inherit; background-color: var(--ast-global-color-4); color: var(--ast-global-color-3);\">&nbsp;<\/span><\/li>\n<\/ul>\t\t\t\t\t\t\t\t<\/div>\n\t\t\t\t<\/div>\n\t\t\t\t\t<\/div>\n\t\t<\/div>\n\t\t\t\t\t<\/div>\n\t\t<\/section>\n\t\t\t\t\t<\/div>\n\t\t<\/div>\n\t\t\t\t\t<\/div>\n\t\t<\/section>\n\t\t\t\t<\/div>\n\t\t","protected":false},"excerpt":{"rendered":"<p>A propos Bio J\u2019aime imaginer, dessiner, concevoir et construire des produits, espaces et services innovants.Designer et ing\u00e9nieur au profil international, j&rsquo;accompagne entreprises et\u00a0organisations dans les missions de design. Curieux de comprendre comment sont fabriqu\u00e9s et comment fonctionnent les objets qui nous entourent, j\u2019ai entrepris des \u00e9tudes d\u2019ing\u00e9nieur. Fort de ces connaissances et mu par une [&hellip;]<\/p>\n","protected":false},"author":1,"featured_media":0,"parent":0,"menu_order":0,"comment_status":"closed","ping_status":"closed","template":"","meta":{"_seopress_robots_primary_cat":"","_seopress_titles_title":"A propos - FK DESIGNER","_seopress_titles_desc":"Designer polyvalent, j\u2019aime imaginer, dessiner, concevoir et construire des produits, espaces et services innovants. Apprenez en plus sur moi !","_seopress_robots_index":"","inline_featured_image":false,"site-sidebar-layout":"no-sidebar","site-content-layout":"page-builder","ast-site-content-layout":"","site-content-style":"default","site-sidebar-style":"default","ast-global-header-display":"","ast-banner-title-visibility":"","ast-main-header-display":"","ast-hfb-above-header-display":"","ast-hfb-below-header-display":"","ast-hfb-mobile-header-display":"","site-post-title":"disabled","ast-breadcrumbs-content":"","ast-featured-img":"disabled","footer-sml-layout":"","theme-transparent-header-meta":"enabled","adv-header-id-meta":"","stick-header-meta":"","header-above-stick-meta":"","header-main-stick-meta":"","header-below-stick-meta":"","astra-migrate-meta-layouts":"default","ast-page-background-enabled":"default","ast-page-background-meta":{"desktop":{"background-color":"","background-image":"","background-repeat":"repeat","background-position":"center center","background-size":"auto","background-attachment":"scroll","background-type":"","background-media":"","overlay-type":"","overlay-color":"","overlay-opacity":"","overlay-gradient":""},"tablet":{"background-color":"","background-image":"","background-repeat":"repeat","background-position":"center center","background-size":"auto","background-attachment":"scroll","background-type":"","background-media":"","overlay-type":"","overlay-color":"","overlay-opacity":"","overlay-gradient":""},"mobile":{"background-color":"","background-image":"","background-repeat":"repeat","background-position":"center center","background-size":"auto","background-attachment":"scroll","background-type":"","background-media":"","overlay-type":"","overlay-color":"","overlay-opacity":"","overlay-gradient":""}},"ast-content-background-meta":{"desktop":{"background-color":"var(--ast-global-color-5)","background-image":"","background-repeat":"repeat","background-position":"center center","background-size":"auto","background-attachment":"scroll","background-type":"","background-media":"","overlay-type":"","overlay-color":"","overlay-opacity":"","overlay-gradient":""},"tablet":{"background-color":"var(--ast-global-color-5)","background-image":"","background-repeat":"repeat","background-position":"center center","background-size":"auto","background-attachment":"scroll","background-type":"","background-media":"","overlay-type":"","overlay-color":"","overlay-opacity":"","overlay-gradient":""},"mobile":{"background-color":"var(--ast-global-color-5)","background-image":"","background-repeat":"repeat","background-position":"center center","background-size":"auto","background-attachment":"scroll","background-type":"","background-media":"","overlay-type":"","overlay-color":"","overlay-opacity":"","overlay-gradient":""}},"_vp_format_video_url":"","_vp_image_focal_point":[],"footnotes":""},"categories":[],"tags":[],"class_list":["post-113","page","type-page","status-publish","hentry"],"_links":{"self":[{"href":"https:\/\/fk-designer.com\/index.php\/wp-json\/wp\/v2\/pages\/113","targetHints":{"allow":["GET"]}}],"collection":[{"href":"https:\/\/fk-designer.com\/index.php\/wp-json\/wp\/v2\/pages"}],"about":[{"href":"https:\/\/fk-designer.com\/index.php\/wp-json\/wp\/v2\/types\/page"}],"author":[{"embeddable":true,"href":"https:\/\/fk-designer.com\/index.php\/wp-json\/wp\/v2\/users\/1"}],"replies":[{"embeddable":true,"href":"https:\/\/fk-designer.com\/index.php\/wp-json\/wp\/v2\/comments?post=113"}],"version-history":[{"count":63,"href":"https:\/\/fk-designer.com\/index.php\/wp-json\/wp\/v2\/pages\/113\/revisions"}],"predecessor-version":[{"id":3816,"href":"https:\/\/fk-designer.com\/index.php\/wp-json\/wp\/v2\/pages\/113\/revisions\/3816"}],"wp:attachment":[{"href":"https:\/\/fk-designer.com\/index.php\/wp-json\/wp\/v2\/media?parent=113"}],"wp:term":[{"taxonomy":"category","embeddable":true,"href":"https:\/\/fk-designer.com\/index.php\/wp-json\/wp\/v2\/categories?post=113"},{"taxonomy":"post_tag","embeddable":true,"href":"https:\/\/fk-designer.com\/index.php\/wp-json\/wp\/v2\/tags?post=113"}],"curies":[{"name":"wp","href":"https:\/\/api.w.org\/{rel}","templated":true}]}}