{"id":1154,"date":"2022-02-18T12:45:03","date_gmt":"2022-02-18T11:45:03","guid":{"rendered":"https:\/\/fk-designer.com\/?page_id=1154"},"modified":"2023-09-25T09:06:33","modified_gmt":"2023-09-25T08:06:33","slug":"dazzly","status":"publish","type":"page","link":"https:\/\/fk-designer.com\/index.php\/dazzly\/","title":{"rendered":"DAZZLY"},"content":{"rendered":"\t\t<div data-elementor-type=\"wp-page\" data-elementor-id=\"1154\" class=\"elementor elementor-1154\">\n\t\t\t\t\t\t<section class=\"elementor-section elementor-top-section elementor-element elementor-element-1e3df9fd elementor-section-full_width elementor-section-height-default elementor-section-height-default\" data-id=\"1e3df9fd\" data-element_type=\"section\" data-e-type=\"section\" data-settings=\"{&quot;background_background&quot;:&quot;classic&quot;}\">\n\t\t\t\t\t\t<div class=\"elementor-container elementor-column-gap-no\">\n\t\t\t\t\t<div class=\"elementor-column elementor-col-100 elementor-top-column elementor-element elementor-element-5db0ab4f\" data-id=\"5db0ab4f\" data-element_type=\"column\" data-e-type=\"column\">\n\t\t\t<div class=\"elementor-widget-wrap elementor-element-populated\">\n\t\t\t\t\t\t<div class=\"elementor-element elementor-element-243196b4 elementor-widget elementor-widget-heading\" data-id=\"243196b4\" data-element_type=\"widget\" data-e-type=\"widget\" data-widget_type=\"heading.default\">\n\t\t\t\t<div class=\"elementor-widget-container\">\n\t\t\t\t\t<h1 class=\"elementor-heading-title elementor-size-default\">DAZZLY<\/h1>\t\t\t\t<\/div>\n\t\t\t\t<\/div>\n\t\t\t\t<div class=\"elementor-element elementor-element-2d51800 elementor-widget elementor-widget-heading\" data-id=\"2d51800\" data-element_type=\"widget\" data-e-type=\"widget\" data-widget_type=\"heading.default\">\n\t\t\t\t<div class=\"elementor-widget-container\">\n\t\t\t\t\t<h2 class=\"elementor-heading-title elementor-size-default\">Design industriel<\/h2>\t\t\t\t<\/div>\n\t\t\t\t<\/div>\n\t\t\t\t\t<\/div>\n\t\t<\/div>\n\t\t\t\t\t<\/div>\n\t\t<\/section>\n\t\t\t\t<section class=\"elementor-section elementor-top-section elementor-element elementor-element-9d69ea8 elementor-section-full_width elementor-section-stretched elementor-section-height-default elementor-section-height-default\" data-id=\"9d69ea8\" data-element_type=\"section\" data-e-type=\"section\" data-settings=\"{&quot;background_background&quot;:&quot;classic&quot;,&quot;stretch_section&quot;:&quot;section-stretched&quot;}\">\n\t\t\t\t\t\t<div class=\"elementor-container elementor-column-gap-no\">\n\t\t\t\t\t<div class=\"elementor-column elementor-col-50 elementor-top-column elementor-element elementor-element-69c13795\" data-id=\"69c13795\" data-element_type=\"column\" data-e-type=\"column\" data-settings=\"{&quot;background_background&quot;:&quot;classic&quot;}\">\n\t\t\t<div class=\"elementor-widget-wrap elementor-element-populated\">\n\t\t\t\t\t\t<section class=\"elementor-section elementor-inner-section elementor-element elementor-element-6e4a6ae9 elementor-section-boxed elementor-section-height-default elementor-section-height-default\" data-id=\"6e4a6ae9\" data-element_type=\"section\" data-e-type=\"section\">\n\t\t\t\t\t\t<div class=\"elementor-container elementor-column-gap-no\">\n\t\t\t\t\t<div class=\"elementor-column elementor-col-100 elementor-inner-column elementor-element elementor-element-3cec88b9\" data-id=\"3cec88b9\" data-element_type=\"column\" data-e-type=\"column\">\n\t\t\t<div class=\"elementor-widget-wrap elementor-element-populated\">\n\t\t\t\t\t\t<div class=\"elementor-element elementor-element-3c76282 elementor-widget elementor-widget-heading\" data-id=\"3c76282\" data-element_type=\"widget\" data-e-type=\"widget\" data-widget_type=\"heading.default\">\n\t\t\t\t<div class=\"elementor-widget-container\">\n\t\t\t\t\t<h2 class=\"elementor-heading-title elementor-size-default\">Enjeu<\/h2>\t\t\t\t<\/div>\n\t\t\t\t<\/div>\n\t\t\t\t<div class=\"elementor-element elementor-element-114b125 elementor-widget elementor-widget-text-editor\" data-id=\"114b125\" data-element_type=\"widget\" data-e-type=\"widget\" data-widget_type=\"text-editor.default\">\n\t\t\t\t<div class=\"elementor-widget-container\">\n\t\t\t\t\t\t\t\t\t<p>La soci\u00e9t\u00e9 Karroad met la technologie de traitement d\u2019image au service de la lutte contre les incivilit\u00e9s. Elle a souhait\u00e9 d\u00e9velopper un \u00e9quipement d\u00e9tectant les <b>d\u00e9p\u00f4ts sauvages<\/b>. Celui-ci se doit d\u2019\u00eatre compact, autonome et facile \u00e0 attacher sur un support. Cet outil de lutte est \u00e0 destination des collectivit\u00e9s\u00a0: le d\u00e9fi est de leur proposer un objet qui respire la <b>bonne conception<\/b> tout en \u00e9tant <b>discret <\/b>une fois install\u00e9.<\/p>\t\t\t\t\t\t\t\t<\/div>\n\t\t\t\t<\/div>\n\t\t\t\t\t<\/div>\n\t\t<\/div>\n\t\t\t\t\t<\/div>\n\t\t<\/section>\n\t\t\t\t\t<\/div>\n\t\t<\/div>\n\t\t\t\t<div class=\"elementor-column elementor-col-50 elementor-top-column elementor-element elementor-element-40632c67\" data-id=\"40632c67\" data-element_type=\"column\" data-e-type=\"column\">\n\t\t\t<div class=\"elementor-widget-wrap elementor-element-populated\">\n\t\t\t\t\t\t<section class=\"elementor-section elementor-inner-section elementor-element elementor-element-77ded2c9 elementor-section-full_width elementor-section-content-middle elementor-section-height-default elementor-section-height-default\" data-id=\"77ded2c9\" data-element_type=\"section\" data-e-type=\"section\" data-settings=\"{&quot;background_background&quot;:&quot;classic&quot;}\">\n\t\t\t\t\t\t<div class=\"elementor-container elementor-column-gap-no\">\n\t\t\t\t\t<div class=\"elementor-column elementor-col-100 elementor-inner-column elementor-element elementor-element-7d320657\" data-id=\"7d320657\" data-element_type=\"column\" data-e-type=\"column\">\n\t\t\t<div class=\"elementor-widget-wrap elementor-element-populated\">\n\t\t\t\t\t\t<div class=\"elementor-element elementor-element-e11ef3e elementor-widget elementor-widget-image\" data-id=\"e11ef3e\" data-element_type=\"widget\" data-e-type=\"widget\" data-widget_type=\"image.default\">\n\t\t\t\t<div class=\"elementor-widget-container\">\n\t\t\t\t\t\t\t\t\t\t\t\t\t\t\t<img fetchpriority=\"high\" decoding=\"async\" width=\"1024\" height=\"673\" src=\"https:\/\/fk-designer.com\/wp-content\/uploads\/2022\/02\/44b2b49d-e34c-4e0f-8eae-60a51b252bad-e1645185038472-1024x673.png\" class=\"attachment-large size-large wp-image-1166\" alt=\"la cam\u00e9ra Dazzly pour Karroad dans son environnement\" srcset=\"https:\/\/fk-designer.com\/wp-content\/uploads\/2022\/02\/44b2b49d-e34c-4e0f-8eae-60a51b252bad-e1645185038472-1024x673.png 1024w, https:\/\/fk-designer.com\/wp-content\/uploads\/2022\/02\/44b2b49d-e34c-4e0f-8eae-60a51b252bad-e1645185038472-300x197.png 300w, https:\/\/fk-designer.com\/wp-content\/uploads\/2022\/02\/44b2b49d-e34c-4e0f-8eae-60a51b252bad-e1645185038472-768x504.png 768w, https:\/\/fk-designer.com\/wp-content\/uploads\/2022\/02\/44b2b49d-e34c-4e0f-8eae-60a51b252bad-e1645185038472-500x328.png 500w, https:\/\/fk-designer.com\/wp-content\/uploads\/2022\/02\/44b2b49d-e34c-4e0f-8eae-60a51b252bad-e1645185038472-800x525.png 800w, https:\/\/fk-designer.com\/wp-content\/uploads\/2022\/02\/44b2b49d-e34c-4e0f-8eae-60a51b252bad-e1645185038472-1280x841.png 1280w, https:\/\/fk-designer.com\/wp-content\/uploads\/2022\/02\/44b2b49d-e34c-4e0f-8eae-60a51b252bad-e1645185038472.png 1483w\" sizes=\"(max-width: 1024px) 100vw, 1024px\" \/>\t\t\t\t\t\t\t\t\t\t\t\t\t\t\t<\/div>\n\t\t\t\t<\/div>\n\t\t\t\t\t<\/div>\n\t\t<\/div>\n\t\t\t\t\t<\/div>\n\t\t<\/section>\n\t\t\t\t\t<\/div>\n\t\t<\/div>\n\t\t\t\t\t<\/div>\n\t\t<\/section>\n\t\t\t\t<section class=\"elementor-section elementor-top-section elementor-element elementor-element-68b28550 elementor-section-full_width elementor-section-height-default elementor-section-height-default\" data-id=\"68b28550\" data-element_type=\"section\" data-e-type=\"section\" data-settings=\"{&quot;background_background&quot;:&quot;classic&quot;}\">\n\t\t\t\t\t\t<div class=\"elementor-container elementor-column-gap-no\">\n\t\t\t\t\t<div class=\"elementor-column elementor-col-100 elementor-top-column elementor-element elementor-element-5b324f44\" data-id=\"5b324f44\" data-element_type=\"column\" data-e-type=\"column\">\n\t\t\t<div class=\"elementor-widget-wrap elementor-element-populated\">\n\t\t\t\t\t\t<section class=\"elementor-section elementor-inner-section elementor-element elementor-element-79cc9c76 elementor-section-boxed elementor-section-height-default elementor-section-height-default\" data-id=\"79cc9c76\" data-element_type=\"section\" data-e-type=\"section\">\n\t\t\t\t\t\t<div class=\"elementor-container elementor-column-gap-default\">\n\t\t\t\t\t<div class=\"elementor-column elementor-col-50 elementor-inner-column elementor-element elementor-element-700d3681\" data-id=\"700d3681\" data-element_type=\"column\" data-e-type=\"column\">\n\t\t\t<div class=\"elementor-widget-wrap elementor-element-populated\">\n\t\t\t\t\t\t<div class=\"elementor-element elementor-element-f736d9a elementor-widget elementor-widget-image\" data-id=\"f736d9a\" data-element_type=\"widget\" data-e-type=\"widget\" data-widget_type=\"image.default\">\n\t\t\t\t<div class=\"elementor-widget-container\">\n\t\t\t\t\t\t\t\t\t\t\t\t\t\t\t<img decoding=\"async\" src=\"https:\/\/fk-designer.com\/wp-content\/uploads\/2022\/02\/thumbnail_processed-3.jpg\" title=\"thumbnail_processed (3)\" alt=\"le prototype de la cam\u00e9ra Dazzly pour Karroad\" loading=\"lazy\" \/>\t\t\t\t\t\t\t\t\t\t\t\t\t\t\t<\/div>\n\t\t\t\t<\/div>\n\t\t\t\t\t<\/div>\n\t\t<\/div>\n\t\t\t\t<div class=\"elementor-column elementor-col-50 elementor-inner-column elementor-element elementor-element-3734e8f3\" data-id=\"3734e8f3\" data-element_type=\"column\" data-e-type=\"column\">\n\t\t\t<div class=\"elementor-widget-wrap elementor-element-populated\">\n\t\t\t\t\t\t<div class=\"elementor-element elementor-element-5d9749f9 elementor-widget elementor-widget-image\" data-id=\"5d9749f9\" data-element_type=\"widget\" data-e-type=\"widget\" data-widget_type=\"image.default\">\n\t\t\t\t<div class=\"elementor-widget-container\">\n\t\t\t\t\t\t\t\t\t\t\t\t\t\t\t<img decoding=\"async\" width=\"1024\" height=\"1024\" src=\"https:\/\/fk-designer.com\/wp-content\/uploads\/2022\/02\/dessin-01.svg\" class=\"attachment-large size-large wp-image-1167\" alt=\"dessin technique du dispositif\" \/>\t\t\t\t\t\t\t\t\t\t\t\t\t\t\t<\/div>\n\t\t\t\t<\/div>\n\t\t\t\t\t<\/div>\n\t\t<\/div>\n\t\t\t\t\t<\/div>\n\t\t<\/section>\n\t\t\t\t\t<\/div>\n\t\t<\/div>\n\t\t\t\t\t<\/div>\n\t\t<\/section>\n\t\t\t\t<section class=\"elementor-section elementor-top-section elementor-element elementor-element-1f5a0b2b elementor-section-full_width elementor-section-stretched elementor-section-height-default elementor-section-height-default\" data-id=\"1f5a0b2b\" data-element_type=\"section\" data-e-type=\"section\" data-settings=\"{&quot;background_background&quot;:&quot;classic&quot;,&quot;stretch_section&quot;:&quot;section-stretched&quot;}\">\n\t\t\t\t\t\t<div class=\"elementor-container elementor-column-gap-no\">\n\t\t\t\t\t<div class=\"elementor-column elementor-col-50 elementor-top-column elementor-element elementor-element-3f073adc\" data-id=\"3f073adc\" data-element_type=\"column\" data-e-type=\"column\" data-settings=\"{&quot;background_background&quot;:&quot;classic&quot;}\">\n\t\t\t<div class=\"elementor-widget-wrap elementor-element-populated\">\n\t\t\t\t\t\t<section class=\"elementor-section elementor-inner-section elementor-element elementor-element-51a8e128 elementor-section-boxed elementor-section-height-default elementor-section-height-default\" data-id=\"51a8e128\" data-element_type=\"section\" data-e-type=\"section\">\n\t\t\t\t\t\t<div class=\"elementor-container elementor-column-gap-no\">\n\t\t\t\t\t<div class=\"elementor-column elementor-col-100 elementor-inner-column elementor-element elementor-element-57c523a1\" data-id=\"57c523a1\" data-element_type=\"column\" data-e-type=\"column\">\n\t\t\t<div class=\"elementor-widget-wrap elementor-element-populated\">\n\t\t\t\t\t\t<div class=\"elementor-element elementor-element-2bd4a77c elementor-widget elementor-widget-heading\" data-id=\"2bd4a77c\" data-element_type=\"widget\" data-e-type=\"widget\" data-widget_type=\"heading.default\">\n\t\t\t\t<div class=\"elementor-widget-container\">\n\t\t\t\t\t<h2 class=\"elementor-heading-title elementor-size-default\">Projet<\/h2>\t\t\t\t<\/div>\n\t\t\t\t<\/div>\n\t\t\t\t<div class=\"elementor-element elementor-element-11af4f29 elementor-widget elementor-widget-text-editor\" data-id=\"11af4f29\" data-element_type=\"widget\" data-e-type=\"widget\" data-widget_type=\"text-editor.default\">\n\t\t\t\t<div class=\"elementor-widget-container\">\n\t\t\t\t\t\t\t\t\t<p>S\u2019inspirant aussi bien des z\u00e8bres que des camouflages des anciens bateaux militaires, le concept propos\u00e9 se d\u00e9marque des dispositifs de surveillance courants, en cachant le capteur et cassant les angles et les volumes. Il en r\u00e9sulte une forme qui ne se veut pas invisible, mais qui sait <b>se fondre<\/b> dans un environnement p\u00e9ri-urbain. L\u2019objet r\u00e9pond \u00e0 toutes les <b>contraintes techniques<\/b>, en logeant l\u2019\u00e9lectronique et l\u2019optique, tout en \u00e9tant \u00e9tanche \u00e0 l\u2019humidit\u00e9 et \u00e0 la poussi\u00e8re.<\/p>\t\t\t\t\t\t\t\t<\/div>\n\t\t\t\t<\/div>\n\t\t\t\t\t<\/div>\n\t\t<\/div>\n\t\t\t\t\t<\/div>\n\t\t<\/section>\n\t\t\t\t\t<\/div>\n\t\t<\/div>\n\t\t\t\t<div class=\"elementor-column elementor-col-50 elementor-top-column elementor-element elementor-element-44d04070\" data-id=\"44d04070\" data-element_type=\"column\" data-e-type=\"column\">\n\t\t\t<div class=\"elementor-widget-wrap elementor-element-populated\">\n\t\t\t\t\t\t<section class=\"elementor-section elementor-inner-section elementor-element elementor-element-42b4f725 elementor-section-full_width elementor-section-content-middle elementor-section-height-default elementor-section-height-default\" data-id=\"42b4f725\" data-element_type=\"section\" data-e-type=\"section\" data-settings=\"{&quot;background_background&quot;:&quot;classic&quot;}\">\n\t\t\t\t\t\t<div class=\"elementor-container elementor-column-gap-no\">\n\t\t\t\t\t<div class=\"elementor-column elementor-col-100 elementor-inner-column elementor-element elementor-element-c082e12\" data-id=\"c082e12\" data-element_type=\"column\" data-e-type=\"column\">\n\t\t\t<div class=\"elementor-widget-wrap elementor-element-populated\">\n\t\t\t\t\t\t<div class=\"elementor-element elementor-element-71b3e62 elementor-widget elementor-widget-image\" data-id=\"71b3e62\" data-element_type=\"widget\" data-e-type=\"widget\" data-widget_type=\"image.default\">\n\t\t\t\t<div class=\"elementor-widget-container\">\n\t\t\t\t\t\t\t\t\t\t\t\t\t\t\t<img decoding=\"async\" width=\"1024\" height=\"1024\" src=\"https:\/\/fk-designer.com\/wp-content\/uploads\/2022\/02\/New-Dazzly-6eme-proto-v3-1024x1024.png\" class=\"attachment-large size-large wp-image-1158\" alt=\"vue en transparence de la cam\u00e9ra et des composants\" srcset=\"https:\/\/fk-designer.com\/wp-content\/uploads\/2022\/02\/New-Dazzly-6eme-proto-v3-1024x1024.png 1024w, https:\/\/fk-designer.com\/wp-content\/uploads\/2022\/02\/New-Dazzly-6eme-proto-v3-300x300.png 300w, https:\/\/fk-designer.com\/wp-content\/uploads\/2022\/02\/New-Dazzly-6eme-proto-v3-150x150.png 150w, https:\/\/fk-designer.com\/wp-content\/uploads\/2022\/02\/New-Dazzly-6eme-proto-v3-768x768.png 768w, https:\/\/fk-designer.com\/wp-content\/uploads\/2022\/02\/New-Dazzly-6eme-proto-v3-500x500.png 500w, https:\/\/fk-designer.com\/wp-content\/uploads\/2022\/02\/New-Dazzly-6eme-proto-v3-800x800.png 800w, https:\/\/fk-designer.com\/wp-content\/uploads\/2022\/02\/New-Dazzly-6eme-proto-v3.png 1038w\" sizes=\"(max-width: 1024px) 100vw, 1024px\" \/>\t\t\t\t\t\t\t\t\t\t\t\t\t\t\t<\/div>\n\t\t\t\t<\/div>\n\t\t\t\t\t<\/div>\n\t\t<\/div>\n\t\t\t\t\t<\/div>\n\t\t<\/section>\n\t\t\t\t\t<\/div>\n\t\t<\/div>\n\t\t\t\t\t<\/div>\n\t\t<\/section>\n\t\t\t\t<section class=\"elementor-section elementor-top-section elementor-element elementor-element-598c35e0 elementor-section-full_width elementor-section-height-default elementor-section-height-default\" data-id=\"598c35e0\" data-element_type=\"section\" data-e-type=\"section\" data-settings=\"{&quot;background_background&quot;:&quot;classic&quot;}\">\n\t\t\t\t\t\t<div class=\"elementor-container elementor-column-gap-no\">\n\t\t\t\t\t<div class=\"elementor-column elementor-col-100 elementor-top-column elementor-element elementor-element-3c314b2e\" data-id=\"3c314b2e\" data-element_type=\"column\" data-e-type=\"column\">\n\t\t\t<div class=\"elementor-widget-wrap elementor-element-populated\">\n\t\t\t\t\t\t<section class=\"elementor-section elementor-inner-section elementor-element elementor-element-1d201ba4 elementor-section-boxed elementor-section-height-default elementor-section-height-default\" data-id=\"1d201ba4\" data-element_type=\"section\" data-e-type=\"section\">\n\t\t\t\t\t\t<div class=\"elementor-container elementor-column-gap-default\">\n\t\t\t\t\t<div class=\"elementor-column elementor-col-50 elementor-inner-column elementor-element elementor-element-52978569\" data-id=\"52978569\" data-element_type=\"column\" data-e-type=\"column\">\n\t\t\t<div class=\"elementor-widget-wrap elementor-element-populated\">\n\t\t\t\t\t\t<div class=\"elementor-element elementor-element-35902c97 elementor-widget elementor-widget-image\" data-id=\"35902c97\" data-element_type=\"widget\" data-e-type=\"widget\" data-widget_type=\"image.default\">\n\t\t\t\t<div class=\"elementor-widget-container\">\n\t\t\t\t\t\t\t\t\t\t\t\t\t\t\t<img decoding=\"async\" src=\"https:\/\/fk-designer.com\/wp-content\/uploads\/2022\/02\/thumbnail_processed-8.jpg\" title=\"thumbnail_processed (8)\" alt=\"photo de la cam\u00e9ra et du module batterie sur un arbre\" loading=\"lazy\" \/>\t\t\t\t\t\t\t\t\t\t\t\t\t\t\t<\/div>\n\t\t\t\t<\/div>\n\t\t\t\t\t<\/div>\n\t\t<\/div>\n\t\t\t\t<div class=\"elementor-column elementor-col-50 elementor-inner-column elementor-element elementor-element-29ae7738\" data-id=\"29ae7738\" data-element_type=\"column\" data-e-type=\"column\">\n\t\t\t<div class=\"elementor-widget-wrap elementor-element-populated\">\n\t\t\t\t\t\t<div class=\"elementor-element elementor-element-3d6453ec elementor-widget elementor-widget-image\" data-id=\"3d6453ec\" data-element_type=\"widget\" data-e-type=\"widget\" data-widget_type=\"image.default\">\n\t\t\t\t<div class=\"elementor-widget-container\">\n\t\t\t\t\t\t\t\t\t\t\t\t\t\t\t<img loading=\"lazy\" decoding=\"async\" width=\"1152\" height=\"1536\" src=\"https:\/\/fk-designer.com\/wp-content\/uploads\/2022\/02\/IMG_9634-1152x1536.jpg\" class=\"attachment-1536x1536 size-1536x1536 wp-image-1159\" alt=\"photo de la cam\u00e9ra sur un poteau\" srcset=\"https:\/\/fk-designer.com\/wp-content\/uploads\/2022\/02\/IMG_9634-1152x1536.jpg 1152w, https:\/\/fk-designer.com\/wp-content\/uploads\/2022\/02\/IMG_9634-225x300.jpg 225w, https:\/\/fk-designer.com\/wp-content\/uploads\/2022\/02\/IMG_9634-768x1024.jpg 768w, https:\/\/fk-designer.com\/wp-content\/uploads\/2022\/02\/IMG_9634-1536x2048.jpg 1536w, https:\/\/fk-designer.com\/wp-content\/uploads\/2022\/02\/IMG_9634-500x667.jpg 500w, https:\/\/fk-designer.com\/wp-content\/uploads\/2022\/02\/IMG_9634-800x1067.jpg 800w, https:\/\/fk-designer.com\/wp-content\/uploads\/2022\/02\/IMG_9634-1280x1707.jpg 1280w, https:\/\/fk-designer.com\/wp-content\/uploads\/2022\/02\/IMG_9634-scaled.jpg 1920w\" sizes=\"(max-width: 1152px) 100vw, 1152px\" \/>\t\t\t\t\t\t\t\t\t\t\t\t\t\t\t<\/div>\n\t\t\t\t<\/div>\n\t\t\t\t\t<\/div>\n\t\t<\/div>\n\t\t\t\t\t<\/div>\n\t\t<\/section>\n\t\t\t\t\t<\/div>\n\t\t<\/div>\n\t\t\t\t\t<\/div>\n\t\t<\/section>\n\t\t\t\t<\/div>\n\t\t","protected":false},"excerpt":{"rendered":"<p>DAZZLY Design industriel Enjeu La soci\u00e9t\u00e9 Karroad met la technologie de traitement d\u2019image au service de la lutte contre les incivilit\u00e9s. Elle a souhait\u00e9 d\u00e9velopper un \u00e9quipement d\u00e9tectant les d\u00e9p\u00f4ts sauvages. Celui-ci se doit d\u2019\u00eatre compact, autonome et facile \u00e0 attacher sur un support. Cet outil de lutte est \u00e0 destination des collectivit\u00e9s&nbsp;: le d\u00e9fi [&hellip;]<\/p>\n","protected":false},"author":1,"featured_media":1157,"parent":0,"menu_order":1,"comment_status":"closed","ping_status":"closed","template":"","meta":{"_seopress_robots_primary_cat":"","_seopress_titles_title":"Projet Dazzly - FK DESIGNER","_seopress_titles_desc":"Dazzly est un outil de la lutte contre les d\u00e9p\u00f4ts sauvages. Discret et r\u00e9pondant \u00e0 des contraintes techniques strictes, il se font dans l&#039;environnement.","_seopress_robots_index":"","inline_featured_image":false,"site-sidebar-layout":"no-sidebar","site-content-layout":"page-builder","ast-site-content-layout":"","site-content-style":"default","site-sidebar-style":"default","ast-global-header-display":"","ast-banner-title-visibility":"","ast-main-header-display":"","ast-hfb-above-header-display":"","ast-hfb-below-header-display":"","ast-hfb-mobile-header-display":"","site-post-title":"disabled","ast-breadcrumbs-content":"","ast-featured-img":"disabled","footer-sml-layout":"","theme-transparent-header-meta":"","adv-header-id-meta":"","stick-header-meta":"","header-above-stick-meta":"","header-main-stick-meta":"","header-below-stick-meta":"","astra-migrate-meta-layouts":"default","ast-page-background-enabled":"default","ast-page-background-meta":{"desktop":{"background-color":"","background-image":"","background-repeat":"repeat","background-position":"center center","background-size":"auto","background-attachment":"scroll","background-type":"","background-media":"","overlay-type":"","overlay-color":"","overlay-opacity":"","overlay-gradient":""},"tablet":{"background-color":"","background-image":"","background-repeat":"repeat","background-position":"center center","background-size":"auto","background-attachment":"scroll","background-type":"","background-media":"","overlay-type":"","overlay-color":"","overlay-opacity":"","overlay-gradient":""},"mobile":{"background-color":"","background-image":"","background-repeat":"repeat","background-position":"center center","background-size":"auto","background-attachment":"scroll","background-type":"","background-media":"","overlay-type":"","overlay-color":"","overlay-opacity":"","overlay-gradient":""}},"ast-content-background-meta":{"desktop":{"background-color":"var(--ast-global-color-5)","background-image":"","background-repeat":"repeat","background-position":"center center","background-size":"auto","background-attachment":"scroll","background-type":"","background-media":"","overlay-type":"","overlay-color":"","overlay-opacity":"","overlay-gradient":""},"tablet":{"background-color":"var(--ast-global-color-5)","background-image":"","background-repeat":"repeat","background-position":"center center","background-size":"auto","background-attachment":"scroll","background-type":"","background-media":"","overlay-type":"","overlay-color":"","overlay-opacity":"","overlay-gradient":""},"mobile":{"background-color":"var(--ast-global-color-5)","background-image":"","background-repeat":"repeat","background-position":"center center","background-size":"auto","background-attachment":"scroll","background-type":"","background-media":"","overlay-type":"","overlay-color":"","overlay-opacity":"","overlay-gradient":""}},"_vp_format_video_url":"","_vp_image_focal_point":[],"footnotes":""},"categories":[23],"tags":[20,19],"class_list":["post-1154","page","type-page","status-publish","has-post-thumbnail","hentry","category-portfolio","tag-en-avant","tag-portfolio"],"_links":{"self":[{"href":"https:\/\/fk-designer.com\/index.php\/wp-json\/wp\/v2\/pages\/1154","targetHints":{"allow":["GET"]}}],"collection":[{"href":"https:\/\/fk-designer.com\/index.php\/wp-json\/wp\/v2\/pages"}],"about":[{"href":"https:\/\/fk-designer.com\/index.php\/wp-json\/wp\/v2\/types\/page"}],"author":[{"embeddable":true,"href":"https:\/\/fk-designer.com\/index.php\/wp-json\/wp\/v2\/users\/1"}],"replies":[{"embeddable":true,"href":"https:\/\/fk-designer.com\/index.php\/wp-json\/wp\/v2\/comments?post=1154"}],"version-history":[{"count":13,"href":"https:\/\/fk-designer.com\/index.php\/wp-json\/wp\/v2\/pages\/1154\/revisions"}],"predecessor-version":[{"id":1575,"href":"https:\/\/fk-designer.com\/index.php\/wp-json\/wp\/v2\/pages\/1154\/revisions\/1575"}],"wp:featuredmedia":[{"embeddable":true,"href":"https:\/\/fk-designer.com\/index.php\/wp-json\/wp\/v2\/media\/1157"}],"wp:attachment":[{"href":"https:\/\/fk-designer.com\/index.php\/wp-json\/wp\/v2\/media?parent=1154"}],"wp:term":[{"taxonomy":"category","embeddable":true,"href":"https:\/\/fk-designer.com\/index.php\/wp-json\/wp\/v2\/categories?post=1154"},{"taxonomy":"post_tag","embeddable":true,"href":"https:\/\/fk-designer.com\/index.php\/wp-json\/wp\/v2\/tags?post=1154"}],"curies":[{"name":"wp","href":"https:\/\/api.w.org\/{rel}","templated":true}]}}