{"id":3280,"date":"2023-09-19T21:31:03","date_gmt":"2023-09-19T20:31:03","guid":{"rendered":"https:\/\/fk-designer.com\/?page_id=3280"},"modified":"2023-09-19T21:31:19","modified_gmt":"2023-09-19T20:31:19","slug":"lafee","status":"publish","type":"page","link":"https:\/\/fk-designer.com\/index.php\/lafee\/","title":{"rendered":"LAF\u00c9E"},"content":{"rendered":"\t\t<div data-elementor-type=\"wp-page\" data-elementor-id=\"3280\" class=\"elementor elementor-3280\">\n\t\t\t\t\t\t<section class=\"elementor-section elementor-top-section elementor-element elementor-element-6edf2768 elementor-section-full_width elementor-section-height-default elementor-section-height-default\" data-id=\"6edf2768\" data-element_type=\"section\" data-e-type=\"section\" data-settings=\"{&quot;background_background&quot;:&quot;classic&quot;}\">\n\t\t\t\t\t\t<div class=\"elementor-container elementor-column-gap-no\">\n\t\t\t\t\t<div class=\"elementor-column elementor-col-100 elementor-top-column elementor-element elementor-element-1dee8726\" data-id=\"1dee8726\" data-element_type=\"column\" data-e-type=\"column\">\n\t\t\t<div class=\"elementor-widget-wrap elementor-element-populated\">\n\t\t\t\t\t\t<div class=\"elementor-element elementor-element-34ed00df elementor-widget elementor-widget-heading\" data-id=\"34ed00df\" data-element_type=\"widget\" data-e-type=\"widget\" data-widget_type=\"heading.default\">\n\t\t\t\t<div class=\"elementor-widget-container\">\n\t\t\t\t\t<h1 class=\"elementor-heading-title elementor-size-default\">LAF\u00c9E<\/h1>\t\t\t\t<\/div>\n\t\t\t\t<\/div>\n\t\t\t\t<div class=\"elementor-element elementor-element-5f27f7f7 elementor-widget elementor-widget-heading\" data-id=\"5f27f7f7\" data-element_type=\"widget\" data-e-type=\"widget\" data-widget_type=\"heading.default\">\n\t\t\t\t<div class=\"elementor-widget-container\">\n\t\t\t\t\t<h2 class=\"elementor-heading-title elementor-size-default\">Design objetLuminaire<\/h2>\t\t\t\t<\/div>\n\t\t\t\t<\/div>\n\t\t\t\t\t<\/div>\n\t\t<\/div>\n\t\t\t\t\t<\/div>\n\t\t<\/section>\n\t\t\t\t<section class=\"elementor-section elementor-top-section elementor-element elementor-element-30ff008a elementor-section-full_width elementor-section-stretched elementor-section-height-default elementor-section-height-default\" data-id=\"30ff008a\" data-element_type=\"section\" data-e-type=\"section\" data-settings=\"{&quot;background_background&quot;:&quot;classic&quot;,&quot;stretch_section&quot;:&quot;section-stretched&quot;}\">\n\t\t\t\t\t\t<div class=\"elementor-container elementor-column-gap-no\">\n\t\t\t\t\t<div class=\"elementor-column elementor-col-50 elementor-top-column elementor-element elementor-element-5052f3b\" data-id=\"5052f3b\" data-element_type=\"column\" data-e-type=\"column\" data-settings=\"{&quot;background_background&quot;:&quot;classic&quot;}\">\n\t\t\t<div class=\"elementor-widget-wrap elementor-element-populated\">\n\t\t\t\t\t\t<section class=\"elementor-section elementor-inner-section elementor-element elementor-element-487bd1a5 elementor-section-boxed elementor-section-height-default elementor-section-height-default\" data-id=\"487bd1a5\" data-element_type=\"section\" data-e-type=\"section\">\n\t\t\t\t\t\t<div class=\"elementor-container elementor-column-gap-no\">\n\t\t\t\t\t<div class=\"elementor-column elementor-col-100 elementor-inner-column elementor-element elementor-element-351ac0b1\" data-id=\"351ac0b1\" data-element_type=\"column\" data-e-type=\"column\">\n\t\t\t<div class=\"elementor-widget-wrap elementor-element-populated\">\n\t\t\t\t\t\t<div class=\"elementor-element elementor-element-6097023 elementor-widget elementor-widget-heading\" data-id=\"6097023\" data-element_type=\"widget\" data-e-type=\"widget\" data-widget_type=\"heading.default\">\n\t\t\t\t<div class=\"elementor-widget-container\">\n\t\t\t\t\t<h2 class=\"elementor-heading-title elementor-size-default\">Objet<\/h2>\t\t\t\t<\/div>\n\t\t\t\t<\/div>\n\t\t\t\t<div class=\"elementor-element elementor-element-6d290e66 elementor-widget__width-initial elementor-widget elementor-widget-text-editor\" data-id=\"6d290e66\" data-element_type=\"widget\" data-e-type=\"widget\" data-widget_type=\"text-editor.default\">\n\t\t\t\t<div class=\"elementor-widget-container\">\n\t\t\t\t\t\t\t\t\t<p>D\u00e9couverte il y a plus de deux cents ans, l\u2019<b>\u00e9lectricit\u00e9<\/b> fascine<br \/>toujours autant. Bien qu\u2019elle soit intangible, nous ressentons<br \/>son pouvoir : elle nous illumine. La suspension <i>Laf\u00e9e <\/i>donne<br \/>une forme \u00e0 notre \u00e9merveillement pour l\u2019\u00e9lectricit\u00e9. C\u2019est<br \/>une <b>all\u00e9gorie ludique<\/b> qui s\u2019inspire des insectes volants,<br \/>des vaisseaux et des avions. \u201cPropuls\u00e9e\u201d par une ampoule<br \/>elle saura, telle la luciole, \u00e9clairer une pi\u00e8ce par sa <b>douce<br \/>pr\u00e9sence<\/b>.<\/p><p><br \/>&#8211;<i>Prototype fonctionnel r\u00e9alis\u00e9 en impression 3D<br \/>-Compatible ampoule culot E14<\/i><\/p>\t\t\t\t\t\t\t\t<\/div>\n\t\t\t\t<\/div>\n\t\t\t\t\t<\/div>\n\t\t<\/div>\n\t\t\t\t\t<\/div>\n\t\t<\/section>\n\t\t\t\t\t<\/div>\n\t\t<\/div>\n\t\t\t\t<div class=\"elementor-column elementor-col-50 elementor-top-column elementor-element elementor-element-1439c95c\" data-id=\"1439c95c\" data-element_type=\"column\" data-e-type=\"column\" data-settings=\"{&quot;background_background&quot;:&quot;classic&quot;}\">\n\t\t\t<div class=\"elementor-widget-wrap elementor-element-populated\">\n\t\t\t\t\t\t<div class=\"elementor-element elementor-element-1597c36 elementor-widget elementor-widget-image\" data-id=\"1597c36\" data-element_type=\"widget\" data-e-type=\"widget\" data-widget_type=\"image.default\">\n\t\t\t\t<div class=\"elementor-widget-container\">\n\t\t\t\t\t\t\t\t\t\t\t\t\t\t\t<img fetchpriority=\"high\" decoding=\"async\" width=\"1920\" height=\"1080\" src=\"https:\/\/fk-designer.com\/wp-content\/uploads\/2023\/09\/fee4_rendu_2_web.jpg\" class=\"attachment-full size-full wp-image-3283\" alt=\"Vue 3\/4 bas de la suspension\" srcset=\"https:\/\/fk-designer.com\/wp-content\/uploads\/2023\/09\/fee4_rendu_2_web.jpg 1920w, https:\/\/fk-designer.com\/wp-content\/uploads\/2023\/09\/fee4_rendu_2_web-300x169.jpg 300w, https:\/\/fk-designer.com\/wp-content\/uploads\/2023\/09\/fee4_rendu_2_web-1024x576.jpg 1024w, https:\/\/fk-designer.com\/wp-content\/uploads\/2023\/09\/fee4_rendu_2_web-768x432.jpg 768w, https:\/\/fk-designer.com\/wp-content\/uploads\/2023\/09\/fee4_rendu_2_web-1536x864.jpg 1536w, https:\/\/fk-designer.com\/wp-content\/uploads\/2023\/09\/fee4_rendu_2_web-500x281.jpg 500w, https:\/\/fk-designer.com\/wp-content\/uploads\/2023\/09\/fee4_rendu_2_web-800x450.jpg 800w, https:\/\/fk-designer.com\/wp-content\/uploads\/2023\/09\/fee4_rendu_2_web-1280x720.jpg 1280w\" sizes=\"(max-width: 1920px) 100vw, 1920px\" \/>\t\t\t\t\t\t\t\t\t\t\t\t\t\t\t<\/div>\n\t\t\t\t<\/div>\n\t\t\t\t\t<\/div>\n\t\t<\/div>\n\t\t\t\t\t<\/div>\n\t\t<\/section>\n\t\t\t\t<section class=\"elementor-section elementor-top-section elementor-element elementor-element-435db590 elementor-section-full_width elementor-section-height-default elementor-section-height-default\" data-id=\"435db590\" data-element_type=\"section\" data-e-type=\"section\" data-settings=\"{&quot;background_background&quot;:&quot;classic&quot;}\">\n\t\t\t\t\t\t<div class=\"elementor-container elementor-column-gap-no\">\n\t\t\t\t\t<div class=\"elementor-column elementor-col-100 elementor-top-column elementor-element elementor-element-64e45569\" data-id=\"64e45569\" data-element_type=\"column\" data-e-type=\"column\">\n\t\t\t<div class=\"elementor-widget-wrap elementor-element-populated\">\n\t\t\t\t\t\t<section class=\"elementor-section elementor-inner-section elementor-element elementor-element-36b0034a elementor-section-boxed elementor-section-height-default elementor-section-height-default\" data-id=\"36b0034a\" data-element_type=\"section\" data-e-type=\"section\">\n\t\t\t\t\t\t<div class=\"elementor-container elementor-column-gap-default\">\n\t\t\t\t\t<div class=\"elementor-column elementor-col-50 elementor-inner-column elementor-element elementor-element-84165e\" data-id=\"84165e\" data-element_type=\"column\" data-e-type=\"column\">\n\t\t\t<div class=\"elementor-widget-wrap elementor-element-populated\">\n\t\t\t\t\t\t<div class=\"elementor-element elementor-element-34af482b elementor-widget elementor-widget-image\" data-id=\"34af482b\" data-element_type=\"widget\" data-e-type=\"widget\" data-widget_type=\"image.default\">\n\t\t\t\t<div class=\"elementor-widget-container\">\n\t\t\t\t\t\t\t\t\t\t\t\t\t\t\t<img decoding=\"async\" width=\"1191\" height=\"842\" src=\"https:\/\/fk-designer.com\/wp-content\/uploads\/2023\/09\/fee4-Drawing-pour-pres-v2.svg\" class=\"attachment-full size-full wp-image-3285\" alt=\"plan cot\u00e9 du luminaire Laf\u00e9e\" \/>\t\t\t\t\t\t\t\t\t\t\t\t\t\t\t<\/div>\n\t\t\t\t<\/div>\n\t\t\t\t\t<\/div>\n\t\t<\/div>\n\t\t\t\t<div class=\"elementor-column elementor-col-50 elementor-inner-column elementor-element elementor-element-764ba201\" data-id=\"764ba201\" data-element_type=\"column\" data-e-type=\"column\">\n\t\t\t<div class=\"elementor-widget-wrap elementor-element-populated\">\n\t\t\t\t\t\t<div class=\"elementor-element elementor-element-2ef3964f elementor-widget elementor-widget-image\" data-id=\"2ef3964f\" data-element_type=\"widget\" data-e-type=\"widget\" data-widget_type=\"image.default\">\n\t\t\t\t<div class=\"elementor-widget-container\">\n\t\t\t\t\t\t\t\t\t\t\t\t\t\t\t<img decoding=\"async\" width=\"1920\" height=\"1440\" src=\"https:\/\/fk-designer.com\/wp-content\/uploads\/2023\/09\/lafee1_web.jpg\" class=\"attachment-full size-full wp-image-3286\" alt=\"prototype fonctionnel de Laf\u00e9e\" srcset=\"https:\/\/fk-designer.com\/wp-content\/uploads\/2023\/09\/lafee1_web.jpg 1920w, https:\/\/fk-designer.com\/wp-content\/uploads\/2023\/09\/lafee1_web-300x225.jpg 300w, https:\/\/fk-designer.com\/wp-content\/uploads\/2023\/09\/lafee1_web-1024x768.jpg 1024w, https:\/\/fk-designer.com\/wp-content\/uploads\/2023\/09\/lafee1_web-768x576.jpg 768w, https:\/\/fk-designer.com\/wp-content\/uploads\/2023\/09\/lafee1_web-1536x1152.jpg 1536w, https:\/\/fk-designer.com\/wp-content\/uploads\/2023\/09\/lafee1_web-500x375.jpg 500w, https:\/\/fk-designer.com\/wp-content\/uploads\/2023\/09\/lafee1_web-800x600.jpg 800w, https:\/\/fk-designer.com\/wp-content\/uploads\/2023\/09\/lafee1_web-1280x960.jpg 1280w\" sizes=\"(max-width: 1920px) 100vw, 1920px\" \/>\t\t\t\t\t\t\t\t\t\t\t\t\t\t\t<\/div>\n\t\t\t\t<\/div>\n\t\t\t\t\t<\/div>\n\t\t<\/div>\n\t\t\t\t\t<\/div>\n\t\t<\/section>\n\t\t\t\t\t<\/div>\n\t\t<\/div>\n\t\t\t\t\t<\/div>\n\t\t<\/section>\n\t\t\t\t<\/div>\n\t\t","protected":false},"excerpt":{"rendered":"<p>LAF\u00c9E Design objetLuminaire Objet D\u00e9couverte il y a plus de deux cents ans, l\u2019\u00e9lectricit\u00e9 fascinetoujours autant. Bien qu\u2019elle soit intangible, nous ressentonsson pouvoir : elle nous illumine. La suspension Laf\u00e9e donneune forme \u00e0 notre \u00e9merveillement pour l\u2019\u00e9lectricit\u00e9. C\u2019estune all\u00e9gorie ludique qui s\u2019inspire des insectes volants,des vaisseaux et des avions. \u201cPropuls\u00e9e\u201d par une ampouleelle saura, telle [&hellip;]<\/p>\n","protected":false},"author":1,"featured_media":3282,"parent":0,"menu_order":1,"comment_status":"closed","ping_status":"closed","template":"","meta":{"_seopress_robots_primary_cat":"","_seopress_titles_title":"Projet Laf\u00e9e - FK DESIGNER","_seopress_titles_desc":"La suspension Laf\u00e9e est un luminaire qui met en forme notre \u00e9merveillement pour l\u2019\u00e9lectricit\u00e9.","_seopress_robots_index":"","inline_featured_image":false,"site-sidebar-layout":"no-sidebar","site-content-layout":"page-builder","ast-site-content-layout":"","site-content-style":"default","site-sidebar-style":"default","ast-global-header-display":"","ast-banner-title-visibility":"","ast-main-header-display":"","ast-hfb-above-header-display":"","ast-hfb-below-header-display":"","ast-hfb-mobile-header-display":"","site-post-title":"disabled","ast-breadcrumbs-content":"","ast-featured-img":"disabled","footer-sml-layout":"","theme-transparent-header-meta":"","adv-header-id-meta":"","stick-header-meta":"","header-above-stick-meta":"","header-main-stick-meta":"","header-below-stick-meta":"","astra-migrate-meta-layouts":"default","ast-page-background-enabled":"default","ast-page-background-meta":{"desktop":{"background-color":"","background-image":"","background-repeat":"repeat","background-position":"center center","background-size":"auto","background-attachment":"scroll","background-type":"","background-media":"","overlay-type":"","overlay-color":"","overlay-opacity":"","overlay-gradient":""},"tablet":{"background-color":"","background-image":"","background-repeat":"repeat","background-position":"center center","background-size":"auto","background-attachment":"scroll","background-type":"","background-media":"","overlay-type":"","overlay-color":"","overlay-opacity":"","overlay-gradient":""},"mobile":{"background-color":"","background-image":"","background-repeat":"repeat","background-position":"center center","background-size":"auto","background-attachment":"scroll","background-type":"","background-media":"","overlay-type":"","overlay-color":"","overlay-opacity":"","overlay-gradient":""}},"ast-content-background-meta":{"desktop":{"background-color":"var(--ast-global-color-5)","background-image":"","background-repeat":"repeat","background-position":"center center","background-size":"auto","background-attachment":"scroll","background-type":"","background-media":"","overlay-type":"","overlay-color":"","overlay-opacity":"","overlay-gradient":""},"tablet":{"background-color":"var(--ast-global-color-5)","background-image":"","background-repeat":"repeat","background-position":"center center","background-size":"auto","background-attachment":"scroll","background-type":"","background-media":"","overlay-type":"","overlay-color":"","overlay-opacity":"","overlay-gradient":""},"mobile":{"background-color":"var(--ast-global-color-5)","background-image":"","background-repeat":"repeat","background-position":"center center","background-size":"auto","background-attachment":"scroll","background-type":"","background-media":"","overlay-type":"","overlay-color":"","overlay-opacity":"","overlay-gradient":""}},"_vp_format_video_url":"","_vp_image_focal_point":[],"footnotes":""},"categories":[23],"tags":[20,19],"class_list":["post-3280","page","type-page","status-publish","has-post-thumbnail","hentry","category-portfolio","tag-en-avant","tag-portfolio"],"_links":{"self":[{"href":"https:\/\/fk-designer.com\/index.php\/wp-json\/wp\/v2\/pages\/3280","targetHints":{"allow":["GET"]}}],"collection":[{"href":"https:\/\/fk-designer.com\/index.php\/wp-json\/wp\/v2\/pages"}],"about":[{"href":"https:\/\/fk-designer.com\/index.php\/wp-json\/wp\/v2\/types\/page"}],"author":[{"embeddable":true,"href":"https:\/\/fk-designer.com\/index.php\/wp-json\/wp\/v2\/users\/1"}],"replies":[{"embeddable":true,"href":"https:\/\/fk-designer.com\/index.php\/wp-json\/wp\/v2\/comments?post=3280"}],"version-history":[{"count":4,"href":"https:\/\/fk-designer.com\/index.php\/wp-json\/wp\/v2\/pages\/3280\/revisions"}],"predecessor-version":[{"id":3290,"href":"https:\/\/fk-designer.com\/index.php\/wp-json\/wp\/v2\/pages\/3280\/revisions\/3290"}],"wp:featuredmedia":[{"embeddable":true,"href":"https:\/\/fk-designer.com\/index.php\/wp-json\/wp\/v2\/media\/3282"}],"wp:attachment":[{"href":"https:\/\/fk-designer.com\/index.php\/wp-json\/wp\/v2\/media?parent=3280"}],"wp:term":[{"taxonomy":"category","embeddable":true,"href":"https:\/\/fk-designer.com\/index.php\/wp-json\/wp\/v2\/categories?post=3280"},{"taxonomy":"post_tag","embeddable":true,"href":"https:\/\/fk-designer.com\/index.php\/wp-json\/wp\/v2\/tags?post=3280"}],"curies":[{"name":"wp","href":"https:\/\/api.w.org\/{rel}","templated":true}]}}