{"id":3307,"date":"2023-09-22T08:29:32","date_gmt":"2023-09-22T07:29:32","guid":{"rendered":"https:\/\/fk-designer.com\/?page_id=3307"},"modified":"2023-09-25T09:07:17","modified_gmt":"2023-09-25T08:07:17","slug":"ausdruck","status":"publish","type":"page","link":"https:\/\/fk-designer.com\/index.php\/ausdruck\/","title":{"rendered":"AUSDRUCK"},"content":{"rendered":"\t\t<div data-elementor-type=\"wp-page\" data-elementor-id=\"3307\" class=\"elementor elementor-3307\">\n\t\t\t\t\t\t<section class=\"elementor-section elementor-top-section elementor-element elementor-element-6edf2768 elementor-section-full_width elementor-section-height-default elementor-section-height-default\" data-id=\"6edf2768\" data-element_type=\"section\" data-e-type=\"section\" data-settings=\"{&quot;background_background&quot;:&quot;classic&quot;}\">\n\t\t\t\t\t\t<div class=\"elementor-container elementor-column-gap-no\">\n\t\t\t\t\t<div class=\"elementor-column elementor-col-100 elementor-top-column elementor-element elementor-element-1dee8726\" data-id=\"1dee8726\" data-element_type=\"column\" data-e-type=\"column\">\n\t\t\t<div class=\"elementor-widget-wrap elementor-element-populated\">\n\t\t\t\t\t\t<div class=\"elementor-element elementor-element-34ed00df elementor-widget elementor-widget-heading\" data-id=\"34ed00df\" data-element_type=\"widget\" data-e-type=\"widget\" data-widget_type=\"heading.default\">\n\t\t\t\t<div class=\"elementor-widget-container\">\n\t\t\t\t\t<h1 class=\"elementor-heading-title elementor-size-default\">AUSDRUCK<\/h1>\t\t\t\t<\/div>\n\t\t\t\t<\/div>\n\t\t\t\t<div class=\"elementor-element elementor-element-5f27f7f7 elementor-widget elementor-widget-heading\" data-id=\"5f27f7f7\" data-element_type=\"widget\" data-e-type=\"widget\" data-widget_type=\"heading.default\">\n\t\t\t\t<div class=\"elementor-widget-container\">\n\t\t\t\t\t<h2 class=\"elementor-heading-title elementor-size-default\">Design objet <\/h2>\t\t\t\t<\/div>\n\t\t\t\t<\/div>\n\t\t\t\t\t<\/div>\n\t\t<\/div>\n\t\t\t\t\t<\/div>\n\t\t<\/section>\n\t\t\t\t<section class=\"elementor-section elementor-top-section elementor-element elementor-element-30ff008a elementor-section-full_width elementor-section-stretched elementor-section-height-default elementor-section-height-default\" data-id=\"30ff008a\" data-element_type=\"section\" data-e-type=\"section\" data-settings=\"{&quot;background_background&quot;:&quot;classic&quot;,&quot;stretch_section&quot;:&quot;section-stretched&quot;}\">\n\t\t\t\t\t\t<div class=\"elementor-container elementor-column-gap-no\">\n\t\t\t\t\t<div class=\"elementor-column elementor-col-50 elementor-top-column elementor-element elementor-element-5052f3b\" data-id=\"5052f3b\" data-element_type=\"column\" data-e-type=\"column\" data-settings=\"{&quot;background_background&quot;:&quot;classic&quot;}\">\n\t\t\t<div class=\"elementor-widget-wrap elementor-element-populated\">\n\t\t\t\t\t\t<section class=\"elementor-section elementor-inner-section elementor-element elementor-element-487bd1a5 elementor-section-boxed elementor-section-height-default elementor-section-height-default\" data-id=\"487bd1a5\" data-element_type=\"section\" data-e-type=\"section\">\n\t\t\t\t\t\t<div class=\"elementor-container elementor-column-gap-no\">\n\t\t\t\t\t<div class=\"elementor-column elementor-col-100 elementor-inner-column elementor-element elementor-element-351ac0b1\" data-id=\"351ac0b1\" data-element_type=\"column\" data-e-type=\"column\">\n\t\t\t<div class=\"elementor-widget-wrap elementor-element-populated\">\n\t\t\t\t\t\t<div class=\"elementor-element elementor-element-6097023 elementor-widget elementor-widget-heading\" data-id=\"6097023\" data-element_type=\"widget\" data-e-type=\"widget\" data-widget_type=\"heading.default\">\n\t\t\t\t<div class=\"elementor-widget-container\">\n\t\t\t\t\t<h2 class=\"elementor-heading-title elementor-size-default\">Objet<\/h2>\t\t\t\t<\/div>\n\t\t\t\t<\/div>\n\t\t\t\t<div class=\"elementor-element elementor-element-6d290e66 elementor-widget elementor-widget-text-editor\" data-id=\"6d290e66\" data-element_type=\"widget\" data-e-type=\"widget\" data-widget_type=\"text-editor.default\">\n\t\t\t\t<div class=\"elementor-widget-container\">\n\t\t\t\t\t\t\t\t\t<p><em>Ausdruck<\/em> est un ensemble de trois vases en gr\u00e8s c\u00e9rame et en verre teint\u00e9. Inspir\u00e9 par le <strong>Bauhaus<\/strong>, cette s\u00e9rie de vases r\u00e9interpr\u00e8te la vision des formes et des couleurs \u00e9l\u00e9mentaires de la c\u00e9l\u00e8bre \u00e9cole allemande. Chaque vase profite du <strong>contraste\u00a0<\/strong>entre l\u2019aspect brut et technique du gr\u00e8s brut et la douce chaleur du verre color\u00e9. Derri\u00e8re l\u2019aust\u00e9rit\u00e9 apparente des formes g\u00e9om\u00e9triques se devinent des traits humains et <strong>expressifs<\/strong>, qui apparaissent nettement lorsqu\u2019on place les vases c\u00f4te \u00e0 c\u00f4te.\u00a0<\/p>\t\t\t\t\t\t\t\t<\/div>\n\t\t\t\t<\/div>\n\t\t\t\t\t<\/div>\n\t\t<\/div>\n\t\t\t\t\t<\/div>\n\t\t<\/section>\n\t\t\t\t\t<\/div>\n\t\t<\/div>\n\t\t\t\t<div class=\"elementor-column elementor-col-50 elementor-top-column elementor-element elementor-element-1439c95c\" data-id=\"1439c95c\" data-element_type=\"column\" data-e-type=\"column\" data-settings=\"{&quot;background_background&quot;:&quot;classic&quot;}\">\n\t\t\t<div class=\"elementor-widget-wrap elementor-element-populated\">\n\t\t\t\t\t\t<div class=\"elementor-element elementor-element-1597c36 elementor-widget elementor-widget-image\" data-id=\"1597c36\" data-element_type=\"widget\" data-e-type=\"widget\" data-widget_type=\"image.default\">\n\t\t\t\t<div class=\"elementor-widget-container\">\n\t\t\t\t\t\t\t\t\t\t\t\t\t\t\t<img fetchpriority=\"high\" decoding=\"async\" width=\"1151\" height=\"1440\" src=\"https:\/\/fk-designer.com\/wp-content\/uploads\/2023\/09\/rendu-ohr_web.jpg\" class=\"attachment-full size-full wp-image-3313\" alt=\"\" srcset=\"https:\/\/fk-designer.com\/wp-content\/uploads\/2023\/09\/rendu-ohr_web.jpg 1151w, https:\/\/fk-designer.com\/wp-content\/uploads\/2023\/09\/rendu-ohr_web-240x300.jpg 240w, https:\/\/fk-designer.com\/wp-content\/uploads\/2023\/09\/rendu-ohr_web-818x1024.jpg 818w, https:\/\/fk-designer.com\/wp-content\/uploads\/2023\/09\/rendu-ohr_web-768x961.jpg 768w, https:\/\/fk-designer.com\/wp-content\/uploads\/2023\/09\/rendu-ohr_web-500x626.jpg 500w, https:\/\/fk-designer.com\/wp-content\/uploads\/2023\/09\/rendu-ohr_web-800x1001.jpg 800w\" sizes=\"(max-width: 1151px) 100vw, 1151px\" \/>\t\t\t\t\t\t\t\t\t\t\t\t\t\t\t<\/div>\n\t\t\t\t<\/div>\n\t\t\t\t\t<\/div>\n\t\t<\/div>\n\t\t\t\t\t<\/div>\n\t\t<\/section>\n\t\t\t\t<section class=\"elementor-section elementor-top-section elementor-element elementor-element-435db590 elementor-section-full_width elementor-section-height-default elementor-section-height-default\" data-id=\"435db590\" data-element_type=\"section\" data-e-type=\"section\" data-settings=\"{&quot;background_background&quot;:&quot;classic&quot;}\">\n\t\t\t\t\t\t<div class=\"elementor-container elementor-column-gap-no\">\n\t\t\t\t\t<div class=\"elementor-column elementor-col-100 elementor-top-column elementor-element elementor-element-64e45569\" data-id=\"64e45569\" data-element_type=\"column\" data-e-type=\"column\">\n\t\t\t<div class=\"elementor-widget-wrap elementor-element-populated\">\n\t\t\t\t\t\t<section class=\"elementor-section elementor-inner-section elementor-element elementor-element-36b0034a elementor-section-boxed elementor-section-height-default elementor-section-height-default\" data-id=\"36b0034a\" data-element_type=\"section\" data-e-type=\"section\">\n\t\t\t\t\t\t<div class=\"elementor-container elementor-column-gap-default\">\n\t\t\t\t\t<div class=\"elementor-column elementor-col-50 elementor-inner-column elementor-element elementor-element-84165e\" data-id=\"84165e\" data-element_type=\"column\" data-e-type=\"column\">\n\t\t\t<div class=\"elementor-widget-wrap elementor-element-populated\">\n\t\t\t\t\t\t<div class=\"elementor-element elementor-element-34af482b elementor-widget elementor-widget-image\" data-id=\"34af482b\" data-element_type=\"widget\" data-e-type=\"widget\" data-widget_type=\"image.default\">\n\t\t\t\t<div class=\"elementor-widget-container\">\n\t\t\t\t\t\t\t\t\t\t\t\t\t\t\t<img decoding=\"async\" width=\"1151\" height=\"1440\" src=\"https:\/\/fk-designer.com\/wp-content\/uploads\/2023\/09\/rendu-augen-web.jpg\" class=\"attachment-full size-full wp-image-3311\" alt=\"Le vase Augen - oeil\" srcset=\"https:\/\/fk-designer.com\/wp-content\/uploads\/2023\/09\/rendu-augen-web.jpg 1151w, https:\/\/fk-designer.com\/wp-content\/uploads\/2023\/09\/rendu-augen-web-240x300.jpg 240w, https:\/\/fk-designer.com\/wp-content\/uploads\/2023\/09\/rendu-augen-web-818x1024.jpg 818w, https:\/\/fk-designer.com\/wp-content\/uploads\/2023\/09\/rendu-augen-web-768x961.jpg 768w, https:\/\/fk-designer.com\/wp-content\/uploads\/2023\/09\/rendu-augen-web-500x626.jpg 500w, https:\/\/fk-designer.com\/wp-content\/uploads\/2023\/09\/rendu-augen-web-800x1001.jpg 800w\" sizes=\"(max-width: 1151px) 100vw, 1151px\" \/>\t\t\t\t\t\t\t\t\t\t\t\t\t\t\t<\/div>\n\t\t\t\t<\/div>\n\t\t\t\t\t<\/div>\n\t\t<\/div>\n\t\t\t\t<div class=\"elementor-column elementor-col-50 elementor-inner-column elementor-element elementor-element-764ba201\" data-id=\"764ba201\" data-element_type=\"column\" data-e-type=\"column\">\n\t\t\t<div class=\"elementor-widget-wrap elementor-element-populated\">\n\t\t\t\t\t\t<div class=\"elementor-element elementor-element-2ef3964f elementor-widget elementor-widget-image\" data-id=\"2ef3964f\" data-element_type=\"widget\" data-e-type=\"widget\" data-widget_type=\"image.default\">\n\t\t\t\t<div class=\"elementor-widget-container\">\n\t\t\t\t\t\t\t\t\t\t\t\t\t\t\t<img decoding=\"async\" width=\"1151\" height=\"1440\" src=\"https:\/\/fk-designer.com\/wp-content\/uploads\/2023\/09\/rendu-mund_web.jpg\" class=\"attachment-full size-full wp-image-3312\" alt=\"Le vase Mund - bouche\" srcset=\"https:\/\/fk-designer.com\/wp-content\/uploads\/2023\/09\/rendu-mund_web.jpg 1151w, https:\/\/fk-designer.com\/wp-content\/uploads\/2023\/09\/rendu-mund_web-240x300.jpg 240w, https:\/\/fk-designer.com\/wp-content\/uploads\/2023\/09\/rendu-mund_web-818x1024.jpg 818w, https:\/\/fk-designer.com\/wp-content\/uploads\/2023\/09\/rendu-mund_web-768x961.jpg 768w, https:\/\/fk-designer.com\/wp-content\/uploads\/2023\/09\/rendu-mund_web-500x626.jpg 500w, https:\/\/fk-designer.com\/wp-content\/uploads\/2023\/09\/rendu-mund_web-800x1001.jpg 800w\" sizes=\"(max-width: 1151px) 100vw, 1151px\" \/>\t\t\t\t\t\t\t\t\t\t\t\t\t\t\t<\/div>\n\t\t\t\t<\/div>\n\t\t\t\t\t<\/div>\n\t\t<\/div>\n\t\t\t\t\t<\/div>\n\t\t<\/section>\n\t\t\t\t\t<\/div>\n\t\t<\/div>\n\t\t\t\t\t<\/div>\n\t\t<\/section>\n\t\t\t\t<\/div>\n\t\t","protected":false},"excerpt":{"rendered":"<p>AUSDRUCK Design objet Objet Ausdruck est un ensemble de trois vases en gr\u00e8s c\u00e9rame et en verre teint\u00e9. Inspir\u00e9 par le Bauhaus, cette s\u00e9rie de vases r\u00e9interpr\u00e8te la vision des formes et des couleurs \u00e9l\u00e9mentaires de la c\u00e9l\u00e8bre \u00e9cole allemande. Chaque vase profite du contraste\u00a0entre l\u2019aspect brut et technique du gr\u00e8s brut et la douce [&hellip;]<\/p>\n","protected":false},"author":1,"featured_media":3310,"parent":0,"menu_order":3,"comment_status":"closed","ping_status":"closed","template":"","meta":{"_seopress_robots_primary_cat":"","_seopress_titles_title":"Projet Ausdruck - FK DESIGNER","_seopress_titles_desc":"Ausdruck est un ensemble de trois vases en gr\u00e8s et en verre teint\u00e9.","_seopress_robots_index":"","inline_featured_image":false,"site-sidebar-layout":"no-sidebar","site-content-layout":"page-builder","ast-site-content-layout":"","site-content-style":"default","site-sidebar-style":"default","ast-global-header-display":"","ast-banner-title-visibility":"","ast-main-header-display":"","ast-hfb-above-header-display":"","ast-hfb-below-header-display":"","ast-hfb-mobile-header-display":"","site-post-title":"disabled","ast-breadcrumbs-content":"","ast-featured-img":"disabled","footer-sml-layout":"","theme-transparent-header-meta":"","adv-header-id-meta":"","stick-header-meta":"","header-above-stick-meta":"","header-main-stick-meta":"","header-below-stick-meta":"","astra-migrate-meta-layouts":"default","ast-page-background-enabled":"default","ast-page-background-meta":{"desktop":{"background-color":"","background-image":"","background-repeat":"repeat","background-position":"center center","background-size":"auto","background-attachment":"scroll","background-type":"","background-media":"","overlay-type":"","overlay-color":"","overlay-opacity":"","overlay-gradient":""},"tablet":{"background-color":"","background-image":"","background-repeat":"repeat","background-position":"center center","background-size":"auto","background-attachment":"scroll","background-type":"","background-media":"","overlay-type":"","overlay-color":"","overlay-opacity":"","overlay-gradient":""},"mobile":{"background-color":"","background-image":"","background-repeat":"repeat","background-position":"center center","background-size":"auto","background-attachment":"scroll","background-type":"","background-media":"","overlay-type":"","overlay-color":"","overlay-opacity":"","overlay-gradient":""}},"ast-content-background-meta":{"desktop":{"background-color":"var(--ast-global-color-5)","background-image":"","background-repeat":"repeat","background-position":"center center","background-size":"auto","background-attachment":"scroll","background-type":"","background-media":"","overlay-type":"","overlay-color":"","overlay-opacity":"","overlay-gradient":""},"tablet":{"background-color":"var(--ast-global-color-5)","background-image":"","background-repeat":"repeat","background-position":"center center","background-size":"auto","background-attachment":"scroll","background-type":"","background-media":"","overlay-type":"","overlay-color":"","overlay-opacity":"","overlay-gradient":""},"mobile":{"background-color":"var(--ast-global-color-5)","background-image":"","background-repeat":"repeat","background-position":"center center","background-size":"auto","background-attachment":"scroll","background-type":"","background-media":"","overlay-type":"","overlay-color":"","overlay-opacity":"","overlay-gradient":""}},"_vp_format_video_url":"","_vp_image_focal_point":[],"footnotes":""},"categories":[23],"tags":[19],"class_list":["post-3307","page","type-page","status-publish","has-post-thumbnail","hentry","category-portfolio","tag-portfolio"],"_links":{"self":[{"href":"https:\/\/fk-designer.com\/index.php\/wp-json\/wp\/v2\/pages\/3307","targetHints":{"allow":["GET"]}}],"collection":[{"href":"https:\/\/fk-designer.com\/index.php\/wp-json\/wp\/v2\/pages"}],"about":[{"href":"https:\/\/fk-designer.com\/index.php\/wp-json\/wp\/v2\/types\/page"}],"author":[{"embeddable":true,"href":"https:\/\/fk-designer.com\/index.php\/wp-json\/wp\/v2\/users\/1"}],"replies":[{"embeddable":true,"href":"https:\/\/fk-designer.com\/index.php\/wp-json\/wp\/v2\/comments?post=3307"}],"version-history":[{"count":7,"href":"https:\/\/fk-designer.com\/index.php\/wp-json\/wp\/v2\/pages\/3307\/revisions"}],"predecessor-version":[{"id":3319,"href":"https:\/\/fk-designer.com\/index.php\/wp-json\/wp\/v2\/pages\/3307\/revisions\/3319"}],"wp:featuredmedia":[{"embeddable":true,"href":"https:\/\/fk-designer.com\/index.php\/wp-json\/wp\/v2\/media\/3310"}],"wp:attachment":[{"href":"https:\/\/fk-designer.com\/index.php\/wp-json\/wp\/v2\/media?parent=3307"}],"wp:term":[{"taxonomy":"category","embeddable":true,"href":"https:\/\/fk-designer.com\/index.php\/wp-json\/wp\/v2\/categories?post=3307"},{"taxonomy":"post_tag","embeddable":true,"href":"https:\/\/fk-designer.com\/index.php\/wp-json\/wp\/v2\/tags?post=3307"}],"curies":[{"name":"wp","href":"https:\/\/api.w.org\/{rel}","templated":true}]}}