{"id":917,"date":"2022-02-16T10:41:13","date_gmt":"2022-02-16T09:41:13","guid":{"rendered":"https:\/\/fk-designer.com\/?page_id=917"},"modified":"2022-03-14T11:16:34","modified_gmt":"2022-03-14T10:16:34","slug":"express","status":"publish","type":"page","link":"https:\/\/fk-designer.com\/index.php\/express\/","title":{"rendered":"EXPRESS"},"content":{"rendered":"\t\t<div data-elementor-type=\"wp-page\" data-elementor-id=\"917\" class=\"elementor elementor-917\">\n\t\t\t\t\t\t<section class=\"elementor-section elementor-top-section elementor-element elementor-element-5f17a411 elementor-section-full_width elementor-section-height-default elementor-section-height-default\" data-id=\"5f17a411\" data-element_type=\"section\" data-e-type=\"section\" data-settings=\"{&quot;background_background&quot;:&quot;classic&quot;}\">\n\t\t\t\t\t\t<div class=\"elementor-container elementor-column-gap-no\">\n\t\t\t\t\t<div class=\"elementor-column elementor-col-100 elementor-top-column elementor-element elementor-element-4bcae9b1\" data-id=\"4bcae9b1\" data-element_type=\"column\" data-e-type=\"column\">\n\t\t\t<div class=\"elementor-widget-wrap elementor-element-populated\">\n\t\t\t\t\t\t<div class=\"elementor-element elementor-element-524ed553 elementor-widget elementor-widget-heading\" data-id=\"524ed553\" data-element_type=\"widget\" data-e-type=\"widget\" data-widget_type=\"heading.default\">\n\t\t\t\t<div class=\"elementor-widget-container\">\n\t\t\t\t\t<h1 class=\"elementor-heading-title elementor-size-default\">EXPRESS<\/h1>\t\t\t\t<\/div>\n\t\t\t\t<\/div>\n\t\t\t\t<div class=\"elementor-element elementor-element-7c9ff2 elementor-widget elementor-widget-heading\" data-id=\"7c9ff2\" data-element_type=\"widget\" data-e-type=\"widget\" data-widget_type=\"heading.default\">\n\t\t\t\t<div class=\"elementor-widget-container\">\n\t\t\t\t\t<h2 class=\"elementor-heading-title elementor-size-default\">Design produit<\/h2>\t\t\t\t<\/div>\n\t\t\t\t<\/div>\n\t\t\t\t\t<\/div>\n\t\t<\/div>\n\t\t\t\t\t<\/div>\n\t\t<\/section>\n\t\t\t\t<section class=\"elementor-section elementor-top-section elementor-element elementor-element-58efca47 elementor-section-full_width elementor-section-stretched elementor-section-height-default elementor-section-height-default\" data-id=\"58efca47\" data-element_type=\"section\" data-e-type=\"section\" data-settings=\"{&quot;background_background&quot;:&quot;classic&quot;,&quot;stretch_section&quot;:&quot;section-stretched&quot;}\">\n\t\t\t\t\t\t<div class=\"elementor-container elementor-column-gap-no\">\n\t\t\t\t\t<div class=\"elementor-column elementor-col-50 elementor-top-column elementor-element elementor-element-753a8a35\" data-id=\"753a8a35\" data-element_type=\"column\" data-e-type=\"column\" data-settings=\"{&quot;background_background&quot;:&quot;classic&quot;}\">\n\t\t\t<div class=\"elementor-widget-wrap elementor-element-populated\">\n\t\t\t\t\t\t<section class=\"elementor-section elementor-inner-section elementor-element elementor-element-24094e83 elementor-section-boxed elementor-section-height-default elementor-section-height-default\" data-id=\"24094e83\" data-element_type=\"section\" data-e-type=\"section\">\n\t\t\t\t\t\t<div class=\"elementor-container elementor-column-gap-no\">\n\t\t\t\t\t<div class=\"elementor-column elementor-col-100 elementor-inner-column elementor-element elementor-element-500510a5\" data-id=\"500510a5\" data-element_type=\"column\" data-e-type=\"column\">\n\t\t\t<div class=\"elementor-widget-wrap elementor-element-populated\">\n\t\t\t\t\t\t<div class=\"elementor-element elementor-element-77799b9c elementor-widget elementor-widget-heading\" data-id=\"77799b9c\" data-element_type=\"widget\" data-e-type=\"widget\" data-widget_type=\"heading.default\">\n\t\t\t\t<div class=\"elementor-widget-container\">\n\t\t\t\t\t<h2 class=\"elementor-heading-title elementor-size-default\">Objets<\/h2>\t\t\t\t<\/div>\n\t\t\t\t<\/div>\n\t\t\t\t<div class=\"elementor-element elementor-element-3b514fab elementor-widget elementor-widget-text-editor\" data-id=\"3b514fab\" data-element_type=\"widget\" data-e-type=\"widget\" data-widget_type=\"text-editor.default\">\n\t\t\t\t<div class=\"elementor-widget-container\">\n\t\t\t\t\t\t\t\t\t<p>Ce projet de tasses pour expresso a pour volont\u00e9 d\u2019interroger la programmation des formes et les possibilit\u00e9s de l\u2019impression en 3D, notamment dans le cadre de la <b>s\u00e9rie diff\u00e9renci\u00e9e<\/b>. L\u2019arch\u00e9type de la tasse \u00e0 caf\u00e9 est r\u00e9interpr\u00e9t\u00e9. La g\u00e9om\u00e9trie est obtenue gr\u00e2ce \u00e0 un programme de <b>mod\u00e9lisation param\u00e9trique<\/b>, dont un seul param\u00e8tre commande le nombre et la tailles des facettes (pour la premi\u00e8re tasse) ou de mailles (pour la seconde). Un exemplaire de chaque s\u00e9rie de tasse est prototyp\u00e9 en utilisant une <b>impression en 3D<\/b> avec du Nylon de grade alimentaire, et par la suite imprim\u00e9 en petite s\u00e9rie en m\u00e9tal.<\/p>\t\t\t\t\t\t\t\t<\/div>\n\t\t\t\t<\/div>\n\t\t\t\t\t<\/div>\n\t\t<\/div>\n\t\t\t\t\t<\/div>\n\t\t<\/section>\n\t\t\t\t\t<\/div>\n\t\t<\/div>\n\t\t\t\t<div class=\"elementor-column elementor-col-50 elementor-top-column elementor-element elementor-element-50eba725\" data-id=\"50eba725\" data-element_type=\"column\" data-e-type=\"column\">\n\t\t\t<div class=\"elementor-widget-wrap elementor-element-populated\">\n\t\t\t\t\t\t<section class=\"elementor-section elementor-inner-section elementor-element elementor-element-5c709dac elementor-section-full_width elementor-section-content-middle elementor-section-height-default elementor-section-height-default\" data-id=\"5c709dac\" data-element_type=\"section\" data-e-type=\"section\" data-settings=\"{&quot;background_background&quot;:&quot;classic&quot;}\">\n\t\t\t\t\t\t<div class=\"elementor-container elementor-column-gap-no\">\n\t\t\t\t\t<div class=\"elementor-column elementor-col-100 elementor-inner-column elementor-element elementor-element-73239d58\" data-id=\"73239d58\" data-element_type=\"column\" data-e-type=\"column\">\n\t\t\t<div class=\"elementor-widget-wrap elementor-element-populated\">\n\t\t\t\t\t\t<div class=\"elementor-element elementor-element-22f2bad0 elementor-widget elementor-widget-image\" data-id=\"22f2bad0\" data-element_type=\"widget\" data-e-type=\"widget\" data-widget_type=\"image.default\">\n\t\t\t\t<div class=\"elementor-widget-container\">\n\t\t\t\t\t\t\t\t\t\t\t\t\t\t\t<img fetchpriority=\"high\" decoding=\"async\" width=\"1024\" height=\"768\" src=\"https:\/\/fk-designer.com\/wp-content\/uploads\/2022\/02\/IMG_20200423_160750-1024x768.jpg\" class=\"attachment-large size-large wp-image-924\" alt=\"deux tasses prototype remplies de caf\u00e9\" srcset=\"https:\/\/fk-designer.com\/wp-content\/uploads\/2022\/02\/IMG_20200423_160750-1024x768.jpg 1024w, https:\/\/fk-designer.com\/wp-content\/uploads\/2022\/02\/IMG_20200423_160750-300x225.jpg 300w, https:\/\/fk-designer.com\/wp-content\/uploads\/2022\/02\/IMG_20200423_160750-768x576.jpg 768w, https:\/\/fk-designer.com\/wp-content\/uploads\/2022\/02\/IMG_20200423_160750-1536x1152.jpg 1536w, https:\/\/fk-designer.com\/wp-content\/uploads\/2022\/02\/IMG_20200423_160750-2048x1536.jpg 2048w, https:\/\/fk-designer.com\/wp-content\/uploads\/2022\/02\/IMG_20200423_160750-500x375.jpg 500w, https:\/\/fk-designer.com\/wp-content\/uploads\/2022\/02\/IMG_20200423_160750-800x600.jpg 800w, https:\/\/fk-designer.com\/wp-content\/uploads\/2022\/02\/IMG_20200423_160750-1280x960.jpg 1280w, https:\/\/fk-designer.com\/wp-content\/uploads\/2022\/02\/IMG_20200423_160750-1920x1440.jpg 1920w\" sizes=\"(max-width: 1024px) 100vw, 1024px\" \/>\t\t\t\t\t\t\t\t\t\t\t\t\t\t\t<\/div>\n\t\t\t\t<\/div>\n\t\t\t\t\t<\/div>\n\t\t<\/div>\n\t\t\t\t\t<\/div>\n\t\t<\/section>\n\t\t\t\t\t<\/div>\n\t\t<\/div>\n\t\t\t\t\t<\/div>\n\t\t<\/section>\n\t\t\t\t<section class=\"elementor-section elementor-top-section elementor-element elementor-element-1ef5ee2a elementor-section-full_width elementor-section-height-default elementor-section-height-default\" data-id=\"1ef5ee2a\" data-element_type=\"section\" data-e-type=\"section\" data-settings=\"{&quot;background_background&quot;:&quot;classic&quot;}\">\n\t\t\t\t\t\t<div class=\"elementor-container elementor-column-gap-no\">\n\t\t\t\t\t<div class=\"elementor-column elementor-col-100 elementor-top-column elementor-element elementor-element-52e3ce8e\" data-id=\"52e3ce8e\" data-element_type=\"column\" data-e-type=\"column\">\n\t\t\t<div class=\"elementor-widget-wrap elementor-element-populated\">\n\t\t\t\t\t\t<section class=\"elementor-section elementor-inner-section elementor-element elementor-element-28721b4e elementor-section-boxed elementor-section-height-default elementor-section-height-default\" data-id=\"28721b4e\" data-element_type=\"section\" data-e-type=\"section\">\n\t\t\t\t\t\t<div class=\"elementor-container elementor-column-gap-default\">\n\t\t\t\t\t<div class=\"elementor-column elementor-col-50 elementor-inner-column elementor-element elementor-element-332171e2\" data-id=\"332171e2\" data-element_type=\"column\" data-e-type=\"column\">\n\t\t\t<div class=\"elementor-widget-wrap elementor-element-populated\">\n\t\t\t\t\t\t<div class=\"elementor-element elementor-element-462d15c1 elementor-widget elementor-widget-image\" data-id=\"462d15c1\" data-element_type=\"widget\" data-e-type=\"widget\" data-widget_type=\"image.default\">\n\t\t\t\t<div class=\"elementor-widget-container\">\n\t\t\t\t\t\t\t\t\t\t\t\t\t\t\t<img decoding=\"async\" src=\"https:\/\/fk-designer.com\/wp-content\/uploads\/2022\/02\/tasse-2_4.png\" title=\"tasse 2_4\" alt=\"rendu de la tasse en inox alimentaire\" loading=\"lazy\" \/>\t\t\t\t\t\t\t\t\t\t\t\t\t\t\t<\/div>\n\t\t\t\t<\/div>\n\t\t\t\t\t<\/div>\n\t\t<\/div>\n\t\t\t\t<div class=\"elementor-column elementor-col-50 elementor-inner-column elementor-element elementor-element-12a48765\" data-id=\"12a48765\" data-element_type=\"column\" data-e-type=\"column\">\n\t\t\t<div class=\"elementor-widget-wrap elementor-element-populated\">\n\t\t\t\t\t\t<div class=\"elementor-element elementor-element-5f5c5c68 elementor-widget elementor-widget-image\" data-id=\"5f5c5c68\" data-element_type=\"widget\" data-e-type=\"widget\" data-widget_type=\"image.default\">\n\t\t\t\t<div class=\"elementor-widget-container\">\n\t\t\t\t\t\t\t\t\t\t\t\t\t\t\t<img decoding=\"async\" width=\"1024\" height=\"733\" src=\"https:\/\/fk-designer.com\/wp-content\/uploads\/2022\/02\/IMG_20200513_152030-1024x733.jpg\" class=\"attachment-large size-large wp-image-926\" alt=\"photo de la tasse dor\u00e9e\" srcset=\"https:\/\/fk-designer.com\/wp-content\/uploads\/2022\/02\/IMG_20200513_152030-1024x733.jpg 1024w, https:\/\/fk-designer.com\/wp-content\/uploads\/2022\/02\/IMG_20200513_152030-300x215.jpg 300w, https:\/\/fk-designer.com\/wp-content\/uploads\/2022\/02\/IMG_20200513_152030-768x550.jpg 768w, https:\/\/fk-designer.com\/wp-content\/uploads\/2022\/02\/IMG_20200513_152030-1536x1100.jpg 1536w, https:\/\/fk-designer.com\/wp-content\/uploads\/2022\/02\/IMG_20200513_152030-2048x1466.jpg 2048w, https:\/\/fk-designer.com\/wp-content\/uploads\/2022\/02\/IMG_20200513_152030-500x358.jpg 500w, https:\/\/fk-designer.com\/wp-content\/uploads\/2022\/02\/IMG_20200513_152030-800x573.jpg 800w, https:\/\/fk-designer.com\/wp-content\/uploads\/2022\/02\/IMG_20200513_152030-1280x916.jpg 1280w, https:\/\/fk-designer.com\/wp-content\/uploads\/2022\/02\/IMG_20200513_152030-1920x1375.jpg 1920w\" sizes=\"(max-width: 1024px) 100vw, 1024px\" \/>\t\t\t\t\t\t\t\t\t\t\t\t\t\t\t<\/div>\n\t\t\t\t<\/div>\n\t\t\t\t\t<\/div>\n\t\t<\/div>\n\t\t\t\t\t<\/div>\n\t\t<\/section>\n\t\t\t\t\t<\/div>\n\t\t<\/div>\n\t\t\t\t\t<\/div>\n\t\t<\/section>\n\t\t\t\t<\/div>\n\t\t","protected":false},"excerpt":{"rendered":"<p>EXPRESS Design produit Objets Ce projet de tasses pour expresso a pour volont\u00e9 d\u2019interroger la programmation des formes et les possibilit\u00e9s de l\u2019impression en 3D, notamment dans le cadre de la s\u00e9rie diff\u00e9renci\u00e9e. L\u2019arch\u00e9type de la tasse \u00e0 caf\u00e9 est r\u00e9interpr\u00e9t\u00e9. La g\u00e9om\u00e9trie est obtenue gr\u00e2ce \u00e0 un programme de mod\u00e9lisation param\u00e9trique, dont un seul [&hellip;]<\/p>\n","protected":false},"author":1,"featured_media":924,"parent":0,"menu_order":6,"comment_status":"closed","ping_status":"closed","template":"","meta":{"_seopress_robots_primary_cat":"","_seopress_titles_title":"Projet Express - FK DESIGNER","_seopress_titles_desc":"Des tasses \u00e0 espresso con\u00e7u en design g\u00e9n\u00e9ratif et param\u00e9trique.","_seopress_robots_index":"","inline_featured_image":false,"site-sidebar-layout":"no-sidebar","site-content-layout":"page-builder","ast-site-content-layout":"","site-content-style":"default","site-sidebar-style":"default","ast-global-header-display":"","ast-banner-title-visibility":"","ast-main-header-display":"","ast-hfb-above-header-display":"","ast-hfb-below-header-display":"","ast-hfb-mobile-header-display":"","site-post-title":"disabled","ast-breadcrumbs-content":"","ast-featured-img":"disabled","footer-sml-layout":"","theme-transparent-header-meta":"","adv-header-id-meta":"","stick-header-meta":"","header-above-stick-meta":"","header-main-stick-meta":"","header-below-stick-meta":"","astra-migrate-meta-layouts":"default","ast-page-background-enabled":"default","ast-page-background-meta":{"desktop":{"background-color":"","background-image":"","background-repeat":"repeat","background-position":"center center","background-size":"auto","background-attachment":"scroll","background-type":"","background-media":"","overlay-type":"","overlay-color":"","overlay-opacity":"","overlay-gradient":""},"tablet":{"background-color":"","background-image":"","background-repeat":"repeat","background-position":"center center","background-size":"auto","background-attachment":"scroll","background-type":"","background-media":"","overlay-type":"","overlay-color":"","overlay-opacity":"","overlay-gradient":""},"mobile":{"background-color":"","background-image":"","background-repeat":"repeat","background-position":"center center","background-size":"auto","background-attachment":"scroll","background-type":"","background-media":"","overlay-type":"","overlay-color":"","overlay-opacity":"","overlay-gradient":""}},"ast-content-background-meta":{"desktop":{"background-color":"var(--ast-global-color-5)","background-image":"","background-repeat":"repeat","background-position":"center center","background-size":"auto","background-attachment":"scroll","background-type":"","background-media":"","overlay-type":"","overlay-color":"","overlay-opacity":"","overlay-gradient":""},"tablet":{"background-color":"var(--ast-global-color-5)","background-image":"","background-repeat":"repeat","background-position":"center center","background-size":"auto","background-attachment":"scroll","background-type":"","background-media":"","overlay-type":"","overlay-color":"","overlay-opacity":"","overlay-gradient":""},"mobile":{"background-color":"var(--ast-global-color-5)","background-image":"","background-repeat":"repeat","background-position":"center center","background-size":"auto","background-attachment":"scroll","background-type":"","background-media":"","overlay-type":"","overlay-color":"","overlay-opacity":"","overlay-gradient":""}},"_vp_format_video_url":"","_vp_image_focal_point":[],"footnotes":""},"categories":[23],"tags":[19],"class_list":["post-917","page","type-page","status-publish","has-post-thumbnail","hentry","category-portfolio","tag-portfolio"],"_links":{"self":[{"href":"https:\/\/fk-designer.com\/index.php\/wp-json\/wp\/v2\/pages\/917","targetHints":{"allow":["GET"]}}],"collection":[{"href":"https:\/\/fk-designer.com\/index.php\/wp-json\/wp\/v2\/pages"}],"about":[{"href":"https:\/\/fk-designer.com\/index.php\/wp-json\/wp\/v2\/types\/page"}],"author":[{"embeddable":true,"href":"https:\/\/fk-designer.com\/index.php\/wp-json\/wp\/v2\/users\/1"}],"replies":[{"embeddable":true,"href":"https:\/\/fk-designer.com\/index.php\/wp-json\/wp\/v2\/comments?post=917"}],"version-history":[{"count":20,"href":"https:\/\/fk-designer.com\/index.php\/wp-json\/wp\/v2\/pages\/917\/revisions"}],"predecessor-version":[{"id":1576,"href":"https:\/\/fk-designer.com\/index.php\/wp-json\/wp\/v2\/pages\/917\/revisions\/1576"}],"wp:featuredmedia":[{"embeddable":true,"href":"https:\/\/fk-designer.com\/index.php\/wp-json\/wp\/v2\/media\/924"}],"wp:attachment":[{"href":"https:\/\/fk-designer.com\/index.php\/wp-json\/wp\/v2\/media?parent=917"}],"wp:term":[{"taxonomy":"category","embeddable":true,"href":"https:\/\/fk-designer.com\/index.php\/wp-json\/wp\/v2\/categories?post=917"},{"taxonomy":"post_tag","embeddable":true,"href":"https:\/\/fk-designer.com\/index.php\/wp-json\/wp\/v2\/tags?post=917"}],"curies":[{"name":"wp","href":"https:\/\/api.w.org\/{rel}","templated":true}]}}