{"id":959,"date":"2022-02-16T11:32:23","date_gmt":"2022-02-16T10:32:23","guid":{"rendered":"https:\/\/fk-designer.com\/?page_id=959"},"modified":"2023-09-25T09:07:40","modified_gmt":"2023-09-25T08:07:40","slug":"retiens-la-pluie","status":"publish","type":"page","link":"https:\/\/fk-designer.com\/index.php\/retiens-la-pluie\/","title":{"rendered":"RETIENS LA PLUIE"},"content":{"rendered":"\t\t<div data-elementor-type=\"wp-page\" data-elementor-id=\"959\" class=\"elementor elementor-959\">\n\t\t\t\t\t\t<section class=\"elementor-section elementor-top-section elementor-element elementor-element-6232a8ec elementor-section-full_width elementor-section-height-default elementor-section-height-default\" data-id=\"6232a8ec\" data-element_type=\"section\" data-e-type=\"section\" data-settings=\"{&quot;background_background&quot;:&quot;classic&quot;,&quot;animation&quot;:&quot;none&quot;}\">\n\t\t\t\t\t\t<div class=\"elementor-container elementor-column-gap-no\">\n\t\t\t\t\t<div class=\"elementor-column elementor-col-100 elementor-top-column elementor-element elementor-element-6f010b45\" data-id=\"6f010b45\" data-element_type=\"column\" data-e-type=\"column\" data-settings=\"{&quot;background_background&quot;:&quot;classic&quot;}\">\n\t\t\t<div class=\"elementor-widget-wrap elementor-element-populated\">\n\t\t\t\t\t\t<div class=\"elementor-element elementor-element-76cee8f5 elementor-widget elementor-widget-heading\" data-id=\"76cee8f5\" data-element_type=\"widget\" data-e-type=\"widget\" data-widget_type=\"heading.default\">\n\t\t\t\t<div class=\"elementor-widget-container\">\n\t\t\t\t\t<h1 class=\"elementor-heading-title elementor-size-default\">RETIENS LA PLUIE<\/h1>\t\t\t\t<\/div>\n\t\t\t\t<\/div>\n\t\t\t\t<div class=\"elementor-element elementor-element-326582fc elementor-widget elementor-widget-heading\" data-id=\"326582fc\" data-element_type=\"widget\" data-e-type=\"widget\" data-widget_type=\"heading.default\">\n\t\t\t\t<div class=\"elementor-widget-container\">\n\t\t\t\t\t<h2 class=\"elementor-heading-title elementor-size-default\">Design Objet - Design d'espace<\/h2>\t\t\t\t<\/div>\n\t\t\t\t<\/div>\n\t\t\t\t\t<\/div>\n\t\t<\/div>\n\t\t\t\t\t<\/div>\n\t\t<\/section>\n\t\t\t\t<section class=\"elementor-section elementor-top-section elementor-element elementor-element-588285b9 elementor-section-full_width elementor-section-stretched elementor-section-height-default elementor-section-height-default\" data-id=\"588285b9\" data-element_type=\"section\" data-e-type=\"section\" data-settings=\"{&quot;background_background&quot;:&quot;classic&quot;,&quot;stretch_section&quot;:&quot;section-stretched&quot;}\">\n\t\t\t\t\t\t<div class=\"elementor-container elementor-column-gap-no\">\n\t\t\t\t\t<div class=\"elementor-column elementor-col-50 elementor-top-column elementor-element elementor-element-57013674\" data-id=\"57013674\" data-element_type=\"column\" data-e-type=\"column\" data-settings=\"{&quot;background_background&quot;:&quot;classic&quot;}\">\n\t\t\t<div class=\"elementor-widget-wrap elementor-element-populated\">\n\t\t\t\t\t\t<section class=\"elementor-section elementor-inner-section elementor-element elementor-element-22e3a25f elementor-section-boxed elementor-section-height-default elementor-section-height-default\" data-id=\"22e3a25f\" data-element_type=\"section\" data-e-type=\"section\">\n\t\t\t\t\t\t<div class=\"elementor-container elementor-column-gap-no\">\n\t\t\t\t\t<div class=\"elementor-column elementor-col-100 elementor-inner-column elementor-element elementor-element-6889890d\" data-id=\"6889890d\" data-element_type=\"column\" data-e-type=\"column\">\n\t\t\t<div class=\"elementor-widget-wrap elementor-element-populated\">\n\t\t\t\t\t\t<div class=\"elementor-element elementor-element-3e03142d elementor-widget elementor-widget-heading\" data-id=\"3e03142d\" data-element_type=\"widget\" data-e-type=\"widget\" data-widget_type=\"heading.default\">\n\t\t\t\t<div class=\"elementor-widget-container\">\n\t\t\t\t\t<h2 class=\"elementor-heading-title elementor-size-default\">Enjeu<\/h2>\t\t\t\t<\/div>\n\t\t\t\t<\/div>\n\t\t\t\t<div class=\"elementor-element elementor-element-7d341e44 elementor-widget elementor-widget-text-editor\" data-id=\"7d341e44\" data-element_type=\"widget\" data-e-type=\"widget\" data-widget_type=\"text-editor.default\">\n\t\t\t\t<div class=\"elementor-widget-container\">\n\t\t\t\t\t\t\t\t\t<p>Retiens la pluie est une proposition d\u2019<b>am\u00e9nagement urbain<\/b> utilisant les <b>mat\u00e9riaux intelligents<\/b> pour lutter contre les<b> ilots de chaleur<\/b>. Il vise \u00e0 \u00eatre install\u00e9 sur les places min\u00e9rales des centres\u2011villes \u2013 par exemple la Place Georges Pompidou \u00e0 Paris \u2013 qui sont sujettes \u00e0 d\u2019importantes augmentations de temp\u00e9rature en \u00e9t\u00e9. Il trouve son origine dans le fait que ces places manquent d\u2019ombre et surtout tendent \u00e0 \u00e9vacuer l\u2019<b>eau de pluie<\/b>, plut\u00f4t que de l\u2019utiliser pour abaisser la temp\u00e9rature locale.<\/p>\t\t\t\t\t\t\t\t<\/div>\n\t\t\t\t<\/div>\n\t\t\t\t\t<\/div>\n\t\t<\/div>\n\t\t\t\t\t<\/div>\n\t\t<\/section>\n\t\t\t\t\t<\/div>\n\t\t<\/div>\n\t\t\t\t<div class=\"elementor-column elementor-col-50 elementor-top-column elementor-element elementor-element-10b98d77\" data-id=\"10b98d77\" data-element_type=\"column\" data-e-type=\"column\">\n\t\t\t<div class=\"elementor-widget-wrap elementor-element-populated\">\n\t\t\t\t\t\t<section class=\"elementor-section elementor-inner-section elementor-element elementor-element-12d869a1 elementor-section-full_width elementor-section-content-middle elementor-section-height-default elementor-section-height-default\" data-id=\"12d869a1\" data-element_type=\"section\" data-e-type=\"section\" data-settings=\"{&quot;background_background&quot;:&quot;classic&quot;}\">\n\t\t\t\t\t\t<div class=\"elementor-container elementor-column-gap-no\">\n\t\t\t\t\t<div class=\"elementor-column elementor-col-100 elementor-inner-column elementor-element elementor-element-7839320\" data-id=\"7839320\" data-element_type=\"column\" data-e-type=\"column\">\n\t\t\t<div class=\"elementor-widget-wrap elementor-element-populated\">\n\t\t\t\t\t\t<div class=\"elementor-element elementor-element-2818011a elementor-widget elementor-widget-image\" data-id=\"2818011a\" data-element_type=\"widget\" data-e-type=\"widget\" data-widget_type=\"image.default\">\n\t\t\t\t<div class=\"elementor-widget-container\">\n\t\t\t\t\t\t\t\t\t\t\t\t\t\t\t<img fetchpriority=\"high\" decoding=\"async\" width=\"1024\" height=\"768\" src=\"https:\/\/fk-designer.com\/wp-content\/uploads\/2022\/02\/vue-du-haut-web-1024x768.jpg\" class=\"attachment-large size-large wp-image-968\" alt=\"vue du haut sur la place Georges Pompidou\" srcset=\"https:\/\/fk-designer.com\/wp-content\/uploads\/2022\/02\/vue-du-haut-web-1024x768.jpg 1024w, https:\/\/fk-designer.com\/wp-content\/uploads\/2022\/02\/vue-du-haut-web-300x225.jpg 300w, https:\/\/fk-designer.com\/wp-content\/uploads\/2022\/02\/vue-du-haut-web-768x576.jpg 768w, https:\/\/fk-designer.com\/wp-content\/uploads\/2022\/02\/vue-du-haut-web-1536x1152.jpg 1536w, https:\/\/fk-designer.com\/wp-content\/uploads\/2022\/02\/vue-du-haut-web-500x375.jpg 500w, https:\/\/fk-designer.com\/wp-content\/uploads\/2022\/02\/vue-du-haut-web-800x600.jpg 800w, https:\/\/fk-designer.com\/wp-content\/uploads\/2022\/02\/vue-du-haut-web-1280x960.jpg 1280w, https:\/\/fk-designer.com\/wp-content\/uploads\/2022\/02\/vue-du-haut-web.jpg 1920w\" sizes=\"(max-width: 1024px) 100vw, 1024px\" \/>\t\t\t\t\t\t\t\t\t\t\t\t\t\t\t<\/div>\n\t\t\t\t<\/div>\n\t\t\t\t\t<\/div>\n\t\t<\/div>\n\t\t\t\t\t<\/div>\n\t\t<\/section>\n\t\t\t\t\t<\/div>\n\t\t<\/div>\n\t\t\t\t\t<\/div>\n\t\t<\/section>\n\t\t\t\t<section class=\"elementor-section elementor-top-section elementor-element elementor-element-6ce2e152 elementor-section-full_width elementor-section-height-default elementor-section-height-default\" data-id=\"6ce2e152\" data-element_type=\"section\" data-e-type=\"section\" data-settings=\"{&quot;background_background&quot;:&quot;classic&quot;}\">\n\t\t\t\t\t\t<div class=\"elementor-container elementor-column-gap-no\">\n\t\t\t\t\t<div class=\"elementor-column elementor-col-100 elementor-top-column elementor-element elementor-element-fe87097\" data-id=\"fe87097\" data-element_type=\"column\" data-e-type=\"column\">\n\t\t\t<div class=\"elementor-widget-wrap elementor-element-populated\">\n\t\t\t\t\t\t<section class=\"elementor-section elementor-inner-section elementor-element elementor-element-4387f8ac elementor-section-boxed elementor-section-height-default elementor-section-height-default\" data-id=\"4387f8ac\" data-element_type=\"section\" data-e-type=\"section\">\n\t\t\t\t\t\t<div class=\"elementor-container elementor-column-gap-default\">\n\t\t\t\t\t<div class=\"elementor-column elementor-col-50 elementor-inner-column elementor-element elementor-element-4ae5f76d\" data-id=\"4ae5f76d\" data-element_type=\"column\" data-e-type=\"column\">\n\t\t\t<div class=\"elementor-widget-wrap elementor-element-populated\">\n\t\t\t\t\t\t<div class=\"elementor-element elementor-element-64267efe elementor-widget elementor-widget-image\" data-id=\"64267efe\" data-element_type=\"widget\" data-e-type=\"widget\" data-widget_type=\"image.default\">\n\t\t\t\t<div class=\"elementor-widget-container\">\n\t\t\t\t\t\t\t\t\t\t\t\t\t\t\t<img decoding=\"async\" src=\"https:\/\/fk-designer.com\/wp-content\/uploads\/2022\/02\/toutes-les-phases.png\" title=\"toutes les phases\" alt=\"toutes les phases de d\u00e9ploiement de l&#039;ombrelle\" loading=\"lazy\" \/>\t\t\t\t\t\t\t\t\t\t\t\t\t\t\t<\/div>\n\t\t\t\t<\/div>\n\t\t\t\t\t<\/div>\n\t\t<\/div>\n\t\t\t\t<div class=\"elementor-column elementor-col-50 elementor-inner-column elementor-element elementor-element-50c4fe2\" data-id=\"50c4fe2\" data-element_type=\"column\" data-e-type=\"column\">\n\t\t\t<div class=\"elementor-widget-wrap elementor-element-populated\">\n\t\t\t\t\t\t<div class=\"elementor-element elementor-element-2f313a7c elementor-widget elementor-widget-image\" data-id=\"2f313a7c\" data-element_type=\"widget\" data-e-type=\"widget\" data-widget_type=\"image.default\">\n\t\t\t\t<div class=\"elementor-widget-container\">\n\t\t\t\t\t\t\t\t\t\t\t\t\t\t\t<img decoding=\"async\" width=\"1024\" height=\"1024\" src=\"https:\/\/fk-designer.com\/wp-content\/uploads\/2022\/02\/vue-de-cote-avec-genscarre.svg\" class=\"attachment-large size-large wp-image-969\" alt=\"dessin de c\u00f4t\u00e9 avec personnes assises\" \/>\t\t\t\t\t\t\t\t\t\t\t\t\t\t\t<\/div>\n\t\t\t\t<\/div>\n\t\t\t\t\t<\/div>\n\t\t<\/div>\n\t\t\t\t\t<\/div>\n\t\t<\/section>\n\t\t\t\t\t<\/div>\n\t\t<\/div>\n\t\t\t\t\t<\/div>\n\t\t<\/section>\n\t\t\t\t<section class=\"elementor-section elementor-top-section elementor-element elementor-element-bea44dd elementor-section-full_width elementor-section-stretched elementor-section-height-default elementor-section-height-default\" data-id=\"bea44dd\" data-element_type=\"section\" data-e-type=\"section\" data-settings=\"{&quot;background_background&quot;:&quot;classic&quot;,&quot;stretch_section&quot;:&quot;section-stretched&quot;}\">\n\t\t\t\t\t\t<div class=\"elementor-container elementor-column-gap-no\">\n\t\t\t\t\t<div class=\"elementor-column elementor-col-50 elementor-top-column elementor-element elementor-element-68b2a1b5\" data-id=\"68b2a1b5\" data-element_type=\"column\" data-e-type=\"column\" data-settings=\"{&quot;background_background&quot;:&quot;classic&quot;}\">\n\t\t\t<div class=\"elementor-widget-wrap elementor-element-populated\">\n\t\t\t\t\t\t<section class=\"elementor-section elementor-inner-section elementor-element elementor-element-3e7d0151 elementor-section-boxed elementor-section-height-default elementor-section-height-default\" data-id=\"3e7d0151\" data-element_type=\"section\" data-e-type=\"section\">\n\t\t\t\t\t\t<div class=\"elementor-container elementor-column-gap-no\">\n\t\t\t\t\t<div class=\"elementor-column elementor-col-100 elementor-inner-column elementor-element elementor-element-2efa2d1e\" data-id=\"2efa2d1e\" data-element_type=\"column\" data-e-type=\"column\">\n\t\t\t<div class=\"elementor-widget-wrap elementor-element-populated\">\n\t\t\t\t\t\t<div class=\"elementor-element elementor-element-575a51fd elementor-widget elementor-widget-heading\" data-id=\"575a51fd\" data-element_type=\"widget\" data-e-type=\"widget\" data-widget_type=\"heading.default\">\n\t\t\t\t<div class=\"elementor-widget-container\">\n\t\t\t\t\t<h2 class=\"elementor-heading-title elementor-size-default\">Projet<\/h2>\t\t\t\t<\/div>\n\t\t\t\t<\/div>\n\t\t\t\t<div class=\"elementor-element elementor-element-5b8e266d elementor-widget elementor-widget-text-editor\" data-id=\"5b8e266d\" data-element_type=\"widget\" data-e-type=\"widget\" data-widget_type=\"text-editor.default\">\n\t\t\t\t<div class=\"elementor-widget-container\">\n\t\t\t\t\t\t\t\t\t<p>Quand il n\u2019est pas possible de planter des arbres, ce projet place lui des<strong> ilots de fraicheur par\u00e9s d\u2019ombrelles<\/strong> sur la Place Georges Pompidou. Il ne s\u2019agit toutefois pas d\u2019ombrelles communes, puisque leur forme change d\u00e8s qu\u2019il pleut dans une <strong>cin\u00e9matique<\/strong> rendue possible par l\u2019utilisation de mat\u00e9riaux intelligents. Ainsi m\u00e9tamorphos\u00e9s, ces \u00e9l\u00e9ments <strong>recueillent<\/strong> l\u2019eau de pluie, et la diffusent par <strong>brumisation<\/strong>. Ces ombrelles ont \u00e9t\u00e9 mod\u00e9lis\u00e9es en 3D ainsi qu\u2019en <strong>maquette fonctionnelle<\/strong>, laquelle utilise un mat\u00e9riau intelligent, le nitinol, lui conf\u00e9rant l\u2019aptitude de se recroqueviller en cas de pluie.<\/p>\t\t\t\t\t\t\t\t<\/div>\n\t\t\t\t<\/div>\n\t\t\t\t\t<\/div>\n\t\t<\/div>\n\t\t\t\t\t<\/div>\n\t\t<\/section>\n\t\t\t\t\t<\/div>\n\t\t<\/div>\n\t\t\t\t<div class=\"elementor-column elementor-col-50 elementor-top-column elementor-element elementor-element-9cf8048\" data-id=\"9cf8048\" data-element_type=\"column\" data-e-type=\"column\">\n\t\t\t<div class=\"elementor-widget-wrap elementor-element-populated\">\n\t\t\t\t\t\t<section class=\"elementor-section elementor-inner-section elementor-element elementor-element-3d1394b9 elementor-section-full_width elementor-section-content-middle elementor-section-height-default elementor-section-height-default\" data-id=\"3d1394b9\" data-element_type=\"section\" data-e-type=\"section\" data-settings=\"{&quot;background_background&quot;:&quot;slideshow&quot;,&quot;background_slideshow_gallery&quot;:[{&quot;id&quot;:1928,&quot;url&quot;:&quot;https:\\\/\\\/fk-designer.com\\\/wp-content\\\/uploads\\\/2022\\\/07\\\/bas-soleil_web.jpg&quot;},{&quot;id&quot;:1929,&quot;url&quot;:&quot;https:\\\/\\\/fk-designer.com\\\/wp-content\\\/uploads\\\/2022\\\/07\\\/bas-sombre_web.jpg&quot;},{&quot;id&quot;:1927,&quot;url&quot;:&quot;https:\\\/\\\/fk-designer.com\\\/wp-content\\\/uploads\\\/2022\\\/07\\\/bas-pluie-faible_web.jpg&quot;},{&quot;id&quot;:1934,&quot;url&quot;:&quot;https:\\\/\\\/fk-designer.com\\\/wp-content\\\/uploads\\\/2022\\\/07\\\/mi-bas-pluie_web.jpg&quot;},{&quot;id&quot;:1935,&quot;url&quot;:&quot;https:\\\/\\\/fk-designer.com\\\/wp-content\\\/uploads\\\/2022\\\/07\\\/mi-haut-pluie_web.jpg&quot;},{&quot;id&quot;:1930,&quot;url&quot;:&quot;https:\\\/\\\/fk-designer.com\\\/wp-content\\\/uploads\\\/2022\\\/07\\\/haut-pluie_web.jpg&quot;},{&quot;id&quot;:1933,&quot;url&quot;:&quot;https:\\\/\\\/fk-designer.com\\\/wp-content\\\/uploads\\\/2022\\\/07\\\/haut-sombre_web.jpg&quot;},{&quot;id&quot;:1931,&quot;url&quot;:&quot;https:\\\/\\\/fk-designer.com\\\/wp-content\\\/uploads\\\/2022\\\/07\\\/haut-soleil_brume_web.jpg&quot;},{&quot;id&quot;:1932,&quot;url&quot;:&quot;https:\\\/\\\/fk-designer.com\\\/wp-content\\\/uploads\\\/2022\\\/07\\\/haut-soleil_web.jpg&quot;}],&quot;background_slideshow_slide_duration&quot;:1000,&quot;background_slideshow_transition_duration&quot;:0,&quot;background_slideshow_lazyload&quot;:&quot;yes&quot;,&quot;background_slideshow_loop&quot;:&quot;yes&quot;,&quot;background_slideshow_slide_transition&quot;:&quot;fade&quot;}\">\n\t\t\t\t\t\t<div class=\"elementor-container elementor-column-gap-no\">\n\t\t\t\t\t<div class=\"elementor-column elementor-col-100 elementor-inner-column elementor-element elementor-element-679296e3\" data-id=\"679296e3\" data-element_type=\"column\" data-e-type=\"column\">\n\t\t\t<div class=\"elementor-widget-wrap elementor-element-populated\">\n\t\t\t\t\t\t<div class=\"elementor-element elementor-element-330a0108 elementor-widget elementor-widget-image\" data-id=\"330a0108\" data-element_type=\"widget\" data-e-type=\"widget\" data-widget_type=\"image.default\">\n\t\t\t\t<div class=\"elementor-widget-container\">\n\t\t\t\t\t\t\t\t\t\t\t\t\t\t\t<img decoding=\"async\" width=\"1024\" height=\"512\" src=\"https:\/\/fk-designer.com\/wp-content\/uploads\/2022\/02\/coupe-tech-replie-e1645007924718-1024x512.jpg\" class=\"attachment-large size-large wp-image-970\" alt=\"vue en coup du dispositif\" srcset=\"https:\/\/fk-designer.com\/wp-content\/uploads\/2022\/02\/coupe-tech-replie-e1645007924718-1024x512.jpg 1024w, https:\/\/fk-designer.com\/wp-content\/uploads\/2022\/02\/coupe-tech-replie-e1645007924718-300x150.jpg 300w, https:\/\/fk-designer.com\/wp-content\/uploads\/2022\/02\/coupe-tech-replie-e1645007924718-768x384.jpg 768w, https:\/\/fk-designer.com\/wp-content\/uploads\/2022\/02\/coupe-tech-replie-e1645007924718-1536x768.jpg 1536w, https:\/\/fk-designer.com\/wp-content\/uploads\/2022\/02\/coupe-tech-replie-e1645007924718-500x250.jpg 500w, https:\/\/fk-designer.com\/wp-content\/uploads\/2022\/02\/coupe-tech-replie-e1645007924718-800x400.jpg 800w, https:\/\/fk-designer.com\/wp-content\/uploads\/2022\/02\/coupe-tech-replie-e1645007924718-1280x640.jpg 1280w, https:\/\/fk-designer.com\/wp-content\/uploads\/2022\/02\/coupe-tech-replie-e1645007924718.jpg 1539w\" sizes=\"(max-width: 1024px) 100vw, 1024px\" \/>\t\t\t\t\t\t\t\t\t\t\t\t\t\t\t<\/div>\n\t\t\t\t<\/div>\n\t\t\t\t\t<\/div>\n\t\t<\/div>\n\t\t\t\t\t<\/div>\n\t\t<\/section>\n\t\t\t\t\t<\/div>\n\t\t<\/div>\n\t\t\t\t\t<\/div>\n\t\t<\/section>\n\t\t\t\t<section class=\"elementor-section elementor-top-section elementor-element elementor-element-40fe6eb8 elementor-section-full_width elementor-section-height-default elementor-section-height-default\" data-id=\"40fe6eb8\" data-element_type=\"section\" data-e-type=\"section\" data-settings=\"{&quot;background_background&quot;:&quot;classic&quot;}\">\n\t\t\t\t\t\t<div class=\"elementor-container elementor-column-gap-no\">\n\t\t\t\t\t<div class=\"elementor-column elementor-col-100 elementor-top-column elementor-element elementor-element-16eb15\" data-id=\"16eb15\" data-element_type=\"column\" data-e-type=\"column\">\n\t\t\t<div class=\"elementor-widget-wrap elementor-element-populated\">\n\t\t\t\t\t\t<section class=\"elementor-section elementor-inner-section elementor-element elementor-element-3b93f12e elementor-section-boxed elementor-section-height-default elementor-section-height-default\" data-id=\"3b93f12e\" data-element_type=\"section\" data-e-type=\"section\">\n\t\t\t\t\t\t<div class=\"elementor-container elementor-column-gap-default\">\n\t\t\t\t\t<div class=\"elementor-column elementor-col-50 elementor-inner-column elementor-element elementor-element-e172ea4\" data-id=\"e172ea4\" data-element_type=\"column\" data-e-type=\"column\">\n\t\t\t<div class=\"elementor-widget-wrap elementor-element-populated\">\n\t\t\t\t\t\t<div class=\"elementor-element elementor-element-5b406673 elementor-widget elementor-widget-image\" data-id=\"5b406673\" data-element_type=\"widget\" data-e-type=\"widget\" data-widget_type=\"image.default\">\n\t\t\t\t<div class=\"elementor-widget-container\">\n\t\t\t\t\t\t\t\t\t\t\t\t\t\t\t<img decoding=\"async\" src=\"https:\/\/fk-designer.com\/wp-content\/uploads\/2022\/02\/IMG_20191210_122232-web.jpg\" title=\"cof\" alt=\"maquette de l&#039;ombrelle\" loading=\"lazy\" \/>\t\t\t\t\t\t\t\t\t\t\t\t\t\t\t<\/div>\n\t\t\t\t<\/div>\n\t\t\t\t\t<\/div>\n\t\t<\/div>\n\t\t\t\t<div class=\"elementor-column elementor-col-50 elementor-inner-column elementor-element elementor-element-21b8bb89\" data-id=\"21b8bb89\" data-element_type=\"column\" data-e-type=\"column\">\n\t\t\t<div class=\"elementor-widget-wrap elementor-element-populated\">\n\t\t\t\t\t\t<div class=\"elementor-element elementor-element-292d9421 elementor-widget elementor-widget-image\" data-id=\"292d9421\" data-element_type=\"widget\" data-e-type=\"widget\" data-widget_type=\"image.default\">\n\t\t\t\t<div class=\"elementor-widget-container\">\n\t\t\t\t\t\t\t\t\t\t\t\t\t\t\t<img loading=\"lazy\" decoding=\"async\" width=\"1536\" height=\"768\" src=\"https:\/\/fk-designer.com\/wp-content\/uploads\/2022\/02\/coupe-tech-replie-e1645007924718-1536x768.jpg\" class=\"attachment-1536x1536 size-1536x1536 wp-image-970\" alt=\"vue en coup du dispositif\" srcset=\"https:\/\/fk-designer.com\/wp-content\/uploads\/2022\/02\/coupe-tech-replie-e1645007924718-1536x768.jpg 1536w, https:\/\/fk-designer.com\/wp-content\/uploads\/2022\/02\/coupe-tech-replie-e1645007924718-300x150.jpg 300w, https:\/\/fk-designer.com\/wp-content\/uploads\/2022\/02\/coupe-tech-replie-e1645007924718-1024x512.jpg 1024w, https:\/\/fk-designer.com\/wp-content\/uploads\/2022\/02\/coupe-tech-replie-e1645007924718-768x384.jpg 768w, https:\/\/fk-designer.com\/wp-content\/uploads\/2022\/02\/coupe-tech-replie-e1645007924718-500x250.jpg 500w, https:\/\/fk-designer.com\/wp-content\/uploads\/2022\/02\/coupe-tech-replie-e1645007924718-800x400.jpg 800w, https:\/\/fk-designer.com\/wp-content\/uploads\/2022\/02\/coupe-tech-replie-e1645007924718-1280x640.jpg 1280w, https:\/\/fk-designer.com\/wp-content\/uploads\/2022\/02\/coupe-tech-replie-e1645007924718.jpg 1539w\" sizes=\"(max-width: 1536px) 100vw, 1536px\" \/>\t\t\t\t\t\t\t\t\t\t\t\t\t\t\t<\/div>\n\t\t\t\t<\/div>\n\t\t\t\t\t<\/div>\n\t\t<\/div>\n\t\t\t\t\t<\/div>\n\t\t<\/section>\n\t\t\t\t\t<\/div>\n\t\t<\/div>\n\t\t\t\t\t<\/div>\n\t\t<\/section>\n\t\t\t\t<\/div>\n\t\t","protected":false},"excerpt":{"rendered":"<p>RETIENS LA PLUIE Design Objet &#8211; Design d&rsquo;espace Enjeu Retiens la pluie est une proposition d\u2019am\u00e9nagement urbain utilisant les mat\u00e9riaux intelligents pour lutter contre les ilots de chaleur. Il vise \u00e0 \u00eatre install\u00e9 sur les places min\u00e9rales des centres\u2011villes \u2013 par exemple la Place Georges Pompidou \u00e0 Paris \u2013 qui sont sujettes \u00e0 d\u2019importantes augmentations [&hellip;]<\/p>\n","protected":false},"author":1,"featured_media":962,"parent":0,"menu_order":5,"comment_status":"closed","ping_status":"closed","template":"","meta":{"_seopress_robots_primary_cat":"","_seopress_titles_title":"Projet Retiens la pluie - FK DESIGNER","_seopress_titles_desc":"Retiens la pluie est une proposition d\u2019am\u00e9nagement urbain utilisant les mat\u00e9riaux intelligents pour lutter contre les ilots de chaleur. ","_seopress_robots_index":"","inline_featured_image":false,"site-sidebar-layout":"no-sidebar","site-content-layout":"page-builder","ast-site-content-layout":"","site-content-style":"default","site-sidebar-style":"default","ast-global-header-display":"","ast-banner-title-visibility":"","ast-main-header-display":"","ast-hfb-above-header-display":"","ast-hfb-below-header-display":"","ast-hfb-mobile-header-display":"","site-post-title":"disabled","ast-breadcrumbs-content":"","ast-featured-img":"disabled","footer-sml-layout":"","theme-transparent-header-meta":"","adv-header-id-meta":"","stick-header-meta":"","header-above-stick-meta":"","header-main-stick-meta":"","header-below-stick-meta":"","astra-migrate-meta-layouts":"default","ast-page-background-enabled":"default","ast-page-background-meta":{"desktop":{"background-color":"","background-image":"","background-repeat":"repeat","background-position":"center center","background-size":"auto","background-attachment":"scroll","background-type":"","background-media":"","overlay-type":"","overlay-color":"","overlay-opacity":"","overlay-gradient":""},"tablet":{"background-color":"","background-image":"","background-repeat":"repeat","background-position":"center center","background-size":"auto","background-attachment":"scroll","background-type":"","background-media":"","overlay-type":"","overlay-color":"","overlay-opacity":"","overlay-gradient":""},"mobile":{"background-color":"","background-image":"","background-repeat":"repeat","background-position":"center center","background-size":"auto","background-attachment":"scroll","background-type":"","background-media":"","overlay-type":"","overlay-color":"","overlay-opacity":"","overlay-gradient":""}},"ast-content-background-meta":{"desktop":{"background-color":"var(--ast-global-color-5)","background-image":"","background-repeat":"repeat","background-position":"center center","background-size":"auto","background-attachment":"scroll","background-type":"","background-media":"","overlay-type":"","overlay-color":"","overlay-opacity":"","overlay-gradient":""},"tablet":{"background-color":"var(--ast-global-color-5)","background-image":"","background-repeat":"repeat","background-position":"center center","background-size":"auto","background-attachment":"scroll","background-type":"","background-media":"","overlay-type":"","overlay-color":"","overlay-opacity":"","overlay-gradient":""},"mobile":{"background-color":"var(--ast-global-color-5)","background-image":"","background-repeat":"repeat","background-position":"center center","background-size":"auto","background-attachment":"scroll","background-type":"","background-media":"","overlay-type":"","overlay-color":"","overlay-opacity":"","overlay-gradient":""}},"_vp_format_video_url":"","_vp_image_focal_point":[],"footnotes":""},"categories":[23],"tags":[19],"class_list":["post-959","page","type-page","status-publish","has-post-thumbnail","hentry","category-portfolio","tag-portfolio"],"_links":{"self":[{"href":"https:\/\/fk-designer.com\/index.php\/wp-json\/wp\/v2\/pages\/959","targetHints":{"allow":["GET"]}}],"collection":[{"href":"https:\/\/fk-designer.com\/index.php\/wp-json\/wp\/v2\/pages"}],"about":[{"href":"https:\/\/fk-designer.com\/index.php\/wp-json\/wp\/v2\/types\/page"}],"author":[{"embeddable":true,"href":"https:\/\/fk-designer.com\/index.php\/wp-json\/wp\/v2\/users\/1"}],"replies":[{"embeddable":true,"href":"https:\/\/fk-designer.com\/index.php\/wp-json\/wp\/v2\/comments?post=959"}],"version-history":[{"count":20,"href":"https:\/\/fk-designer.com\/index.php\/wp-json\/wp\/v2\/pages\/959\/revisions"}],"predecessor-version":[{"id":1949,"href":"https:\/\/fk-designer.com\/index.php\/wp-json\/wp\/v2\/pages\/959\/revisions\/1949"}],"wp:featuredmedia":[{"embeddable":true,"href":"https:\/\/fk-designer.com\/index.php\/wp-json\/wp\/v2\/media\/962"}],"wp:attachment":[{"href":"https:\/\/fk-designer.com\/index.php\/wp-json\/wp\/v2\/media?parent=959"}],"wp:term":[{"taxonomy":"category","embeddable":true,"href":"https:\/\/fk-designer.com\/index.php\/wp-json\/wp\/v2\/categories?post=959"},{"taxonomy":"post_tag","embeddable":true,"href":"https:\/\/fk-designer.com\/index.php\/wp-json\/wp\/v2\/tags?post=959"}],"curies":[{"name":"wp","href":"https:\/\/api.w.org\/{rel}","templated":true}]}}